{"id":110407,"date":"2020-03-10T12:15:35","date_gmt":"2020-03-10T12:15:35","guid":{"rendered":"https:\/\/www.3p-gmbh.de\/produkt\/baumann-nup-650-stabellift\/"},"modified":"2020-03-10T12:15:35","modified_gmt":"2020-03-10T12:15:35","slug":"baumann-nup-650-stabellift","status":"publish","type":"product","link":"https:\/\/www.3p-gmbh.de\/da\/produkt\/baumann-nup-650-stabellift\/","title":{"rendered":"Baumann NUP 650 stabellift"},"content":{"rendered":"<p>Stabelbare lifte g\u00f8r det nemt at arbejde i en behagelig arbejdsh\u00f8jde.<br \/>\nH\u00f8j produktivitet takket v\u00e6re hurtige palleskift (h\u00f8j<br \/>\ns\u00e6nkningshastighed)<br \/>\nFleksibel brug (mobil p\u00e5 drejelige hjul) kan bruges p\u00e5<br \/>\nforskellige arbejdsstationer (f.eks. sk\u00e6remaskine, foldemaskine)<\/p>\n<p>Tekniske data<br \/>\n&#8211; Mobil p\u00e5 drejelige hjul<br \/>\n&#8211; Indvendige m\u00e5l p\u00e5 bakken ca. 785 x 1150 mm<br \/>\n&#8211; L\u00f8fteh\u00f8jde op til 1000 mm<br \/>\n&#8211; Maks. belastningskapacitet kg 650<br \/>\n&#8211; H\u00f8jdejusterbar fotocelle til automatisk justering af arbejdsh\u00f8jden<\/p>\n","protected":false},"excerpt":{"rendered":"<p>Stabelbare lifte g\u00f8r det nemt at arbejde i en behagelig arbejdsh\u00f8jde. H\u00f8j produktivitet takket v\u00e6re hurtige palleskift (h\u00f8j s\u00e6nkningshastighed) Fleksibel brug (mobil p\u00e5 drejelige hjul) kan bruges p\u00e5 forskellige arbejdsstationer (f.eks. sk\u00e6remaskine, foldemaskine) Tekniske data &#8211; Mobil p\u00e5 drejelige hjul &#8211; Indvendige m\u00e5l p\u00e5 bakken ca. 785 x 1150 mm &#8211; L\u00f8fteh\u00f8jde op til 1000 [&hellip;]<\/p>\n","protected":false},"featured_media":110412,"template":"","meta":[],"product_brand":[],"product_cat":[3320],"product_tag":[],"class_list":{"0":"post-110407","1":"product","2":"type-product","3":"status-publish","4":"has-post-thumbnail","6":"product_cat-stableloeftere-og-stableloeftere","7":"pa_hersteller-baumann","8":"pa_typ-nup-650","10":"first","11":"instock","12":"taxable","13":"shipping-taxable","14":"purchasable","15":"product-type-simple"},"jetpack_sharing_enabled":true,"_links":{"self":[{"href":"https:\/\/www.3p-gmbh.de\/da\/wp-json\/wp\/v2\/product\/110407","targetHints":{"allow":["GET"]}}],"collection":[{"href":"https:\/\/www.3p-gmbh.de\/da\/wp-json\/wp\/v2\/product"}],"about":[{"href":"https:\/\/www.3p-gmbh.de\/da\/wp-json\/wp\/v2\/types\/product"}],"wp:featuredmedia":[{"embeddable":true,"href":"https:\/\/www.3p-gmbh.de\/da\/wp-json\/wp\/v2\/media\/110412"}],"wp:attachment":[{"href":"https:\/\/www.3p-gmbh.de\/da\/wp-json\/wp\/v2\/media?parent=110407"}],"wp:term":[{"taxonomy":"product_brand","embeddable":true,"href":"https:\/\/www.3p-gmbh.de\/da\/wp-json\/wp\/v2\/product_brand?post=110407"},{"taxonomy":"product_cat","embeddable":true,"href":"https:\/\/www.3p-gmbh.de\/da\/wp-json\/wp\/v2\/product_cat?post=110407"},{"taxonomy":"product_tag","embeddable":true,"href":"https:\/\/www.3p-gmbh.de\/da\/wp-json\/wp\/v2\/product_tag?post=110407"}],"curies":[{"name":"wp","href":"https:\/\/api.w.org\/{rel}","templated":true}]}}