{"id":110293,"date":"2020-03-11T09:29:29","date_gmt":"2020-03-11T09:29:29","guid":{"rendered":"https:\/\/www.3p-gmbh.de\/produkt\/bickel-hk-3-90-med-baandtilfoersel-motoriseret-rille-og-perforeringsmaskine\/"},"modified":"2020-03-11T09:29:29","modified_gmt":"2020-03-11T09:29:29","slug":"bickel-hk-3-90-med-baandtilfoersel-motoriseret-rille-og-perforeringsmaskine","status":"publish","type":"product","link":"https:\/\/www.3p-gmbh.de\/da\/produkt\/bickel-hk-3-90-med-baandtilfoersel-motoriseret-rille-og-perforeringsmaskine\/","title":{"rendered":"Bickel HK 3-90 med b\u00e5ndtilf\u00f8rsel &#8211; Motoriseret rille- og perforeringsmaskine"},"content":{"rendered":"<p>Indsatsbredde 90 cm<\/p>\n<p>Denne maskine med en arbejdsbredde p\u00e5 90 cm bruges til \u00f8konomisk perforerings- eller rillearbejde.<br \/>\nStanseprocessen udf\u00f8res via en elektrisk styret, fodbetjent kobling.<br \/>\nDet giver begge h\u00e6nder fri til at placere og justere buerne.<br \/>\nDe drevne b\u00e6lter i udl\u00f8bet \u00f8ger produktiviteten.<\/p>\n<p>En perforeringskam og et indbygget rillev\u00e6rkt\u00f8j f\u00e5s som tilbeh\u00f8r.<br \/>\nog forskellige angreb.<\/p>\n<p>Yderligere v\u00e6rkt\u00f8jer f\u00e5s p\u00e5 foresp\u00f8rgsel.<\/p>\n","protected":false},"excerpt":{"rendered":"<p>Indsatsbredde 90 cm Denne maskine med en arbejdsbredde p\u00e5 90 cm bruges til \u00f8konomisk perforerings- eller rillearbejde. Stanseprocessen udf\u00f8res via en elektrisk styret, fodbetjent kobling. Det giver begge h\u00e6nder fri til at placere og justere buerne. De drevne b\u00e6lter i udl\u00f8bet \u00f8ger produktiviteten. En perforeringskam og et indbygget rillev\u00e6rkt\u00f8j f\u00e5s som tilbeh\u00f8r. og forskellige angreb. [&hellip;]<\/p>\n","protected":false},"featured_media":110301,"template":"","meta":[],"product_brand":[],"product_cat":[3386],"product_tag":[],"class_list":{"0":"post-110293","1":"product","2":"type-product","3":"status-publish","4":"has-post-thumbnail","6":"product_cat-rille-og-perforeringsmaskiner","7":"pa_hersteller-bickel","8":"pa_typ-hk-3-90","10":"first","11":"instock","12":"taxable","13":"shipping-taxable","14":"purchasable","15":"product-type-simple"},"jetpack_sharing_enabled":true,"_links":{"self":[{"href":"https:\/\/www.3p-gmbh.de\/da\/wp-json\/wp\/v2\/product\/110293","targetHints":{"allow":["GET"]}}],"collection":[{"href":"https:\/\/www.3p-gmbh.de\/da\/wp-json\/wp\/v2\/product"}],"about":[{"href":"https:\/\/www.3p-gmbh.de\/da\/wp-json\/wp\/v2\/types\/product"}],"wp:featuredmedia":[{"embeddable":true,"href":"https:\/\/www.3p-gmbh.de\/da\/wp-json\/wp\/v2\/media\/110301"}],"wp:attachment":[{"href":"https:\/\/www.3p-gmbh.de\/da\/wp-json\/wp\/v2\/media?parent=110293"}],"wp:term":[{"taxonomy":"product_brand","embeddable":true,"href":"https:\/\/www.3p-gmbh.de\/da\/wp-json\/wp\/v2\/product_brand?post=110293"},{"taxonomy":"product_cat","embeddable":true,"href":"https:\/\/www.3p-gmbh.de\/da\/wp-json\/wp\/v2\/product_cat?post=110293"},{"taxonomy":"product_tag","embeddable":true,"href":"https:\/\/www.3p-gmbh.de\/da\/wp-json\/wp\/v2\/product_tag?post=110293"}],"curies":[{"name":"wp","href":"https:\/\/api.w.org\/{rel}","templated":true}]}}