{"id":110022,"date":"2020-04-03T11:49:23","date_gmt":"2020-04-03T11:49:23","guid":{"rendered":"https:\/\/www.3p-gmbh.de\/produkt\/polar-92-xt-hoejhastighedsskaerelinje-med-ra-2-vibrator-lw-450-lift-ekstraudstyr-og-taellevaegte\/"},"modified":"2020-04-03T11:49:23","modified_gmt":"2020-04-03T11:49:23","slug":"polar-92-xt-hoejhastighedsskaerelinje-med-ra-2-vibrator-lw-450-lift-ekstraudstyr-og-taellevaegte","status":"publish","type":"product","link":"https:\/\/www.3p-gmbh.de\/da\/produkt\/polar-92-xt-hoejhastighedsskaerelinje-med-ra-2-vibrator-lw-450-lift-ekstraudstyr-og-taellevaegte\/","title":{"rendered":"Polar 92 XT h\u00f8jhastighedssk\u00e6relinje med RA-2-vibrator, LW 450-lift (ekstraudstyr) og t\u00e6llev\u00e6gte"},"content":{"rendered":"<p>H\u00f8jhastighedssk\u00e6rer Polar 92 XT<br \/>\nBygge\u00e5r 2007<br \/>\nkun 840.707 nedsk\u00e6ringer<\/p>\n<p>&#8211; Klippebredde: 92 cm<br \/>\n&#8211; XT Touch-programstyring<br \/>\n&#8211; Lysbarriere,<br \/>\n&#8211; Forkromet luftbord<br \/>\n&#8211; forkromede luftborde venstre &amp; h\u00f8jre 75x75cm<br \/>\n&#8211; Bagside af bord<br \/>\n&#8211; 2 knive<\/p>\n<p>Tilstand: Velholdt<br \/>\numiddelbart tilg\u00e6ngelig<\/p>\n<p>Automatisk rystepudser Polar RA-2 med luftspredningsvalse og pneumatiske foldestop<br \/>\nfra Bj. 2005<br \/>\nN\u00e5r vibrationsprocessen er f\u00e6rdig, presses luften ud af sk\u00e6relaget.<br \/>\nDu kan sprede en eller to gange, hvor pressetrykket i den f\u00f8rste spredeproces kan justeres, og hvis bordet vippes, kan du ogs\u00e5 &#8220;sprede imellem&#8221;.<br \/>\nBordplade i rustfrit st\u00e5l 72 x 87 cm<br \/>\nLagh\u00f8jde min. 30 mm<br \/>\nMand i lagh\u00f8jde. 165 mm<br \/>\nBordh\u00f8jde 860 &#8211; 950 mm<br \/>\nTrykluftbehov ved 6 &#8211; 8 bar ca. 2 liter\/min.<br \/>\nTilstand: Velholdt<br \/>\numiddelbart tilg\u00e6ngelig<\/p>\n<p>Mod et ekstra gebyr tilbyder vi fra lager<br \/>\nPladev\u00e6gte &#8211; Avery Weigh-Tronix t\u00e6llev\u00e6gte til Polar Mohr RA-2 eller RA-4 vibratorer<br \/>\nfra Bj. 2011<br \/>\ntil at skabe pr\u00e6cise sk\u00e6repositioner<\/p>\n<p>Polar Mohr stabellift Polar LW 450 &#8211; 1<br \/>\nfra 2005<br \/>\nVed automatisk at l\u00f8fte det materiale, der skal sk\u00e6res, kan operat\u00f8ren arbejde i en position, der er bekvem for ham.<br \/>\nergonomisk gunstig arbejdsh\u00f8jde materialet ind i den automatiske jogger eller direkte ind i<br \/>\nL\u00e6g maskinen i.<br \/>\nMen stabelliften kan ogs\u00e5 bruges til at afstable afsk\u00e5rne varer.<\/p>\n<p>Stabelbare lifte beh\u00f8ver ikke at v\u00e6re forankret i gulvet og kan derfor nemt flyttes.<br \/>\nDe er udstyret med trinl\u00f8st justerbare reflekslysbarrierer til automatisk l\u00f8ft eller s\u00e6nkning.<\/p>\n<p>Tekniske data<br \/>\nBakke (indvendige m\u00e5l) cm 62 x 90<br \/>\nSlagl\u00e6ngde op til cm 85<br \/>\nH\u00f8jde (med maks. slagl\u00e6ngde) cm 150 (196)<br \/>\nMaks. belastningskapacitet kg 450<\/p>\n","protected":false},"excerpt":{"rendered":"<p><a href=\"https:\/\/www.3p-gmbh.de\/wp-content\/uploads\/2020\/04\/06_Produktblatt_POLAR-92_dt_01.2010.pdf\">06_Produktblatt_POLAR-92_dt_01.2010<\/a><\/p>\n","protected":false},"featured_media":110023,"template":"","meta":[],"product_brand":[],"product_cat":[3302],"product_tag":[],"class_list":{"0":"post-110022","1":"product","2":"type-product","3":"status-publish","4":"has-post-thumbnail","6":"product_cat-skaeremaskiner","7":"pa_hersteller-polar-mohr","8":"pa_typ-92-xt","9":"pa_typ-bogenwaage-zaehlwaage-avery-weigh-troni","10":"pa_typ-lw-450-1","11":"pa_typ-ra-2","13":"first","14":"instock","15":"taxable","16":"shipping-taxable","17":"purchasable","18":"product-type-simple"},"jetpack_sharing_enabled":true,"_links":{"self":[{"href":"https:\/\/www.3p-gmbh.de\/da\/wp-json\/wp\/v2\/product\/110022","targetHints":{"allow":["GET"]}}],"collection":[{"href":"https:\/\/www.3p-gmbh.de\/da\/wp-json\/wp\/v2\/product"}],"about":[{"href":"https:\/\/www.3p-gmbh.de\/da\/wp-json\/wp\/v2\/types\/product"}],"wp:featuredmedia":[{"embeddable":true,"href":"https:\/\/www.3p-gmbh.de\/da\/wp-json\/wp\/v2\/media\/110023"}],"wp:attachment":[{"href":"https:\/\/www.3p-gmbh.de\/da\/wp-json\/wp\/v2\/media?parent=110022"}],"wp:term":[{"taxonomy":"product_brand","embeddable":true,"href":"https:\/\/www.3p-gmbh.de\/da\/wp-json\/wp\/v2\/product_brand?post=110022"},{"taxonomy":"product_cat","embeddable":true,"href":"https:\/\/www.3p-gmbh.de\/da\/wp-json\/wp\/v2\/product_cat?post=110022"},{"taxonomy":"product_tag","embeddable":true,"href":"https:\/\/www.3p-gmbh.de\/da\/wp-json\/wp\/v2\/product_tag?post=110022"}],"curies":[{"name":"wp","href":"https:\/\/api.w.org\/{rel}","templated":true}]}}