{"id":109999,"date":"2020-05-12T13:38:52","date_gmt":"2020-05-12T13:38:52","guid":{"rendered":"https:\/\/www.3p-gmbh.de\/produkt\/cyklop-b6-dispenser-til-selvklaebende-tape-klebetechnik-streifengeber-manuel-tapedispenser\/"},"modified":"2020-05-12T13:38:52","modified_gmt":"2020-05-12T13:38:52","slug":"cyklop-b6-dispenser-til-selvklaebende-tape-klebetechnik-streifengeber-manuel-tapedispenser","status":"publish","type":"product","link":"https:\/\/www.3p-gmbh.de\/da\/produkt\/cyklop-b6-dispenser-til-selvklaebende-tape-klebetechnik-streifengeber-manuel-tapedispenser\/","title":{"rendered":"Cyklop B6 &#8211; Dispenser til selvkl\u00e6bende tape &#8211; KLEBETECHNIK STREIFENGEBER &#8211; Manuel tapedispenser"},"content":{"rendered":"<p>Kl\u00e6beb\u00e5ndets bredde 20 til 100 mm<br \/>\nB\u00e5ndl\u00e6ngde justerbar fra 100 mm til 1.100 mm<br \/>\nRullens udvendige diameter maks. 200 mm<br \/>\nV\u00e6gt ca. 9,3 kg<\/p>\n<p>V\u00e5dkl\u00e6bende tape og stripdispensere bruges til at forsegle forsendelseskasser hurtigt, nemt og effektivt.<br \/>\nKl\u00e6beb\u00e5nd og \u00e6sker kan nemt genbruges efter brug.<br \/>\nKl\u00e6bemidlet bliver flydende under aktiveringen og tr\u00e6nger ind i porerne i kassetoppen.<br \/>\nDet skaber en dowelling-effekt.<br \/>\nLukningen er fast og holdbar.<br \/>\nMultib\u00e5nd bliver en del af boksen.<br \/>\nHverken varme eller kulde har nogen indflydelse p\u00e5 lukningen. V\u00e5dkl\u00e6bende tape og Multiband\u00ae er milj\u00f8venlige.<br \/>\nKraftpapiret er fri for skadelige stoffer og kan genanvendes.<br \/>\nStivelsesderivatkl\u00e6bemidlet er biologisk nedbrydeligt og ikke-toksisk.<br \/>\nDe r\u00e5hvide polyesterforst\u00e6rkninger er hverken sundheds- eller milj\u00f8skadelige.<\/p>\n<p>Multiband\u00ae f\u00e5s med to forst\u00e6rkningsarrangementer:<br \/>\n-Med to langsg\u00e5ende polyesterforst\u00e6rkninger for optimal beskyttelse af kassens kanter.<br \/>\n-med en ekstra kurveforst\u00e6rkning, der ogs\u00e5 sikrer midtersektionen.<\/p>\n","protected":false},"excerpt":{"rendered":"<p>Kl\u00e6beb\u00e5ndets bredde 20 til 100 mm B\u00e5ndl\u00e6ngde justerbar fra 100 mm til 1.100 mm Rullens udvendige diameter maks. 200 mm V\u00e6gt ca. 9,3 kg V\u00e5dkl\u00e6bende tape og stripdispensere bruges til at forsegle forsendelseskasser hurtigt, nemt og effektivt. Kl\u00e6beb\u00e5nd og \u00e6sker kan nemt genbruges efter brug. Kl\u00e6bemidlet bliver flydende under aktiveringen og tr\u00e6nger ind i porerne [&hellip;]<\/p>\n","protected":false},"featured_media":110001,"template":"","meta":[],"product_brand":[],"product_cat":[3512],"product_tag":[],"class_list":{"0":"post-109999","1":"product","2":"type-product","3":"status-publish","4":"has-post-thumbnail","6":"product_cat-etiketter","7":"pa_hersteller-cyklop","8":"pa_typ-b6","10":"first","11":"instock","12":"taxable","13":"shipping-taxable","14":"product-type-simple"},"jetpack_sharing_enabled":true,"_links":{"self":[{"href":"https:\/\/www.3p-gmbh.de\/da\/wp-json\/wp\/v2\/product\/109999","targetHints":{"allow":["GET"]}}],"collection":[{"href":"https:\/\/www.3p-gmbh.de\/da\/wp-json\/wp\/v2\/product"}],"about":[{"href":"https:\/\/www.3p-gmbh.de\/da\/wp-json\/wp\/v2\/types\/product"}],"wp:featuredmedia":[{"embeddable":true,"href":"https:\/\/www.3p-gmbh.de\/da\/wp-json\/wp\/v2\/media\/110001"}],"wp:attachment":[{"href":"https:\/\/www.3p-gmbh.de\/da\/wp-json\/wp\/v2\/media?parent=109999"}],"wp:term":[{"taxonomy":"product_brand","embeddable":true,"href":"https:\/\/www.3p-gmbh.de\/da\/wp-json\/wp\/v2\/product_brand?post=109999"},{"taxonomy":"product_cat","embeddable":true,"href":"https:\/\/www.3p-gmbh.de\/da\/wp-json\/wp\/v2\/product_cat?post=109999"},{"taxonomy":"product_tag","embeddable":true,"href":"https:\/\/www.3p-gmbh.de\/da\/wp-json\/wp\/v2\/product_tag?post=109999"}],"curies":[{"name":"wp","href":"https:\/\/api.w.org\/{rel}","templated":true}]}}