{"id":109900,"date":"2020-05-12T14:59:53","date_gmt":"2020-05-12T14:59:53","guid":{"rendered":"https:\/\/www.3p-gmbh.de\/produkt\/knorr-rl-2-va-bue-ryster\/"},"modified":"2020-05-12T14:59:53","modified_gmt":"2020-05-12T14:59:53","slug":"knorr-rl-2-va-bue-ryster","status":"publish","type":"product","link":"https:\/\/www.3p-gmbh.de\/da\/produkt\/knorr-rl-2-va-bue-ryster\/","title":{"rendered":"Knorr RL-2-VA bue-ryster"},"content":{"rendered":"<p>SN 7058008<br \/>\nArkst\u00f8rrelse ca. 66 x 88 cm<\/p>\n<p>&#8211; Svejset bundramme med automatisk vibrationsmekanisme<br \/>\n&#8211; Manuel sideklap i venstre og h\u00f8jre side, s\u00e5 det er muligt at rykke i store formater!<br \/>\n&#8211; Bord i rustfrit st\u00e5l af h\u00f8j kvalitet med st\u00e6rk luftpude<br \/>\n&#8211; Separationslineal til mindre arkformater<br \/>\n&#8211; Bordets h\u00e6ldning kan justeres i op til 12 trin til venstre\/h\u00f8jre<br \/>\n&#8211; Betjeningselement, der er let at gribe<br \/>\n&#8211; Trinl\u00f8s regulering af vibrationsintensiteten via frekvensomformer<br \/>\n&#8211; Justerbar bordh\u00f8jde<br \/>\n&#8211; Vibrationsmotorens omdrejningsretning valgfrit til h\u00f8jre eller venstre<br \/>\n&#8211; Rystelse med\/uden luft<\/p>\n","protected":false},"excerpt":{"rendered":"<p>SN 7058008 Arkst\u00f8rrelse ca. 66 x 88 cm &#8211; Svejset bundramme med automatisk vibrationsmekanisme &#8211; Manuel sideklap i venstre og h\u00f8jre side, s\u00e5 det er muligt at rykke i store formater! &#8211; Bord i rustfrit st\u00e5l af h\u00f8j kvalitet med st\u00e6rk luftpude &#8211; Separationslineal til mindre arkformater &#8211; Bordets h\u00e6ldning kan justeres i op til [&hellip;]<\/p>\n","protected":false},"featured_media":109901,"template":"","meta":[],"product_brand":[],"product_cat":[3319],"product_tag":[],"class_list":{"0":"post-109900","1":"product","2":"type-product","3":"status-publish","4":"has-post-thumbnail","6":"product_cat-vibrerende-borde","7":"pa_hersteller-knorr","8":"pa_typ-rl-2-va","10":"first","11":"instock","12":"taxable","13":"shipping-taxable","14":"product-type-simple"},"jetpack_sharing_enabled":true,"_links":{"self":[{"href":"https:\/\/www.3p-gmbh.de\/da\/wp-json\/wp\/v2\/product\/109900","targetHints":{"allow":["GET"]}}],"collection":[{"href":"https:\/\/www.3p-gmbh.de\/da\/wp-json\/wp\/v2\/product"}],"about":[{"href":"https:\/\/www.3p-gmbh.de\/da\/wp-json\/wp\/v2\/types\/product"}],"wp:featuredmedia":[{"embeddable":true,"href":"https:\/\/www.3p-gmbh.de\/da\/wp-json\/wp\/v2\/media\/109901"}],"wp:attachment":[{"href":"https:\/\/www.3p-gmbh.de\/da\/wp-json\/wp\/v2\/media?parent=109900"}],"wp:term":[{"taxonomy":"product_brand","embeddable":true,"href":"https:\/\/www.3p-gmbh.de\/da\/wp-json\/wp\/v2\/product_brand?post=109900"},{"taxonomy":"product_cat","embeddable":true,"href":"https:\/\/www.3p-gmbh.de\/da\/wp-json\/wp\/v2\/product_cat?post=109900"},{"taxonomy":"product_tag","embeddable":true,"href":"https:\/\/www.3p-gmbh.de\/da\/wp-json\/wp\/v2\/product_tag?post=109900"}],"curies":[{"name":"wp","href":"https:\/\/api.w.org\/{rel}","templated":true}]}}