{"id":109892,"date":"2020-05-13T13:05:15","date_gmt":"2020-05-13T13:05:15","guid":{"rendered":"https:\/\/www.3p-gmbh.de\/produkt\/pp-omsnoeringsmaskine-smb-cyklop-ampag-sprint\/"},"modified":"2020-05-13T13:05:15","modified_gmt":"2020-05-13T13:05:15","slug":"pp-omsnoeringsmaskine-smb-cyklop-ampag-sprint","status":"publish","type":"product","link":"https:\/\/www.3p-gmbh.de\/da\/produkt\/pp-omsnoeringsmaskine-smb-cyklop-ampag-sprint\/","title":{"rendered":"PP &#8211; Omsn\u00f8ringsmaskine SMB Cyklop Ampag Sprint"},"content":{"rendered":"<p>V\u00e6rkstedets reviderede tilstand<\/p>\n<p>Tekniske detaljer<br \/>\nPakkeydelse (pakker\/min): 48<br \/>\nMin. Pakkel\u00e6ngde (mm): ingen begr\u00e6nsning<br \/>\nMax. Pakkel\u00e6ngde (mm): ingen begr\u00e6nsning<br \/>\nMin. Pakkebredde (mm): 100<br \/>\nMax. Pakkebredde (mm): 600<br \/>\nMin. Pakkens h\u00f8jde (mm): 5,00<br \/>\nMax. Pakkeh\u00f8jde (mm): 500<br \/>\nMax. Pakkens v\u00e6gt (kg): 30<br \/>\nElektrisk effekt (KW): 1,0<\/p>\n<p>B\u00e5ndbredden er i \u00f8jeblikket indstillet til 5 mm<\/p>\n","protected":false},"excerpt":{"rendered":"<p>V\u00e6rkstedets reviderede tilstand Tekniske detaljer Pakkeydelse (pakker\/min): 48 Min. Pakkel\u00e6ngde (mm): ingen begr\u00e6nsning Max. Pakkel\u00e6ngde (mm): ingen begr\u00e6nsning Min. Pakkebredde (mm): 100 Max. Pakkebredde (mm): 600 Min. Pakkens h\u00f8jde (mm): 5,00 Max. Pakkeh\u00f8jde (mm): 500 Max. Pakkens v\u00e6gt (kg): 30 Elektrisk effekt (KW): 1,0 B\u00e5ndbredden er i \u00f8jeblikket indstillet til 5 mm<\/p>\n","protected":false},"featured_media":109893,"template":"","meta":[],"product_brand":[],"product_cat":[3535],"product_tag":[],"class_list":{"0":"post-109892","1":"product","2":"type-product","3":"status-publish","4":"has-post-thumbnail","6":"product_cat-omsnoeringsmaskiner","7":"pa_hersteller-cyklop-smb","8":"pa_typ-cyklop-ampag-sprint","10":"first","11":"instock","12":"taxable","13":"shipping-taxable","14":"product-type-simple"},"jetpack_sharing_enabled":true,"_links":{"self":[{"href":"https:\/\/www.3p-gmbh.de\/da\/wp-json\/wp\/v2\/product\/109892","targetHints":{"allow":["GET"]}}],"collection":[{"href":"https:\/\/www.3p-gmbh.de\/da\/wp-json\/wp\/v2\/product"}],"about":[{"href":"https:\/\/www.3p-gmbh.de\/da\/wp-json\/wp\/v2\/types\/product"}],"wp:featuredmedia":[{"embeddable":true,"href":"https:\/\/www.3p-gmbh.de\/da\/wp-json\/wp\/v2\/media\/109893"}],"wp:attachment":[{"href":"https:\/\/www.3p-gmbh.de\/da\/wp-json\/wp\/v2\/media?parent=109892"}],"wp:term":[{"taxonomy":"product_brand","embeddable":true,"href":"https:\/\/www.3p-gmbh.de\/da\/wp-json\/wp\/v2\/product_brand?post=109892"},{"taxonomy":"product_cat","embeddable":true,"href":"https:\/\/www.3p-gmbh.de\/da\/wp-json\/wp\/v2\/product_cat?post=109892"},{"taxonomy":"product_tag","embeddable":true,"href":"https:\/\/www.3p-gmbh.de\/da\/wp-json\/wp\/v2\/product_tag?post=109892"}],"curies":[{"name":"wp","href":"https:\/\/api.w.org\/{rel}","templated":true}]}}