{"id":109787,"date":"2020-06-15T13:30:04","date_gmt":"2020-06-15T13:30:04","guid":{"rendered":"https:\/\/www.3p-gmbh.de\/produkt\/automatisk-hjoerneafrundingsmaskine-durselen-corta-es-09\/"},"modified":"2020-06-15T13:30:04","modified_gmt":"2020-06-15T13:30:04","slug":"automatisk-hjoerneafrundingsmaskine-durselen-corta-es-09","status":"publish","type":"product","link":"https:\/\/www.3p-gmbh.de\/da\/produkt\/automatisk-hjoerneafrundingsmaskine-durselen-corta-es-09\/","title":{"rendered":"Automatisk hj\u00f8rneafrundingsmaskine D\u00fcrselen Corta ES 09"},"content":{"rendered":"<p>Pneumatisk 2-foldet hj\u00f8rnestans (Raduis 5mm)<br \/>\n1200 bar<\/p>\n","protected":false},"excerpt":{"rendered":"<p><a href=\"https:\/\/www.3p-gmbh.de\/wp-content\/uploads\/2020\/06\/ES09F_2005.pdf\">ES09F_2005<\/a> <a href=\"https:\/\/www.3p-gmbh.de\/wp-content\/uploads\/2020\/06\/Prospekt_Duerselen_ES09.pdf\">Brochure_Duerselen_ES09<\/a><\/p>\n","protected":false},"featured_media":109801,"template":"","meta":[],"product_brand":[],"product_cat":[3313],"product_tag":[],"class_list":{"0":"post-109787","1":"product","2":"type-product","3":"status-publish","4":"has-post-thumbnail","6":"product_cat-boremaskiner-til-papir","7":"pa_hersteller-duerselen-2","8":"pa_typ-corta-es-09","10":"first","11":"instock","12":"taxable","13":"shipping-taxable","14":"product-type-simple"},"jetpack_sharing_enabled":true,"_links":{"self":[{"href":"https:\/\/www.3p-gmbh.de\/da\/wp-json\/wp\/v2\/product\/109787","targetHints":{"allow":["GET"]}}],"collection":[{"href":"https:\/\/www.3p-gmbh.de\/da\/wp-json\/wp\/v2\/product"}],"about":[{"href":"https:\/\/www.3p-gmbh.de\/da\/wp-json\/wp\/v2\/types\/product"}],"wp:featuredmedia":[{"embeddable":true,"href":"https:\/\/www.3p-gmbh.de\/da\/wp-json\/wp\/v2\/media\/109801"}],"wp:attachment":[{"href":"https:\/\/www.3p-gmbh.de\/da\/wp-json\/wp\/v2\/media?parent=109787"}],"wp:term":[{"taxonomy":"product_brand","embeddable":true,"href":"https:\/\/www.3p-gmbh.de\/da\/wp-json\/wp\/v2\/product_brand?post=109787"},{"taxonomy":"product_cat","embeddable":true,"href":"https:\/\/www.3p-gmbh.de\/da\/wp-json\/wp\/v2\/product_cat?post=109787"},{"taxonomy":"product_tag","embeddable":true,"href":"https:\/\/www.3p-gmbh.de\/da\/wp-json\/wp\/v2\/product_tag?post=109787"}],"curies":[{"name":"wp","href":"https:\/\/api.w.org\/{rel}","templated":true}]}}