{"id":109751,"date":"2020-10-19T14:25:02","date_gmt":"2020-10-19T14:25:02","guid":{"rendered":"https:\/\/www.3p-gmbh.de\/produkt\/sadelhaefter-hohner-hsb-8-000-den-vaerktoejsfrie-haefter\/"},"modified":"2020-10-19T14:25:02","modified_gmt":"2020-10-19T14:25:02","slug":"sadelhaefter-hohner-hsb-8-000-den-vaerktoejsfrie-haefter","status":"publish","type":"product","link":"https:\/\/www.3p-gmbh.de\/da\/produkt\/sadelhaefter-hohner-hsb-8-000-den-vaerktoejsfrie-haefter\/","title":{"rendered":"Sadelh\u00e6fter Hohner HSB 8.000 &#8211; Den v\u00e6rkt\u00f8jsfrie h\u00e6fter"},"content":{"rendered":"<div><span style=\"color: #ff0000; font-family: Arial;\"><strong>Bj. 12-2015 ca. 3500 driftstimer<\/strong><\/span><\/div>\n<div>\n<span style=\"font-family: Arial;\">6 Arkf\u00f8der VF 1 til 2:1 omskiftning<br \/>\n1 manuelt system<br \/>\n1 omladningsfeeder<\/span><\/div>\n<div><span style=\"color: #ff0000; font-family: Arial;\">7 Inspektion af Opticontrol-ark<\/span><\/div>\n<div><span style=\"font-family: Arial;\">H\u00e6ftemaskine med h\u00e6fteklamme- og tykkelseskontrol<\/span><\/div>\n<div><span style=\"color: #ff0000; font-family: Arial;\">4 h\u00e6ftehoveder HK 52-8 Universal<\/span><\/div>\n<div><span style=\"color: #ff0000; font-family: Arial;\">4 h\u00e6ftehoveder HK 52-8 til \u00f8jer 6 mm<\/span><\/div>\n<div><span style=\"font-family: Arial;\">4 store spoleholdere<\/span><\/div>\n<div><span style=\"font-family: Arial;\">Trimmer med midtersk\u00e6reanordning til dobbeltsk\u00e5ret produktion<\/span><\/div>\n<div><span style=\"font-family: Arial;\">Transferbord<\/span><span style=\"font-family: Arial;\"><br \/>\nTryk-vakuumforsyning<\/span><\/div>\n<div><span style=\"font-family: Arial;\">Display med langt transportb\u00e5nd<\/span><\/div>\n<div><span style=\"color: #ff0000; font-family: Arial;\"><strong>Uden kompenserende stabler !!!!!<\/strong><\/span><\/div>\n<div>\n<span style=\"font-family: Arial;\">Middelvejen &#8211; brugervenlig og \u00f8konomisk<br \/>\nHSB 8.000 er den ideelle l\u00f8sning, hvis du er p\u00e5 udkig efter en automatisk sadelh\u00e6fter til forarbejdning af forfoldede ark i sm\u00e5 og mellemstore serier.<br \/>\nBag de kompakte dimensioner gemmer vores halvautomatiske maskine p\u00e5 en stor variation og ekspertise for brugeren.<\/span><\/div>\n<div><\/div>\n<div><span style=\"font-family: Arial;\">Formatindstillinger foretages f.eks. uden v\u00e6rkt\u00f8j og betyder effektivt og brugervenligt arbejde p\u00e5 kortest mulig tid; med ekstremt reduceret arbejdsindsats kan denne h\u00e6ftemaskine producere op til 8.000 produkter i timen med h\u00f8je kvalitetsstandarder og uden nogen form for fejljustering af h\u00e6fteklammerne.<br \/>\nHSB 8.000-formatet er ogs\u00e5 det bedste i sin klasse med et maksimalt format p\u00e5 365 x 350 mm. Ring\u00f8je-syning er heller ikke noget problem for ham som en mulighed.<br \/>\nHos Hohner bliver dine kvalitetsm\u00e6ssige og \u00f8konomiske overvejelser taget alvorligt og implementeret p\u00e5 en brugervenlig m\u00e5de.<\/span><\/div>\n<div><\/div>\n<div><span style=\"font-family: Arial;\">Fordelene i korte tr\u00e6k:<\/span><\/div>\n<div><\/div>\n<div><span style=\"font-family: Arial;\">Efterf\u00f8lgende udvidelse og tilpasning af systemet til dine individuelle krav takket v\u00e6re det omfattende modulsystem (forskellige, valgfri udvidelsesmuligheder: fra en manuel arkf\u00f8der til 8 automatiske enkeltarkf\u00f8der, automatisk omslagsf\u00f8der, dobbelt-op-enhed, 2:1-omskiftning, h\u00e6fteklammekontrol, bundtkompenserende stabler og transportsystem til afsk\u00e6ring af affald)<br \/>\nKnivforbindelse via et \u00e5g<br \/>\n12 recirkulerende kuglelejeb\u00f8sninger til h\u00f8jpr\u00e6cisionsstyring og ekstremt lang bladlevetid<br \/>\nIngen fejljustering af h\u00e6fteklammerne &#8211; perfekt h\u00e6ftning og placering af h\u00e6fteklammerne<br \/>\nKompakt st\u00f8rrelse med h\u00f8jtydende profil &#8211; reduceret pladsbehov<br \/>\nMinimeret behov for personale<br \/>\nErgonomisk, brugervenlig p\u00e5f\u00f8ringsh\u00f8jde<\/span><\/div>\n<div><\/div>\n<div><span style=\"font-family: Arial;\">Dine fordele<\/span><\/div>\n<div><\/div>\n<div><span style=\"font-family: Arial;\">&#8211; Stabil produktion med ca. 7000 cyklusser<br \/>\n&#8211; Korte omstillingstider<br \/>\n&#8211; det store maksimale format 340x355mm<br \/>\n&#8211; Lave investeringsomkostninger, hurtig ROI<\/span><\/div>\n","protected":false},"excerpt":{"rendered":"<p><a href=\"https:\/\/www.3p-gmbh.de\/wp-content\/uploads\/2020\/10\/HSB-8000-Details.pdf\">HSB 8000 Detaljer<\/a><\/p>\n","protected":false},"featured_media":109752,"template":"","meta":[],"product_brand":[],"product_cat":[3438],"product_tag":[],"class_list":{"0":"post-109751","1":"product","2":"type-product","3":"status-publish","4":"has-post-thumbnail","6":"product_cat-sadelmager","7":"pa_hersteller-hohner","8":"pa_typ-hohner-hsb-8-000","10":"first","11":"instock","12":"taxable","13":"shipping-taxable","14":"product-type-simple"},"jetpack_sharing_enabled":true,"_links":{"self":[{"href":"https:\/\/www.3p-gmbh.de\/da\/wp-json\/wp\/v2\/product\/109751","targetHints":{"allow":["GET"]}}],"collection":[{"href":"https:\/\/www.3p-gmbh.de\/da\/wp-json\/wp\/v2\/product"}],"about":[{"href":"https:\/\/www.3p-gmbh.de\/da\/wp-json\/wp\/v2\/types\/product"}],"wp:featuredmedia":[{"embeddable":true,"href":"https:\/\/www.3p-gmbh.de\/da\/wp-json\/wp\/v2\/media\/109752"}],"wp:attachment":[{"href":"https:\/\/www.3p-gmbh.de\/da\/wp-json\/wp\/v2\/media?parent=109751"}],"wp:term":[{"taxonomy":"product_brand","embeddable":true,"href":"https:\/\/www.3p-gmbh.de\/da\/wp-json\/wp\/v2\/product_brand?post=109751"},{"taxonomy":"product_cat","embeddable":true,"href":"https:\/\/www.3p-gmbh.de\/da\/wp-json\/wp\/v2\/product_cat?post=109751"},{"taxonomy":"product_tag","embeddable":true,"href":"https:\/\/www.3p-gmbh.de\/da\/wp-json\/wp\/v2\/product_tag?post=109751"}],"curies":[{"name":"wp","href":"https:\/\/api.w.org\/{rel}","templated":true}]}}