{"id":109468,"date":"2020-11-06T08:13:30","date_gmt":"2020-11-06T08:13:30","guid":{"rendered":"https:\/\/www.3p-gmbh.de\/produkt\/standard-lyskonsol-proofstation-just-colour-control-professional-0b\/"},"modified":"2020-11-06T08:13:30","modified_gmt":"2020-11-06T08:13:30","slug":"standard-lyskonsol-proofstation-just-colour-control-professional-0b","status":"publish","type":"product","link":"https:\/\/www.3p-gmbh.de\/da\/produkt\/standard-lyskonsol-proofstation-just-colour-control-professional-0b\/","title":{"rendered":"Standard lyskonsol ProofStation Just Colour-Control Professional 0B"},"content":{"rendered":"<div><span style=\"color: #0000ff; font-family: Arial;\"><strong>Standard lyskonsol ProofStation Just Colour-Control Professional 0B<br \/>\n-brugt-<br \/>\nStandardiseret lysindstillingsenhed i et attraktivt design til reklamebureauer og prepress-studier<br \/>\nog m\u00f8delokaler.<\/strong><\/span><\/div>\n<div><\/div>\n<div><span style=\"font-family: Arial;\">Med asymmetrisk farvetestlys, dvs. samtidig belysning af skrivebord og bagv\u00e6g med JUST specielle dagslyslysr\u00f8r.<br \/>\n&#8211; Bordoverflade ca. 60&#215;90 cm<br \/>\n&#8211; Asymmetrisk farvetestlampe 5000 Klevin med driftstimet\u00e6ller<br \/>\n&#8211; Bl\u00e6ndfri og ikke-bl\u00e6ndende duplexbelysning (konsol\/bagv\u00e6g)<br \/>\n&#8211; JUST Colour Control S\u00e6rlige lysstofr\u00f8r til dagslys<br \/>\n&#8211; Magnetisk bagpanel<\/span><\/div>\n","protected":false},"excerpt":{"rendered":"<p>Standard lyskonsol ProofStation Just Colour-Control Professional 0B -brugt- Standardiseret lysindstillingsenhed i et attraktivt design til reklamebureauer og prepress-studier og m\u00f8delokaler. Med asymmetrisk farvetestlys, dvs. samtidig belysning af skrivebord og bagv\u00e6g med JUST specielle dagslyslysr\u00f8r. &#8211; Bordoverflade ca. 60&#215;90 cm &#8211; Asymmetrisk farvetestlampe 5000 Klevin med driftstimet\u00e6ller &#8211; Bl\u00e6ndfri og ikke-bl\u00e6ndende duplexbelysning (konsol\/bagv\u00e6g) &#8211; JUST Colour [&hellip;]<\/p>\n","protected":false},"featured_media":109469,"template":"","meta":[],"product_brand":[],"product_cat":[3524],"product_tag":[],"class_list":{"0":"post-109468","1":"product","2":"type-product","3":"status-publish","4":"has-post-thumbnail","6":"product_cat-maaleinstrumenter-og-kvalitetssikring","7":"pa_hersteller-just","8":"pa_typ-color-control","10":"first","11":"instock","12":"taxable","13":"shipping-taxable","14":"product-type-simple"},"jetpack_sharing_enabled":true,"_links":{"self":[{"href":"https:\/\/www.3p-gmbh.de\/da\/wp-json\/wp\/v2\/product\/109468","targetHints":{"allow":["GET"]}}],"collection":[{"href":"https:\/\/www.3p-gmbh.de\/da\/wp-json\/wp\/v2\/product"}],"about":[{"href":"https:\/\/www.3p-gmbh.de\/da\/wp-json\/wp\/v2\/types\/product"}],"wp:featuredmedia":[{"embeddable":true,"href":"https:\/\/www.3p-gmbh.de\/da\/wp-json\/wp\/v2\/media\/109469"}],"wp:attachment":[{"href":"https:\/\/www.3p-gmbh.de\/da\/wp-json\/wp\/v2\/media?parent=109468"}],"wp:term":[{"taxonomy":"product_brand","embeddable":true,"href":"https:\/\/www.3p-gmbh.de\/da\/wp-json\/wp\/v2\/product_brand?post=109468"},{"taxonomy":"product_cat","embeddable":true,"href":"https:\/\/www.3p-gmbh.de\/da\/wp-json\/wp\/v2\/product_cat?post=109468"},{"taxonomy":"product_tag","embeddable":true,"href":"https:\/\/www.3p-gmbh.de\/da\/wp-json\/wp\/v2\/product_tag?post=109468"}],"curies":[{"name":"wp","href":"https:\/\/api.w.org\/{rel}","templated":true}]}}