{"id":109351,"date":"2020-11-16T10:45:04","date_gmt":"2020-11-16T10:45:04","guid":{"rendered":"https:\/\/www.3p-gmbh.de\/produkt\/samlemaskine-brochureproduktion-mkw-rapid-ut-14b3gs-sft-350-med-14-stationer\/"},"modified":"2020-11-16T10:45:04","modified_gmt":"2020-11-16T10:45:04","slug":"samlemaskine-brochureproduktion-mkw-rapid-ut-14b3gs-sft-350-med-14-stationer","status":"publish","type":"product","link":"https:\/\/www.3p-gmbh.de\/da\/produkt\/samlemaskine-brochureproduktion-mkw-rapid-ut-14b3gs-sft-350-med-14-stationer\/","title":{"rendered":"Samlemaskine \/ brochureproduktion MKW Rapid UT 14B3GS + SFT 350 med 14 stationer"},"content":{"rendered":"<p><strong>Indsamlingsmaskine \/ brochureproduktion MKW Rapid UT 14\/B3\/GS + SFT 350<br \/>\nBygge\u00e5r: 2003 \/ 2008<\/strong><br \/>\nFormat: min. 10 x 14 cm , maks. 35 x 50 cm<\/p>\n<p><strong>Udstyr:<\/strong><\/p>\n<ul>\n<li>14 stationers samlemaskine med manuel fremf\u00f8ring til venstre<\/li>\n<li>Cyklusydelse 2900 pr. time<\/li>\n<li>Roterende tandremsbord<\/li>\n<li>Selvm\u00e5lende elektronisk kontrol af dobbeltark og manglende ark<\/li>\n<li>max. Stablingsh\u00f8jde 700 mm<\/li>\n<li>Papirv\u00e6gt fra 14 &#8211; 1000 g\/kvm<\/li>\n<\/ul>\n<p>&nbsp;<\/p>\n<p><strong>Brochureproduktion MKW SFT 350 h\u00e6ftefolde-\/sk\u00e6reenhed<\/strong><br \/>\n<strong>fra 2008<\/strong><\/p>\n<ul>\n<li>Hurtig justering af format<\/li>\n<li>Frontbekl\u00e6dning med 6 cm minimumsbekl\u00e6dning over top- og bundkniv<\/li>\n<li>Bl\u00e6s luft af kniven<\/li>\n<li>Justerbar presseanordning<\/li>\n<li>2 syhoveder Hohner 48\/S<\/li>\n<\/ul>\n<p>&nbsp;<\/p>\n<p><a href=\"https:\/\/www.3p-gmbh.de\/wp-content\/uploads\/2020\/11\/MKW.pdf\">Betjeningsvejledning (uddrag)<\/a><\/p>\n","protected":false},"excerpt":{"rendered":"<p>Indsamlingsmaskine \/ brochureproduktion MKW Rapid UT 14\/B3\/GS + SFT 350 Bygge\u00e5r: 2003 \/ 2008 Format: min. 10 x 14 cm , maks. 35 x 50 cm Udstyr: 14 stationers samlemaskine med manuel fremf\u00f8ring til venstre Cyklusydelse 2900 pr. time Roterende tandremsbord Selvm\u00e5lende elektronisk kontrol af dobbeltark og manglende ark max. Stablingsh\u00f8jde 700 mm Papirv\u00e6gt fra [&hellip;]<\/p>\n","protected":false},"featured_media":109362,"template":"","meta":[],"product_brand":[],"product_cat":[3376,3444],"product_tag":[],"class_list":{"0":"post-109351","1":"product","2":"type-product","3":"status-publish","4":"has-post-thumbnail","6":"product_cat-maskiner-til-indsamling","7":"product_cat-systemer-til-produktion-af-brochurer","8":"pa_hersteller-mkw","9":"pa_typ-rapid-ut-14b3gs","10":"pa_typ-sft-350","12":"first","13":"instock","14":"taxable","15":"shipping-taxable","16":"product-type-simple"},"jetpack_sharing_enabled":true,"_links":{"self":[{"href":"https:\/\/www.3p-gmbh.de\/da\/wp-json\/wp\/v2\/product\/109351","targetHints":{"allow":["GET"]}}],"collection":[{"href":"https:\/\/www.3p-gmbh.de\/da\/wp-json\/wp\/v2\/product"}],"about":[{"href":"https:\/\/www.3p-gmbh.de\/da\/wp-json\/wp\/v2\/types\/product"}],"wp:featuredmedia":[{"embeddable":true,"href":"https:\/\/www.3p-gmbh.de\/da\/wp-json\/wp\/v2\/media\/109362"}],"wp:attachment":[{"href":"https:\/\/www.3p-gmbh.de\/da\/wp-json\/wp\/v2\/media?parent=109351"}],"wp:term":[{"taxonomy":"product_brand","embeddable":true,"href":"https:\/\/www.3p-gmbh.de\/da\/wp-json\/wp\/v2\/product_brand?post=109351"},{"taxonomy":"product_cat","embeddable":true,"href":"https:\/\/www.3p-gmbh.de\/da\/wp-json\/wp\/v2\/product_cat?post=109351"},{"taxonomy":"product_tag","embeddable":true,"href":"https:\/\/www.3p-gmbh.de\/da\/wp-json\/wp\/v2\/product_tag?post=109351"}],"curies":[{"name":"wp","href":"https:\/\/api.w.org\/{rel}","templated":true}]}}