{"id":109132,"date":"2021-01-11T12:01:28","date_gmt":"2021-01-11T12:01:28","guid":{"rendered":"https:\/\/www.3p-gmbh.de\/produkt\/euromag-ecamo-supermatic-25-luxe-kontinuerlig-ovn-med-dobbelt-termoaflastning-med-lige-udtraek-og-forlaengerarm\/"},"modified":"2021-01-11T12:01:28","modified_gmt":"2021-01-11T12:01:28","slug":"euromag-ecamo-supermatic-25-luxe-kontinuerlig-ovn-med-dobbelt-termoaflastning-med-lige-udtraek-og-forlaengerarm","status":"publish","type":"product","link":"https:\/\/www.3p-gmbh.de\/da\/produkt\/euromag-ecamo-supermatic-25-luxe-kontinuerlig-ovn-med-dobbelt-termoaflastning-med-lige-udtraek-og-forlaengerarm\/","title":{"rendered":"Euromag Ecamo Supermatic 25 luxe kontinuerlig ovn med dobbelt termoaflastning med lige udtr\u00e6k og forl\u00e6ngerarm"},"content":{"rendered":"<div><span style=\"color: #0000ff; font-family: Arial;\">Teknisk set er relieftryk (ogs\u00e5 kendt som termografi) en opf\u00f8lgningsproces til klassisk offsettryk.<\/span><\/div>\n<div><span style=\"color: #0000ff; font-family: Arial;\">Til dette form\u00e5l st\u00f8ves et fint plastgranulat p\u00e5 de friske farvelag efter den normale trykproces.<\/span><\/div>\n<div><span style=\"color: #0000ff; font-family: Arial;\">Dette pulver, som kun kl\u00e6ber til de trykte overflader, smelter i varmetunnelen og danner en farvel\u00f8s, gennemsigtig bel\u00e6gning,<\/span><\/div>\n<div><span style=\"color: #0000ff; font-family: Arial;\">det h\u00e6vede, taktile relief p\u00e5 slutproduktets farvede overflader.<\/span><\/div>\n<div><\/div>\n<div><span style=\"font-family: Arial;\">&#8211; Automatisk pulverp\u00e5f\u00f8ring i kontinuerlig drift med justerbar hastighed<\/span><\/div>\n<div><span style=\"font-family: Arial;\">&#8211; Indl\u00f8bsbredde 250 mm<\/span><\/div>\n<div><span style=\"font-family: Arial;\">&#8211; Drejelig indl\u00f8bsh\u00f8jde<\/span><\/div>\n<div><\/div>\n<div><a href=\"https:\/\/www.3p-gmbh.de\/wp-content\/uploads\/2021\/01\/Prospekt-Supermatic.pdf\">Supermatic-brochure<\/a><\/div>\n","protected":false},"excerpt":{"rendered":"<p>Teknisk set er relieftryk (ogs\u00e5 kendt som termografi) en opf\u00f8lgningsproces til klassisk offsettryk. Til dette form\u00e5l st\u00f8ves et fint plastgranulat p\u00e5 de friske farvelag efter den normale trykproces. Dette pulver, som kun kl\u00e6ber til de trykte overflader, smelter i varmetunnelen og danner en farvel\u00f8s, gennemsigtig bel\u00e6gning, det h\u00e6vede, taktile relief p\u00e5 slutproduktets farvede overflader. &#8211; [&hellip;]<\/p>\n","protected":false},"featured_media":109133,"template":"","meta":[],"product_brand":[],"product_cat":[3528],"product_tag":[],"class_list":{"0":"post-109132","1":"product","2":"type-product","3":"status-publish","4":"has-post-thumbnail","6":"product_cat-relieftryk","7":"pa_hersteller-ecamo-caslon-adana","8":"pa_typ-supermatic-25-luxe-dual","10":"first","11":"instock","12":"taxable","13":"shipping-taxable","14":"product-type-simple"},"jetpack_sharing_enabled":true,"_links":{"self":[{"href":"https:\/\/www.3p-gmbh.de\/da\/wp-json\/wp\/v2\/product\/109132","targetHints":{"allow":["GET"]}}],"collection":[{"href":"https:\/\/www.3p-gmbh.de\/da\/wp-json\/wp\/v2\/product"}],"about":[{"href":"https:\/\/www.3p-gmbh.de\/da\/wp-json\/wp\/v2\/types\/product"}],"wp:featuredmedia":[{"embeddable":true,"href":"https:\/\/www.3p-gmbh.de\/da\/wp-json\/wp\/v2\/media\/109133"}],"wp:attachment":[{"href":"https:\/\/www.3p-gmbh.de\/da\/wp-json\/wp\/v2\/media?parent=109132"}],"wp:term":[{"taxonomy":"product_brand","embeddable":true,"href":"https:\/\/www.3p-gmbh.de\/da\/wp-json\/wp\/v2\/product_brand?post=109132"},{"taxonomy":"product_cat","embeddable":true,"href":"https:\/\/www.3p-gmbh.de\/da\/wp-json\/wp\/v2\/product_cat?post=109132"},{"taxonomy":"product_tag","embeddable":true,"href":"https:\/\/www.3p-gmbh.de\/da\/wp-json\/wp\/v2\/product_tag?post=109132"}],"curies":[{"name":"wp","href":"https:\/\/api.w.org\/{rel}","templated":true}]}}