{"id":109121,"date":"2021-01-11T12:30:25","date_gmt":"2021-01-11T12:30:25","guid":{"rendered":"https:\/\/www.3p-gmbh.de\/produkt\/separerende-skaere-og-udskaeringsanordninger-til-horizon-stitchliner-sl-5500\/"},"modified":"2021-01-11T12:30:25","modified_gmt":"2021-01-11T12:30:25","slug":"separerende-skaere-og-udskaeringsanordninger-til-horizon-stitchliner-sl-5500","status":"publish","type":"product","link":"https:\/\/www.3p-gmbh.de\/da\/produkt\/separerende-skaere-og-udskaeringsanordninger-til-horizon-stitchliner-sl-5500\/","title":{"rendered":"Separerende sk\u00e6re- og udsk\u00e6ringsanordninger til Horizon Stitchliner SL 5500"},"content":{"rendered":"<p>tilg\u00e6ngelige afsk\u00e6ringsst\u00f8rrelser:<\/p>\n<ul>\n<li>6 mm<\/li>\n<li>8 mm<\/li>\n<li>12 mm<\/li>\n<\/ul>\n","protected":false},"excerpt":{"rendered":"<p>tilg\u00e6ngelige afsk\u00e6ringsst\u00f8rrelser: 6 mm 8 mm 12 mm<\/p>\n","protected":false},"featured_media":109123,"template":"","meta":[],"product_brand":[],"product_cat":[3444],"product_tag":[],"class_list":{"0":"post-109121","1":"product","2":"type-product","3":"status-publish","4":"has-post-thumbnail","6":"product_cat-systemer-til-produktion-af-brochurer","7":"pa_hersteller-horizon","9":"first","10":"instock","11":"taxable","12":"shipping-taxable","13":"product-type-simple"},"jetpack_sharing_enabled":true,"_links":{"self":[{"href":"https:\/\/www.3p-gmbh.de\/da\/wp-json\/wp\/v2\/product\/109121","targetHints":{"allow":["GET"]}}],"collection":[{"href":"https:\/\/www.3p-gmbh.de\/da\/wp-json\/wp\/v2\/product"}],"about":[{"href":"https:\/\/www.3p-gmbh.de\/da\/wp-json\/wp\/v2\/types\/product"}],"wp:featuredmedia":[{"embeddable":true,"href":"https:\/\/www.3p-gmbh.de\/da\/wp-json\/wp\/v2\/media\/109123"}],"wp:attachment":[{"href":"https:\/\/www.3p-gmbh.de\/da\/wp-json\/wp\/v2\/media?parent=109121"}],"wp:term":[{"taxonomy":"product_brand","embeddable":true,"href":"https:\/\/www.3p-gmbh.de\/da\/wp-json\/wp\/v2\/product_brand?post=109121"},{"taxonomy":"product_cat","embeddable":true,"href":"https:\/\/www.3p-gmbh.de\/da\/wp-json\/wp\/v2\/product_cat?post=109121"},{"taxonomy":"product_tag","embeddable":true,"href":"https:\/\/www.3p-gmbh.de\/da\/wp-json\/wp\/v2\/product_tag?post=109121"}],"curies":[{"name":"wp","href":"https:\/\/api.w.org\/{rel}","templated":true}]}}