{"id":108815,"date":"2021-01-11T18:37:27","date_gmt":"2021-01-11T18:37:27","guid":{"rendered":"https:\/\/www.3p-gmbh.de\/produkt\/hoejhastighedsskaerer-wohlenberg-wp-76-spm\/"},"modified":"2021-01-11T18:37:27","modified_gmt":"2021-01-11T18:37:27","slug":"hoejhastighedsskaerer-wohlenberg-wp-76-spm","status":"publish","type":"product","link":"https:\/\/www.3p-gmbh.de\/da\/produkt\/hoejhastighedsskaerer-wohlenberg-wp-76-spm\/","title":{"rendered":"H\u00f8jhastighedssk\u00e6rer Wohlenberg WP 76 SPM"},"content":{"rendered":"<div id=\"TABLEDIV\"><span style=\"color: #0000ff;\"><strong>H\u00f8jhastighedssk\u00e6rer Wohlenberg WP 76 SPM<\/strong><\/span><\/div>\n<div><strong><span style=\"color: #0000ff;\">SN 3374-031<\/span><\/strong><\/div>\n<div><span style=\"color: #0000ff;\"><span style=\"color: #000000;\">Bj. ca. 1990<\/span><\/span><\/div>\n<div>Klippebredde 76 cm<\/div>\n<div>Indsatsh\u00f8jde 110 mm<\/div>\n<div>Sk\u00e6rehastighed 42\/min<\/div>\n<div>Restsk\u00e6ring manuel 52 mm<\/div>\n<div><span style=\"color: #0000ff;\">SPM automatisk program<\/span><\/div>\n<div id=\"TABLEDIV\">Luftbord<\/div>\n<div>2 knive<\/div>\n","protected":false},"excerpt":{"rendered":"<p>H\u00f8jhastighedssk\u00e6rer Wohlenberg WP 76 SPM SN 3374-031 Bj. ca. 1990 Klippebredde 76 cm Indsatsh\u00f8jde 110 mm Sk\u00e6rehastighed 42\/min Restsk\u00e6ring manuel 52 mm SPM automatisk program Luftbord 2 knive<\/p>\n","protected":false},"featured_media":108820,"template":"","meta":[],"product_brand":[],"product_cat":[3302],"product_tag":[],"class_list":{"0":"post-108815","1":"product","2":"type-product","3":"status-publish","4":"has-post-thumbnail","6":"product_cat-skaeremaskiner","7":"pa_hersteller-wohlenberg","8":"pa_typ-wp-76-spm","10":"first","11":"instock","12":"taxable","13":"shipping-taxable","14":"product-type-simple"},"jetpack_sharing_enabled":true,"_links":{"self":[{"href":"https:\/\/www.3p-gmbh.de\/da\/wp-json\/wp\/v2\/product\/108815","targetHints":{"allow":["GET"]}}],"collection":[{"href":"https:\/\/www.3p-gmbh.de\/da\/wp-json\/wp\/v2\/product"}],"about":[{"href":"https:\/\/www.3p-gmbh.de\/da\/wp-json\/wp\/v2\/types\/product"}],"wp:featuredmedia":[{"embeddable":true,"href":"https:\/\/www.3p-gmbh.de\/da\/wp-json\/wp\/v2\/media\/108820"}],"wp:attachment":[{"href":"https:\/\/www.3p-gmbh.de\/da\/wp-json\/wp\/v2\/media?parent=108815"}],"wp:term":[{"taxonomy":"product_brand","embeddable":true,"href":"https:\/\/www.3p-gmbh.de\/da\/wp-json\/wp\/v2\/product_brand?post=108815"},{"taxonomy":"product_cat","embeddable":true,"href":"https:\/\/www.3p-gmbh.de\/da\/wp-json\/wp\/v2\/product_cat?post=108815"},{"taxonomy":"product_tag","embeddable":true,"href":"https:\/\/www.3p-gmbh.de\/da\/wp-json\/wp\/v2\/product_tag?post=108815"}],"curies":[{"name":"wp","href":"https:\/\/api.w.org\/{rel}","templated":true}]}}