{"id":108804,"date":"2021-01-11T18:51:58","date_gmt":"2021-01-11T18:51:58","guid":{"rendered":"https:\/\/www.3p-gmbh.de\/produkt\/busch-tb-24-ii-bordnivellering-fra-produktionsaaret-2002\/"},"modified":"2021-01-11T18:51:58","modified_gmt":"2021-01-11T18:51:58","slug":"busch-tb-24-ii-bordnivellering-fra-produktionsaaret-2002","status":"publish","type":"product","link":"https:\/\/www.3p-gmbh.de\/da\/produkt\/busch-tb-24-ii-bordnivellering-fra-produktionsaaret-2002\/","title":{"rendered":"Busch TB 24-II bordnivellering fra produktions\u00e5ret 2002"},"content":{"rendered":"<div><span style=\"color: #000000; font-family: Arial;\"><span style=\"color: #0000ff;\"><strong>Busch TB 24-II bordnivellering<\/strong><\/span><\/span><\/div>\n<div><span style=\"color: #0000ff; font-family: Arial;\"><br \/>\n  <strong>Bygge\u00e5r 2002 kl. 3p <\/strong><br \/>\n<\/span><span style=\"font-family: Arial;\"><br \/>\n  <span style=\"color: #ff0000;\"><br \/>\n    <span style=\"color: #0000ff;\"><br \/>\n      <strong>V\u00e6rksted efterset<\/strong><br \/>\n    <\/span><br \/>\n  <\/span><br \/>\n<\/span><\/div>\n<div><\/div>\n<div><span style=\"color: #000000; font-family: Arial;\">Pakkematerialet er bestr\u00f8get kraftpapir (brunt eller hvidt) eller gennemsigtig polypropylenfilm.<br \/>\nUdstyret med digitalt display, fejlindikator og elektronisk temperaturkontrol.<\/p>\n<p>Betjeningsmuligheder:<br \/>\n&#8211; Enkelt cyklusudl\u00f8sning via trykknap<br \/>\n&#8211; Enkelt cyklusudl\u00f8sning via fodpedal<br \/>\n&#8211; Automatisk udl\u00f8sning via sensor<\/p>\n<p>Pakkemateriale: Bestr\u00f8get kraftpapir, polypropylenfilm (PP)<br \/>\n<span style=\"color: #0000ff;\"><strong>B\u00e5ndbredde 40<\/strong><\/span><\/span><\/div>\n<div><span style=\"color: #000000; font-family: Arial;\">Rullel\u00e6ngde: Kraftpapir 150 \/ film 200 m<br \/>\nMaskinens ydelse: 20\/25 cyklusser\/min.<br \/>\nMax. Dimensioner p\u00e5 de bundtede varer: 240 mm bredde for papirbundter og 180 mm for filmbundter, h\u00f8jde 150 mm, l\u00e6ngde ubegr\u00e6nset.<br \/>\n<\/span><\/div>\n","protected":false},"excerpt":{"rendered":"<p>Busch TB 24-II bordnivellering Bygge\u00e5r 2002 kl. 3p V\u00e6rksted efterset Pakkematerialet er bestr\u00f8get kraftpapir (brunt eller hvidt) eller gennemsigtig polypropylenfilm. Udstyret med digitalt display, fejlindikator og elektronisk temperaturkontrol. Betjeningsmuligheder: &#8211; Enkelt cyklusudl\u00f8sning via trykknap &#8211; Enkelt cyklusudl\u00f8sning via fodpedal &#8211; Automatisk udl\u00f8sning via sensor Pakkemateriale: Bestr\u00f8get kraftpapir, polypropylenfilm (PP) B\u00e5ndbredde 40 Rullel\u00e6ngde: Kraftpapir 150 \/ [&hellip;]<\/p>\n","protected":false},"featured_media":108806,"template":"","meta":[],"product_brand":[],"product_cat":[3307],"product_tag":[],"class_list":{"0":"post-108804","1":"product","2":"type-product","3":"status-publish","4":"has-post-thumbnail","6":"product_cat-banderoleringsmaskiner","7":"pa_hersteller-busch","8":"pa_typ-tb-24-ii","10":"first","11":"instock","12":"taxable","13":"shipping-taxable","14":"product-type-simple"},"jetpack_sharing_enabled":true,"_links":{"self":[{"href":"https:\/\/www.3p-gmbh.de\/da\/wp-json\/wp\/v2\/product\/108804","targetHints":{"allow":["GET"]}}],"collection":[{"href":"https:\/\/www.3p-gmbh.de\/da\/wp-json\/wp\/v2\/product"}],"about":[{"href":"https:\/\/www.3p-gmbh.de\/da\/wp-json\/wp\/v2\/types\/product"}],"wp:featuredmedia":[{"embeddable":true,"href":"https:\/\/www.3p-gmbh.de\/da\/wp-json\/wp\/v2\/media\/108806"}],"wp:attachment":[{"href":"https:\/\/www.3p-gmbh.de\/da\/wp-json\/wp\/v2\/media?parent=108804"}],"wp:term":[{"taxonomy":"product_brand","embeddable":true,"href":"https:\/\/www.3p-gmbh.de\/da\/wp-json\/wp\/v2\/product_brand?post=108804"},{"taxonomy":"product_cat","embeddable":true,"href":"https:\/\/www.3p-gmbh.de\/da\/wp-json\/wp\/v2\/product_cat?post=108804"},{"taxonomy":"product_tag","embeddable":true,"href":"https:\/\/www.3p-gmbh.de\/da\/wp-json\/wp\/v2\/product_tag?post=108804"}],"curies":[{"name":"wp","href":"https:\/\/api.w.org\/{rel}","templated":true}]}}