{"id":108789,"date":"2021-01-12T13:48:31","date_gmt":"2021-01-12T13:48:31","guid":{"rendered":"https:\/\/www.3p-gmbh.de\/produkt\/kodningssystem-til-industriel-maerkning-med-printolux-model-printolux-fb-30-plus\/"},"modified":"2021-01-12T13:48:31","modified_gmt":"2021-01-12T13:48:31","slug":"kodningssystem-til-industriel-maerkning-med-printolux-model-printolux-fb-30-plus","status":"publish","type":"product","link":"https:\/\/www.3p-gmbh.de\/da\/produkt\/kodningssystem-til-industriel-maerkning-med-printolux-model-printolux-fb-30-plus\/","title":{"rendered":"Kodningssystem til industriel m\u00e6rkning med PrintoLUX\u00ae model PrintoLUX FB-30-Plus"},"content":{"rendered":"<div><strong>PrintoLUX FB-30-Plus etiketteringssystem<\/strong><\/div>\n<div>\nManuel h\u00f8jdejustering op til 30 mm<br \/>\nAktivt printomr\u00e5de op til maksimalt 320 x 540 mm<br \/>\nUnderst\u00f8tter v\u00e6gt op til maks. 10 kg. H\u00f8j printkvalitet takket v\u00e6re station\u00e6rt printbord og bev\u00e6gelig printenhed<br \/>\nYderligere forbedrede printresultater: Realisering af linjebredder p\u00e5 op til 0,05 mm<\/div>\n","protected":false},"excerpt":{"rendered":"<p>PrintoLUX FB-30-Plus etiketteringssystem Manuel h\u00f8jdejustering op til 30 mm Aktivt printomr\u00e5de op til maksimalt 320 x 540 mm Underst\u00f8tter v\u00e6gt op til maks. 10 kg. H\u00f8j printkvalitet takket v\u00e6re station\u00e6rt printbord og bev\u00e6gelig printenhed Yderligere forbedrede printresultater: Realisering af linjebredder p\u00e5 op til 0,05 mm<\/p>\n","protected":false},"featured_media":108790,"template":"","meta":[],"product_brand":[],"product_cat":[3310],"product_tag":[],"class_list":{"0":"post-108789","1":"product","2":"type-product","3":"status-publish","4":"has-post-thumbnail","6":"product_cat-digital-udskrivning","7":"pa_hersteller-printolux","8":"pa_typ-fb-30-plus","10":"first","11":"instock","12":"taxable","13":"shipping-taxable","14":"product-type-simple"},"jetpack_sharing_enabled":true,"_links":{"self":[{"href":"https:\/\/www.3p-gmbh.de\/da\/wp-json\/wp\/v2\/product\/108789","targetHints":{"allow":["GET"]}}],"collection":[{"href":"https:\/\/www.3p-gmbh.de\/da\/wp-json\/wp\/v2\/product"}],"about":[{"href":"https:\/\/www.3p-gmbh.de\/da\/wp-json\/wp\/v2\/types\/product"}],"wp:featuredmedia":[{"embeddable":true,"href":"https:\/\/www.3p-gmbh.de\/da\/wp-json\/wp\/v2\/media\/108790"}],"wp:attachment":[{"href":"https:\/\/www.3p-gmbh.de\/da\/wp-json\/wp\/v2\/media?parent=108789"}],"wp:term":[{"taxonomy":"product_brand","embeddable":true,"href":"https:\/\/www.3p-gmbh.de\/da\/wp-json\/wp\/v2\/product_brand?post=108789"},{"taxonomy":"product_cat","embeddable":true,"href":"https:\/\/www.3p-gmbh.de\/da\/wp-json\/wp\/v2\/product_cat?post=108789"},{"taxonomy":"product_tag","embeddable":true,"href":"https:\/\/www.3p-gmbh.de\/da\/wp-json\/wp\/v2\/product_tag?post=108789"}],"curies":[{"name":"wp","href":"https:\/\/api.w.org\/{rel}","templated":true}]}}