{"id":108717,"date":"2021-01-28T14:23:57","date_gmt":"2021-01-28T14:23:57","guid":{"rendered":"https:\/\/www.3p-gmbh.de\/produkt\/sartorios-ac-211-s-praecisionsvaegt\/"},"modified":"2021-01-28T14:23:57","modified_gmt":"2021-01-28T14:23:57","slug":"sartorios-ac-211-s-praecisionsvaegt","status":"publish","type":"product","link":"https:\/\/www.3p-gmbh.de\/da\/produkt\/sartorios-ac-211-s-praecisionsvaegt\/","title":{"rendered":"Sartorios AC 211 S pr\u00e6cisionsv\u00e6gt"},"content":{"rendered":"<p>Sartorios AC 211 S pr\u00e6cisionsv\u00e6gt<\/p>\n","protected":false},"excerpt":{"rendered":"<p>Sartorios AC 211 S pr\u00e6cisionsv\u00e6gt<\/p>\n","protected":false},"featured_media":108721,"template":"","meta":[],"product_brand":[],"product_cat":[3298],"product_tag":[],"class_list":{"0":"post-108717","1":"product","2":"type-product","3":"status-publish","4":"has-post-thumbnail","6":"product_cat-tilbehoer-og-reservedele-til-trykpresser","7":"pa_hersteller-sartorios","8":"pa_typ-ac-211-s","10":"first","11":"instock","12":"taxable","13":"shipping-taxable","14":"product-type-simple"},"jetpack_sharing_enabled":true,"_links":{"self":[{"href":"https:\/\/www.3p-gmbh.de\/da\/wp-json\/wp\/v2\/product\/108717","targetHints":{"allow":["GET"]}}],"collection":[{"href":"https:\/\/www.3p-gmbh.de\/da\/wp-json\/wp\/v2\/product"}],"about":[{"href":"https:\/\/www.3p-gmbh.de\/da\/wp-json\/wp\/v2\/types\/product"}],"wp:featuredmedia":[{"embeddable":true,"href":"https:\/\/www.3p-gmbh.de\/da\/wp-json\/wp\/v2\/media\/108721"}],"wp:attachment":[{"href":"https:\/\/www.3p-gmbh.de\/da\/wp-json\/wp\/v2\/media?parent=108717"}],"wp:term":[{"taxonomy":"product_brand","embeddable":true,"href":"https:\/\/www.3p-gmbh.de\/da\/wp-json\/wp\/v2\/product_brand?post=108717"},{"taxonomy":"product_cat","embeddable":true,"href":"https:\/\/www.3p-gmbh.de\/da\/wp-json\/wp\/v2\/product_cat?post=108717"},{"taxonomy":"product_tag","embeddable":true,"href":"https:\/\/www.3p-gmbh.de\/da\/wp-json\/wp\/v2\/product_tag?post=108717"}],"curies":[{"name":"wp","href":"https:\/\/api.w.org\/{rel}","templated":true}]}}