{"id":108601,"date":"2021-01-28T14:29:31","date_gmt":"2021-01-28T14:29:31","guid":{"rendered":"https:\/\/www.3p-gmbh.de\/produkt\/herzog-heymann-mobil-hoejdejusterbar-kort-eller-pharma-ten-lommemappe-hh-m-7-35-10\/"},"modified":"2021-01-28T14:29:31","modified_gmt":"2021-01-28T14:29:31","slug":"herzog-heymann-mobil-hoejdejusterbar-kort-eller-pharma-ten-lommemappe-hh-m-7-35-10","status":"publish","type":"product","link":"https:\/\/www.3p-gmbh.de\/da\/produkt\/herzog-heymann-mobil-hoejdejusterbar-kort-eller-pharma-ten-lommemappe-hh-m-7-35-10\/","title":{"rendered":"Herzog &amp; Heymann mobil, h\u00f8jdejusterbar kort- eller Pharma Ten-lommemappe H&amp;H M 7.35-10"},"content":{"rendered":"<div><strong><span style=\"font-family: Arial; font-size: medium;\">Herzog &amp; Heymann<\/span><\/strong><span style=\"font-family: Arial; font-size: medium;\"><br \/>\n<\/span><\/div>\n<div><span style=\"font-family: Arial; font-size: medium;\">Mobil, h\u00f8jdejusterbar plademappe med 10 sp\u00e6nder M 7.35-10<\/span><\/div>\n<div><span style=\"font-family: Arial; font-size: medium;\">fra Bj. 2006<\/span><\/div>\n<div><span style=\"font-family: Arial; font-size: medium;\"> <\/span><\/div>\n<div>-MC Selvkontrol<\/div>\n<div>-Skr\u00e5tstillet rulleindf\u00f8ringsbord med linealstop som 3. station<\/div>\n<div><span style=\"font-family: Arial; font-size: medium;\">-10 sp\u00e6ndeplader med indf\u00f8ringsbredde 760 mm<\/span><\/div>\n<div><span style=\"font-family: Arial; font-size: medium;\">&#8211;<\/span><span style=\"font-family: Arial; font-size: medium;\">den lille foldevalsediameter p\u00e5 35 mm er ideel til 30 mm mikrofoldning<\/span><\/div>\n<div><span style=\"font-family: Arial; font-size: medium;\">-motoriseret h\u00f8jdejustering<\/span><\/div>\n<div><span style=\"font-family: Arial; font-size: medium;\">-dobbelt nedstr\u00f8ms sk\u00e6reaksler<\/span><\/div>\n<div>-St\u00f8jbeskyttelse<\/div>\n","protected":false},"excerpt":{"rendered":"<p>Herzog &amp; Heymann Mobil, h\u00f8jdejusterbar plademappe med 10 sp\u00e6nder M 7.35-10 fra Bj. 2006 -MC Selvkontrol -Skr\u00e5tstillet rulleindf\u00f8ringsbord med linealstop som 3. station -10 sp\u00e6ndeplader med indf\u00f8ringsbredde 760 mm &#8211;den lille foldevalsediameter p\u00e5 35 mm er ideel til 30 mm mikrofoldning -motoriseret h\u00f8jdejustering -dobbelt nedstr\u00f8ms sk\u00e6reaksler -St\u00f8jbeskyttelse<\/p>\n","protected":false},"featured_media":108602,"template":"","meta":[],"product_brand":[],"product_cat":[3325],"product_tag":[],"class_list":{"0":"post-108601","1":"product","2":"type-product","3":"status-publish","4":"has-post-thumbnail","6":"product_cat-sammenklappelige-enheder","7":"pa_hersteller-herzog-heymann","8":"pa_typ-m-7-35-10","10":"first","11":"instock","12":"taxable","13":"shipping-taxable","14":"product-type-simple"},"jetpack_sharing_enabled":true,"_links":{"self":[{"href":"https:\/\/www.3p-gmbh.de\/da\/wp-json\/wp\/v2\/product\/108601","targetHints":{"allow":["GET"]}}],"collection":[{"href":"https:\/\/www.3p-gmbh.de\/da\/wp-json\/wp\/v2\/product"}],"about":[{"href":"https:\/\/www.3p-gmbh.de\/da\/wp-json\/wp\/v2\/types\/product"}],"wp:featuredmedia":[{"embeddable":true,"href":"https:\/\/www.3p-gmbh.de\/da\/wp-json\/wp\/v2\/media\/108602"}],"wp:attachment":[{"href":"https:\/\/www.3p-gmbh.de\/da\/wp-json\/wp\/v2\/media?parent=108601"}],"wp:term":[{"taxonomy":"product_brand","embeddable":true,"href":"https:\/\/www.3p-gmbh.de\/da\/wp-json\/wp\/v2\/product_brand?post=108601"},{"taxonomy":"product_cat","embeddable":true,"href":"https:\/\/www.3p-gmbh.de\/da\/wp-json\/wp\/v2\/product_cat?post=108601"},{"taxonomy":"product_tag","embeddable":true,"href":"https:\/\/www.3p-gmbh.de\/da\/wp-json\/wp\/v2\/product_tag?post=108601"}],"curies":[{"name":"wp","href":"https:\/\/api.w.org\/{rel}","templated":true}]}}