{"id":108592,"date":"2021-01-28T15:29:08","date_gmt":"2021-01-28T15:29:08","guid":{"rendered":"https:\/\/www.3p-gmbh.de\/produkt\/kallfass-superwrap-650-straekpakker-med-kallfass-universal-650-hv-krympetunnel\/"},"modified":"2021-01-28T15:29:08","modified_gmt":"2021-01-28T15:29:08","slug":"kallfass-superwrap-650-straekpakker-med-kallfass-universal-650-hv-krympetunnel","status":"publish","type":"product","link":"https:\/\/www.3p-gmbh.de\/da\/produkt\/kallfass-superwrap-650-straekpakker-med-kallfass-universal-650-hv-krympetunnel\/","title":{"rendered":"Kallfass Superwrap 650 str\u00e6kpakker med Kallfass Universal 650 HV krympetunnel"},"content":{"rendered":"<div><span style=\"font-family: Arial;\"><span style=\"color: #008000;\"><strong>Fuldautomatisk buntpakkemaskine Kallfass Superwrap 650 Inline med krympetunnel Universal 650 HV med k\u00f8ling efter krympning<\/strong><\/span><\/span><\/div>\n<div><span style=\"color: #008000; font-family: Arial;\"><strong>fra Bj. 2004<\/strong><\/span><span style=\"font-family: Arial;\"><span style=\"color: #008000;\"><strong><br \/>\n<\/strong><\/span><\/span><\/div>\n<div><span style=\"font-family: Arial;\">Med alsidige anvendelsesmuligheder til krukker, d\u00e5ser, \u00e6sker, d\u00e5ser, produktstakke og produktpakker med og uden bakker.<\/span><\/div>\n<div><span style=\"font-family: Arial;\">er i gode h\u00e6nder med Super Wrap.<\/span><\/div>\n<div><span style=\"font-family: Arial;\">Banderoleringsmaskinen imponerer ogs\u00e5 med sin hastighed og p\u00e5lidelighed.<\/span><\/div>\n<div><span style=\"font-family: Arial;\">Tekniske data:<\/span><\/div>\n<div><\/div>\n<div><span style=\"font-family: Arial;\">Emballagetype: foliehylster<br \/>\nPakkeydelse: op til 15 cyklusser\/min.<br \/>\nFormatomr\u00e5de: Gennemgangsbredde: 650 mm<br \/>\nGennemgangsh\u00f8jde, justerbar: 100 &#8211; 400 mm<\/span><\/div>\n<div><\/div>\n<div><a href=\"https:\/\/www.3p-gmbh.de\/wp-content\/uploads\/2021\/01\/Kallfass-SuperWrap.pdf\">Kallfass SuperWrap<\/a><\/div>\n","protected":false},"excerpt":{"rendered":"<p>Fuldautomatisk buntpakkemaskine Kallfass Superwrap 650 Inline med krympetunnel Universal 650 HV med k\u00f8ling efter krympning fra Bj. 2004 Med alsidige anvendelsesmuligheder til krukker, d\u00e5ser, \u00e6sker, d\u00e5ser, produktstakke og produktpakker med og uden bakker. er i gode h\u00e6nder med Super Wrap. Banderoleringsmaskinen imponerer ogs\u00e5 med sin hastighed og p\u00e5lidelighed. Tekniske data: Emballagetype: foliehylster Pakkeydelse: op til [&hellip;]<\/p>\n","protected":false},"featured_media":108593,"template":"","meta":[],"product_brand":[],"product_cat":[3359],"product_tag":[],"class_list":{"0":"post-108592","1":"product","2":"type-product","3":"status-publish","4":"has-post-thumbnail","6":"product_cat-foliepakning-og-straekpakkemaskiner","7":"pa_hersteller-kallfass","8":"pa_typ-superwrap-650-mit-standard-650-n","10":"first","11":"instock","12":"taxable","13":"shipping-taxable","14":"product-type-simple"},"jetpack_sharing_enabled":true,"_links":{"self":[{"href":"https:\/\/www.3p-gmbh.de\/da\/wp-json\/wp\/v2\/product\/108592","targetHints":{"allow":["GET"]}}],"collection":[{"href":"https:\/\/www.3p-gmbh.de\/da\/wp-json\/wp\/v2\/product"}],"about":[{"href":"https:\/\/www.3p-gmbh.de\/da\/wp-json\/wp\/v2\/types\/product"}],"wp:featuredmedia":[{"embeddable":true,"href":"https:\/\/www.3p-gmbh.de\/da\/wp-json\/wp\/v2\/media\/108593"}],"wp:attachment":[{"href":"https:\/\/www.3p-gmbh.de\/da\/wp-json\/wp\/v2\/media?parent=108592"}],"wp:term":[{"taxonomy":"product_brand","embeddable":true,"href":"https:\/\/www.3p-gmbh.de\/da\/wp-json\/wp\/v2\/product_brand?post=108592"},{"taxonomy":"product_cat","embeddable":true,"href":"https:\/\/www.3p-gmbh.de\/da\/wp-json\/wp\/v2\/product_cat?post=108592"},{"taxonomy":"product_tag","embeddable":true,"href":"https:\/\/www.3p-gmbh.de\/da\/wp-json\/wp\/v2\/product_tag?post=108592"}],"curies":[{"name":"wp","href":"https:\/\/api.w.org\/{rel}","templated":true}]}}