{"id":108381,"date":"2021-01-28T16:04:44","date_gmt":"2021-01-28T16:04:44","guid":{"rendered":"https:\/\/www.3p-gmbh.de\/produkt\/kortfoldemaskine-herzog-heymann-m7-10-35-m7-4-58-fladbunkefoeder-mbo-f-76-solo-mobil-opretstaaende-udlevering-371\/"},"modified":"2021-01-28T16:04:44","modified_gmt":"2021-01-28T16:04:44","slug":"kortfoldemaskine-herzog-heymann-m7-10-35-m7-4-58-fladbunkefoeder-mbo-f-76-solo-mobil-opretstaaende-udlevering-371","status":"publish","type":"product","link":"https:\/\/www.3p-gmbh.de\/da\/produkt\/kortfoldemaskine-herzog-heymann-m7-10-35-m7-4-58-fladbunkefoeder-mbo-f-76-solo-mobil-opretstaaende-udlevering-371\/","title":{"rendered":"Kortfoldemaskine Herzog &amp; Heymann M7.10-35 + M7.4-58 + fladbunkef\u00f8der MBO F 76 Solo &#8211; mobil opretst\u00e5ende udlevering 371"},"content":{"rendered":"<div><span style=\"color: #0000ff; font-family: Arial;\"><strong>Kortfoldemaskine Herzog &amp; Heymann M7.10-35 + M7.4-58 + fladbunkef\u00f8der MBO F 76 Solo &#8211; mobil opretst\u00e5ende udlevering 371<\/strong><\/span><\/div>\n<div><span style=\"color: #0000ff; font-family: Arial;\"><strong>Bygge\u00e5r 2006<\/strong><\/span><\/div>\n<div><\/div>\n<div><span style=\"font-family: Arial;\">Fladbunkef\u00f8der MBO F 76 Solo<\/span><\/div>\n<div><span style=\"font-family: Arial;\">Format: maks. 760&#215;1020 mm<\/span><\/div>\n<div><span style=\"font-family: Arial;\">Stablingsh\u00f8jde: 600 mm<\/span><\/div>\n<div><span style=\"font-family: Arial;\">Stablingsv\u00e6gt maks. 1500 kg<\/span><\/div>\n<div><span style=\"font-family: Arial;\">Netsp\u00e6nding: 230\/400 V\/50 Hz<\/span><\/div>\n<div><span style=\"font-family: Arial;\">Styresp\u00e6nding: 24 V, DC<\/span><\/div>\n<div><span style=\"font-family: Arial;\">Tryk- og vakuumpumpe<\/span><\/div>\n<div><\/div>\n<div><span style=\"color: #ff0000;\"><span style=\"font-family: Arial;\">1. foldeaggregat Herzog &amp; Heymann M7-35 <\/span><span style=\"font-family: Arial;\">med 10 sp\u00e6ndeplader indf\u00f8ringsbredde 76 cm<\/span><\/span><\/div>\n<div><span style=\"font-family: Arial;\">Rullediameter 35 mm, mindste fold 30 mm<\/span><\/div>\n<div><span style=\"font-family: Arial;\">Nedstr\u00f8ms sk\u00e6reaksler<\/span><\/div>\n<div><span style=\"font-family: Arial;\">St\u00f8jbeskyttelse<\/span><\/div>\n<div><\/div>\n<div><span style=\"color: #ff0000; font-family: Arial;\">optr\u00e6kkeligt transferbord 830<\/span><\/div>\n<div><\/div>\n<div><span style=\"font-family: Arial;\"><span style=\"color: #ff0000;\">2. Mobil foldeenhed Herzog &amp; Heymann M7-58.2<\/span><br \/>\nmed 2 foldede lommer indl\u00f8bsbredde 56 cm<\/span><\/div>\n<div><span style=\"font-family: Arial;\">Dobbelt nedstr\u00f8ms sk\u00e6reaksler<\/span><\/div>\n<div><span style=\"font-family: Arial;\">St\u00f8jbeskyttelse<\/span><\/div>\n<div><\/div>\n<div>\n<div><span style=\"color: #ff0000; font-family: Arial;\">Mobilt forflytningsbord 830<\/span><\/div>\n<div><\/div>\n<\/div>\n<div><span style=\"font-family: Arial;\"><span style=\"color: #ff0000;\">Mobil, h\u00f8jdejusterbar st\u00e5ende svangst\u00f8tte 371<\/span><\/span><\/div>\n","protected":false},"excerpt":{"rendered":"<p>Kortfoldemaskine Herzog &amp; Heymann M7.10-35 + M7.4-58 + fladbunkef\u00f8der MBO F 76 Solo &#8211; mobil opretst\u00e5ende udlevering 371 Bygge\u00e5r 2006 Fladbunkef\u00f8der MBO F 76 Solo Format: maks. 760&#215;1020 mm Stablingsh\u00f8jde: 600 mm Stablingsv\u00e6gt maks. 1500 kg Netsp\u00e6nding: 230\/400 V\/50 Hz Styresp\u00e6nding: 24 V, DC Tryk- og vakuumpumpe 1. foldeaggregat Herzog &amp; Heymann M7-35 med 10 [&hellip;]<\/p>\n","protected":false},"featured_media":108382,"template":"","meta":[],"product_brand":[],"product_cat":[3389],"product_tag":[],"class_list":{"0":"post-108381","1":"product","2":"type-product","3":"status-publish","4":"has-post-thumbnail","6":"product_cat-foldemaskiner","7":"pa_hersteller-herzog-heymann","8":"pa_typ-2111","9":"pa_typ-f-76-solo","10":"pa_typ-m7-10-35","11":"pa_typ-m7-4-58","13":"first","14":"instock","15":"taxable","16":"shipping-taxable","17":"product-type-simple"},"jetpack_sharing_enabled":true,"_links":{"self":[{"href":"https:\/\/www.3p-gmbh.de\/da\/wp-json\/wp\/v2\/product\/108381","targetHints":{"allow":["GET"]}}],"collection":[{"href":"https:\/\/www.3p-gmbh.de\/da\/wp-json\/wp\/v2\/product"}],"about":[{"href":"https:\/\/www.3p-gmbh.de\/da\/wp-json\/wp\/v2\/types\/product"}],"wp:featuredmedia":[{"embeddable":true,"href":"https:\/\/www.3p-gmbh.de\/da\/wp-json\/wp\/v2\/media\/108382"}],"wp:attachment":[{"href":"https:\/\/www.3p-gmbh.de\/da\/wp-json\/wp\/v2\/media?parent=108381"}],"wp:term":[{"taxonomy":"product_brand","embeddable":true,"href":"https:\/\/www.3p-gmbh.de\/da\/wp-json\/wp\/v2\/product_brand?post=108381"},{"taxonomy":"product_cat","embeddable":true,"href":"https:\/\/www.3p-gmbh.de\/da\/wp-json\/wp\/v2\/product_cat?post=108381"},{"taxonomy":"product_tag","embeddable":true,"href":"https:\/\/www.3p-gmbh.de\/da\/wp-json\/wp\/v2\/product_tag?post=108381"}],"curies":[{"name":"wp","href":"https:\/\/api.w.org\/{rel}","templated":true}]}}