{"id":108339,"date":"2021-02-02T00:30:51","date_gmt":"2021-02-02T00:30:51","guid":{"rendered":"https:\/\/www.3p-gmbh.de\/produkt\/justfeed-universal-konvolutfremfoeringssaet\/"},"modified":"2021-02-02T00:30:51","modified_gmt":"2021-02-02T00:30:51","slug":"justfeed-universal-konvolutfremfoeringssaet","status":"publish","type":"product","link":"https:\/\/www.3p-gmbh.de\/da\/produkt\/justfeed-universal-konvolutfremfoeringssaet\/","title":{"rendered":"JustFeed Universal konvolutfremf\u00f8ringss\u00e6t"},"content":{"rendered":"<p><strong>S\u00e6t til konvolutfremf\u00f8ring<\/strong><br \/>\nJustfeed Universal brugt (komplet)<\/p>\n","protected":false},"excerpt":{"rendered":"<p>S\u00e6t til konvolutfremf\u00f8ring Justfeed Universal brugt (komplet)<\/p>\n","protected":false},"featured_media":108340,"template":"","meta":[],"product_brand":[],"product_cat":[3298],"product_tag":[],"class_list":{"0":"post-108339","1":"product","2":"type-product","3":"status-publish","4":"has-post-thumbnail","6":"product_cat-tilbehoer-og-reservedele-til-trykpresser","7":"pa_hersteller-justfeed","9":"first","10":"instock","11":"taxable","12":"shipping-taxable","13":"product-type-simple"},"jetpack_sharing_enabled":true,"_links":{"self":[{"href":"https:\/\/www.3p-gmbh.de\/da\/wp-json\/wp\/v2\/product\/108339","targetHints":{"allow":["GET"]}}],"collection":[{"href":"https:\/\/www.3p-gmbh.de\/da\/wp-json\/wp\/v2\/product"}],"about":[{"href":"https:\/\/www.3p-gmbh.de\/da\/wp-json\/wp\/v2\/types\/product"}],"wp:featuredmedia":[{"embeddable":true,"href":"https:\/\/www.3p-gmbh.de\/da\/wp-json\/wp\/v2\/media\/108340"}],"wp:attachment":[{"href":"https:\/\/www.3p-gmbh.de\/da\/wp-json\/wp\/v2\/media?parent=108339"}],"wp:term":[{"taxonomy":"product_brand","embeddable":true,"href":"https:\/\/www.3p-gmbh.de\/da\/wp-json\/wp\/v2\/product_brand?post=108339"},{"taxonomy":"product_cat","embeddable":true,"href":"https:\/\/www.3p-gmbh.de\/da\/wp-json\/wp\/v2\/product_cat?post=108339"},{"taxonomy":"product_tag","embeddable":true,"href":"https:\/\/www.3p-gmbh.de\/da\/wp-json\/wp\/v2\/product_tag?post=108339"}],"curies":[{"name":"wp","href":"https:\/\/api.w.org\/{rel}","templated":true}]}}