{"id":108271,"date":"2021-02-07T12:54:13","date_gmt":"2021-02-07T12:54:13","guid":{"rendered":"https:\/\/www.3p-gmbh.de\/produkt\/elektrisk-rille-og-perforeringsmaskine-pernuma\/"},"modified":"2021-02-07T12:54:13","modified_gmt":"2021-02-07T12:54:13","slug":"elektrisk-rille-og-perforeringsmaskine-pernuma","status":"publish","type":"product","link":"https:\/\/www.3p-gmbh.de\/da\/produkt\/elektrisk-rille-og-perforeringsmaskine-pernuma\/","title":{"rendered":"elektrisk rille- og perforeringsmaskine Pernuma"},"content":{"rendered":"<div><strong>Pernuma elektrisk rille- og perforeringsmaskine<\/strong><\/div>\n<div>Arbejdsbredde 70 cm<\/div>\n<div>Trin-system<\/div>\n<div><\/div>\n<div>1 v\u00e6rkt\u00f8j til rillning<\/div>\n<div>1 v\u00e6rkt\u00f8j til perforering af 0,8 mm huller<\/div>\n","protected":false},"excerpt":{"rendered":"<p>Pernuma elektrisk rille- og perforeringsmaskine Arbejdsbredde 70 cm Trin-system 1 v\u00e6rkt\u00f8j til rillning 1 v\u00e6rkt\u00f8j til perforering af 0,8 mm huller<\/p>\n","protected":false},"featured_media":108281,"template":"","meta":[],"product_brand":[],"product_cat":[3386],"product_tag":[],"class_list":{"0":"post-108271","1":"product","2":"type-product","3":"status-publish","4":"has-post-thumbnail","6":"product_cat-rille-og-perforeringsmaskiner","7":"pa_hersteller-pernuma","9":"first","10":"instock","11":"taxable","12":"shipping-taxable","13":"product-type-simple"},"jetpack_sharing_enabled":true,"_links":{"self":[{"href":"https:\/\/www.3p-gmbh.de\/da\/wp-json\/wp\/v2\/product\/108271","targetHints":{"allow":["GET"]}}],"collection":[{"href":"https:\/\/www.3p-gmbh.de\/da\/wp-json\/wp\/v2\/product"}],"about":[{"href":"https:\/\/www.3p-gmbh.de\/da\/wp-json\/wp\/v2\/types\/product"}],"wp:featuredmedia":[{"embeddable":true,"href":"https:\/\/www.3p-gmbh.de\/da\/wp-json\/wp\/v2\/media\/108281"}],"wp:attachment":[{"href":"https:\/\/www.3p-gmbh.de\/da\/wp-json\/wp\/v2\/media?parent=108271"}],"wp:term":[{"taxonomy":"product_brand","embeddable":true,"href":"https:\/\/www.3p-gmbh.de\/da\/wp-json\/wp\/v2\/product_brand?post=108271"},{"taxonomy":"product_cat","embeddable":true,"href":"https:\/\/www.3p-gmbh.de\/da\/wp-json\/wp\/v2\/product_cat?post=108271"},{"taxonomy":"product_tag","embeddable":true,"href":"https:\/\/www.3p-gmbh.de\/da\/wp-json\/wp\/v2\/product_tag?post=108271"}],"curies":[{"name":"wp","href":"https:\/\/api.w.org\/{rel}","templated":true}]}}