{"id":108117,"date":"2021-02-07T13:57:10","date_gmt":"2021-02-07T13:57:10","guid":{"rendered":"https:\/\/www.3p-gmbh.de\/produkt\/graphic-whizard-creasemaster-plus-automatisk-maskine-til-rillning-stansning-rillning-og-perforering\/"},"modified":"2021-02-07T13:57:10","modified_gmt":"2021-02-07T13:57:10","slug":"graphic-whizard-creasemaster-plus-automatisk-maskine-til-rillning-stansning-rillning-og-perforering","status":"publish","type":"product","link":"https:\/\/www.3p-gmbh.de\/da\/produkt\/graphic-whizard-creasemaster-plus-automatisk-maskine-til-rillning-stansning-rillning-og-perforering\/","title":{"rendered":"Graphic Whizard CreaseMaster Plus &#8211; automatisk maskine til rillning, stansning, rillning og perforering"},"content":{"rendered":"<p><span style=\"color: #0000ff;\"><strong>Graphic Whizard CreaseMaster Plus<br \/>\nfra Bj. 2014<\/strong><\/span><\/p>\n<p><strong>Automatisk maskine til notning, rillning og perforering<\/strong><\/p>\n<p>V\u00e6gt 45-385 gram<br \/>\nPapirformater maks. 45,7 x65cm og min. 7,6 x12,7 cm<br \/>\nsidste rille op til 70 cm mulig<\/p>\n<p>&#8211; Touch-display med 20 programmer med op til 10 riller, der kan lagres<\/p>\n<p>&#8211; med sugelufttilf\u00f8rsel under gulvet<\/p>\n<p>&#8211; med et pneumatisk perforeringshoved til cyklusperforering i arkets bev\u00e6gelsesretning<br \/>\nIdeel til at lave svarkort til at klippe ud<\/p>\n<p>&#8211; to pneumatisk parallelle arbejdsbj\u00e6lker (traverser) til notning, rillning, perforering eller mikroperforering<br \/>\nog 4 v\u00e6rkt\u00f8jsholdere<\/p>\n<p>OBS Tryklufttilslutning er p\u00e5kr\u00e6vet p\u00e5 stedet<\/p>\n","protected":false},"excerpt":{"rendered":"<p>Graphic Whizard CreaseMaster Plus fra Bj. 2014 Automatisk maskine til notning, rillning og perforering V\u00e6gt 45-385 gram Papirformater maks. 45,7 x65cm og min. 7,6 x12,7 cm sidste rille op til 70 cm mulig &#8211; Touch-display med 20 programmer med op til 10 riller, der kan lagres &#8211; med sugelufttilf\u00f8rsel under gulvet &#8211; med et pneumatisk [&hellip;]<\/p>\n","protected":false},"featured_media":108121,"template":"","meta":[],"product_brand":[],"product_cat":[3386],"product_tag":[],"class_list":{"0":"post-108117","1":"product","2":"type-product","3":"status-publish","4":"has-post-thumbnail","6":"product_cat-rille-og-perforeringsmaskiner","7":"pa_hersteller-graphic-whizard","8":"pa_typ-creasemaster-plus","10":"first","11":"instock","12":"taxable","13":"shipping-taxable","14":"product-type-simple"},"jetpack_sharing_enabled":true,"_links":{"self":[{"href":"https:\/\/www.3p-gmbh.de\/da\/wp-json\/wp\/v2\/product\/108117","targetHints":{"allow":["GET"]}}],"collection":[{"href":"https:\/\/www.3p-gmbh.de\/da\/wp-json\/wp\/v2\/product"}],"about":[{"href":"https:\/\/www.3p-gmbh.de\/da\/wp-json\/wp\/v2\/types\/product"}],"wp:featuredmedia":[{"embeddable":true,"href":"https:\/\/www.3p-gmbh.de\/da\/wp-json\/wp\/v2\/media\/108121"}],"wp:attachment":[{"href":"https:\/\/www.3p-gmbh.de\/da\/wp-json\/wp\/v2\/media?parent=108117"}],"wp:term":[{"taxonomy":"product_brand","embeddable":true,"href":"https:\/\/www.3p-gmbh.de\/da\/wp-json\/wp\/v2\/product_brand?post=108117"},{"taxonomy":"product_cat","embeddable":true,"href":"https:\/\/www.3p-gmbh.de\/da\/wp-json\/wp\/v2\/product_cat?post=108117"},{"taxonomy":"product_tag","embeddable":true,"href":"https:\/\/www.3p-gmbh.de\/da\/wp-json\/wp\/v2\/product_tag?post=108117"}],"curies":[{"name":"wp","href":"https:\/\/api.w.org\/{rel}","templated":true}]}}