{"id":107926,"date":"2021-02-15T09:51:44","date_gmt":"2021-02-15T09:51:44","guid":{"rendered":"https:\/\/www.3p-gmbh.de\/produkt\/bacciotini-pit-stop-mini-36-binderhaus-r-36-automatisk-rille-false-og-perforeringsmaskine\/"},"modified":"2021-02-15T09:51:44","modified_gmt":"2021-02-15T09:51:44","slug":"bacciotini-pit-stop-mini-36-binderhaus-r-36-automatisk-rille-false-og-perforeringsmaskine","status":"publish","type":"product","link":"https:\/\/www.3p-gmbh.de\/da\/produkt\/bacciotini-pit-stop-mini-36-binderhaus-r-36-automatisk-rille-false-og-perforeringsmaskine\/","title":{"rendered":"Bacciotini Pit Stop Mini 36 \/ Binderhaus R 36 automatisk rille-, false- og perforeringsmaskine"},"content":{"rendered":"<div><span style=\"font-family: Arial;\"><span style=\"color: #0000ff;\"><span style=\"font-size: large;\"><strong>Bacciotini Pit Stop Mini 36<\/strong><\/span><\/span><\/span><\/div>\n<div><span style=\"font-family: Arial;\"><span style=\"color: #0000ff;\"><span style=\"font-size: large;\"><strong>fra Bj. 2009<br \/>\nOEM Binderhaus R 36 rille- og perforeringsmaskine<br \/>\nmed 3 udskiftelige v\u00e6rkt\u00f8jer til rillning\/kr\u00f8lning, perforering og mikroperforering<\/strong><\/span><\/span><\/span><\/div>\n<div><span style=\"font-size: large;\"><span style=\"color: #ff0000; font-family: Arial;\">   <\/span><br \/>\n<\/span><span style=\"font-family: Arial; font-size: large;\">Indgangsmodel til rillning, rillning, perforering og mikroperforering op til 36 cm i bredden.<br \/>\nSugefeederen har en kapacitet p\u00e5 op til 50 mm og adskiller ogs\u00e5 f\u00f8lsomme digital- og offsettryk sikkert og sk\u00e5nsomt.<br \/>\nRillemaskinen bearbejder plader med en bredde p\u00e5 op til 36 cm og en maksimal pladel\u00e6ngde p\u00e5 200 cm.<br \/>\nDer er mulighed for op til 20 riller pr. ark.<br \/>\nPositioneringsn\u00f8jagtigheden er 0,1 mm.<\/span><\/div>\n<div>\n<p><span style=\"font-family: Arial; font-size: large;\">Riller og folder ved 6.500 timer<\/span><\/p>\n<p>Rynkemaskinen R36 er ideel til digitaltryk, offsettryk og bogbinding med mindre eller hyppigt skiftende oplag takket v\u00e6re dens<\/p>\n<\/div>\n<div><span style=\"font-family: Arial;\"><span style=\"font-size: large;\">deres korte opstartstid p\u00e5 kun ca. 1 minut.<br \/>\nDet tager ca. 15 sekunder at skifte v\u00e6rkt\u00f8j.<br \/>\n<\/span><\/span><\/div>\n<div><a href=\"https:\/\/youtu.be\/CwlcL57CBc4\">https:\/\/youtu.be\/CwlcL57CBc4<\/a><\/div>\n","protected":false},"excerpt":{"rendered":"<p>Bacciotini Pit Stop Mini 36 fra Bj. 2009 OEM Binderhaus R 36 rille- og perforeringsmaskine med 3 udskiftelige v\u00e6rkt\u00f8jer til rillning\/kr\u00f8lning, perforering og mikroperforering Indgangsmodel til rillning, rillning, perforering og mikroperforering op til 36 cm i bredden. Sugefeederen har en kapacitet p\u00e5 op til 50 mm og adskiller ogs\u00e5 f\u00f8lsomme digital- og offsettryk sikkert og [&hellip;]<\/p>\n","protected":false},"featured_media":107927,"template":"","meta":[],"product_brand":[],"product_cat":[3386],"product_tag":[],"class_list":{"0":"post-107926","1":"product","2":"type-product","3":"status-publish","4":"has-post-thumbnail","6":"product_cat-rille-og-perforeringsmaskiner","7":"pa_hersteller-bacciotini","8":"pa_hersteller-binderhaus","9":"pa_typ-pit-stop-mini-36","10":"pa_typ-r-36","12":"first","13":"instock","14":"taxable","15":"shipping-taxable","16":"product-type-simple"},"jetpack_sharing_enabled":true,"_links":{"self":[{"href":"https:\/\/www.3p-gmbh.de\/da\/wp-json\/wp\/v2\/product\/107926","targetHints":{"allow":["GET"]}}],"collection":[{"href":"https:\/\/www.3p-gmbh.de\/da\/wp-json\/wp\/v2\/product"}],"about":[{"href":"https:\/\/www.3p-gmbh.de\/da\/wp-json\/wp\/v2\/types\/product"}],"wp:featuredmedia":[{"embeddable":true,"href":"https:\/\/www.3p-gmbh.de\/da\/wp-json\/wp\/v2\/media\/107927"}],"wp:attachment":[{"href":"https:\/\/www.3p-gmbh.de\/da\/wp-json\/wp\/v2\/media?parent=107926"}],"wp:term":[{"taxonomy":"product_brand","embeddable":true,"href":"https:\/\/www.3p-gmbh.de\/da\/wp-json\/wp\/v2\/product_brand?post=107926"},{"taxonomy":"product_cat","embeddable":true,"href":"https:\/\/www.3p-gmbh.de\/da\/wp-json\/wp\/v2\/product_cat?post=107926"},{"taxonomy":"product_tag","embeddable":true,"href":"https:\/\/www.3p-gmbh.de\/da\/wp-json\/wp\/v2\/product_tag?post=107926"}],"curies":[{"name":"wp","href":"https:\/\/api.w.org\/{rel}","templated":true}]}}