{"id":107879,"date":"2021-02-15T09:55:55","date_gmt":"2021-02-15T09:55:55","guid":{"rendered":"https:\/\/www.3p-gmbh.de\/produkt\/bacciotini-pit-stop-af-binderhaus-r-50-rille-og-stansemaskine-med-touch-betjening\/"},"modified":"2021-02-15T09:55:55","modified_gmt":"2021-02-15T09:55:55","slug":"bacciotini-pit-stop-af-binderhaus-r-50-rille-og-stansemaskine-med-touch-betjening","status":"publish","type":"product","link":"https:\/\/www.3p-gmbh.de\/da\/produkt\/bacciotini-pit-stop-af-binderhaus-r-50-rille-og-stansemaskine-med-touch-betjening\/","title":{"rendered":"Bacciotini Pit Stop AF \/ Binderhaus R 50 rille- og stansemaskine med touch-betjening"},"content":{"rendered":"<div><span style=\"font-family: Arial;\"><span style=\"font-size: large;\"><span style=\"color: #0000ff;\">Bacciotini Pit Stop AF Speed med touch-kontrol<br \/>\nOEM Binderhaus R 50 rille- og perforeringsmaskine<br \/>\nfra Bj. 2010<\/span><\/span><\/span><\/div>\n<div><span style=\"font-size: large;\"><br \/>\n<\/span><span style=\"font-family: Arial; font-size: large;\">Indgangsmodel til rillning, rillning, perforering og mikroperforering i op til 50 cm bredde.<br \/>\nSugefeederen har en kapacitet p\u00e5 op til 50 mm og adskiller ogs\u00e5 f\u00f8lsomme digital- og offsettryk sikkert og sk\u00e5nsomt.<br \/>\nRillemaskinen behandler plader, der er op til 50 cm brede, med en maksimal pladel\u00e6ngde p\u00e5 200 cm.<br \/>\nDer er mulighed for op til 20 riller pr. ark.<br \/>\nPositioneringsn\u00f8jagtigheden er 0,1 mm.<\/span><\/div>\n<div><\/div>\n<div><span style=\"font-family: Arial; font-size: large;\">Riller og folder ved 6.500 timer<\/p>\n<p>Rillemaskinen R50 er ideel til digitaltryk, offsettryk og bogbinding med sm\u00e5 eller hyppigt skiftende oplag takket v\u00e6re den korte opstartstid p\u00e5 kun ca. 1 minut.<br \/>\nDet tager ca. 15 sekunder at skifte v\u00e6rkt\u00f8j.  <\/span><\/div>\n","protected":false},"excerpt":{"rendered":"<p>Bacciotini Pit Stop AF Speed med touch-kontrol OEM Binderhaus R 50 rille- og perforeringsmaskine fra Bj. 2010 Indgangsmodel til rillning, rillning, perforering og mikroperforering i op til 50 cm bredde. Sugefeederen har en kapacitet p\u00e5 op til 50 mm og adskiller ogs\u00e5 f\u00f8lsomme digital- og offsettryk sikkert og sk\u00e5nsomt. Rillemaskinen behandler plader, der er op [&hellip;]<\/p>\n","protected":false},"featured_media":107885,"template":"","meta":[],"product_brand":[],"product_cat":[3386],"product_tag":[],"class_list":{"0":"post-107879","1":"product","2":"type-product","3":"status-publish","4":"has-post-thumbnail","6":"product_cat-rille-og-perforeringsmaskiner","7":"pa_hersteller-bacciotini","8":"pa_hersteller-binderhaus","9":"pa_typ-pit-stop-af","10":"pa_typ-r-50","12":"first","13":"instock","14":"taxable","15":"shipping-taxable","16":"product-type-simple"},"jetpack_sharing_enabled":true,"_links":{"self":[{"href":"https:\/\/www.3p-gmbh.de\/da\/wp-json\/wp\/v2\/product\/107879","targetHints":{"allow":["GET"]}}],"collection":[{"href":"https:\/\/www.3p-gmbh.de\/da\/wp-json\/wp\/v2\/product"}],"about":[{"href":"https:\/\/www.3p-gmbh.de\/da\/wp-json\/wp\/v2\/types\/product"}],"wp:featuredmedia":[{"embeddable":true,"href":"https:\/\/www.3p-gmbh.de\/da\/wp-json\/wp\/v2\/media\/107885"}],"wp:attachment":[{"href":"https:\/\/www.3p-gmbh.de\/da\/wp-json\/wp\/v2\/media?parent=107879"}],"wp:term":[{"taxonomy":"product_brand","embeddable":true,"href":"https:\/\/www.3p-gmbh.de\/da\/wp-json\/wp\/v2\/product_brand?post=107879"},{"taxonomy":"product_cat","embeddable":true,"href":"https:\/\/www.3p-gmbh.de\/da\/wp-json\/wp\/v2\/product_cat?post=107879"},{"taxonomy":"product_tag","embeddable":true,"href":"https:\/\/www.3p-gmbh.de\/da\/wp-json\/wp\/v2\/product_tag?post=107879"}],"curies":[{"name":"wp","href":"https:\/\/api.w.org\/{rel}","templated":true}]}}