{"id":107798,"date":"2021-02-15T10:03:14","date_gmt":"2021-02-15T10:03:14","guid":{"rendered":"https:\/\/www.3p-gmbh.de\/produkt\/technografica-highspeed-trykpladeindstikslinje-diamond-1550\/"},"modified":"2021-02-15T10:03:14","modified_gmt":"2021-02-15T10:03:14","slug":"technografica-highspeed-trykpladeindstikslinje-diamond-1550","status":"publish","type":"product","link":"https:\/\/www.3p-gmbh.de\/da\/produkt\/technografica-highspeed-trykpladeindstikslinje-diamond-1550\/","title":{"rendered":"Technografica HighSpeed-trykpladeindstikslinje Diamond 1550"},"content":{"rendered":"<p><strong>Technografica HighSpeed-trykpladeindstikslinje Diamond 1550<\/strong><br \/>\n<strong>fra 2007<\/strong><\/p>\n<div>\n<p>max. Indf\u00f8ringsbredde 1550 mm<\/p>\n<p><em>best\u00e5ende af:<\/em><\/p>\n<ul>\n<li>Indf\u00f8ringsbord med 90\u00b0 hj\u00f8rneafb\u00f8jning<\/li>\n<li>TPP 1550 h\u00f8jhastighedsprocessor<\/li>\n<li>Mellemliggende transportbord<\/li>\n<li>EBO Diamant 1550 h\u00f8jhastigheds-h\u00e6rdningsovn<\/li>\n<li>Mellemliggende transportbord<\/li>\n<li>HighSpeed SBG Diamond 1550<\/li>\n<li>Stabler til sortering<\/li>\n<\/ul>\n<\/div>\n","protected":false},"excerpt":{"rendered":"<p>Technografica HighSpeed-trykpladeindstikslinje Diamond 1550 fra 2007 max. Indf\u00f8ringsbredde 1550 mm best\u00e5ende af: Indf\u00f8ringsbord med 90\u00b0 hj\u00f8rneafb\u00f8jning TPP 1550 h\u00f8jhastighedsprocessor Mellemliggende transportbord EBO Diamant 1550 h\u00f8jhastigheds-h\u00e6rdningsovn Mellemliggende transportbord HighSpeed SBG Diamond 1550 Stabler til sortering<\/p>\n","protected":false},"featured_media":107818,"template":"","meta":[],"product_brand":[],"product_cat":[3419],"product_tag":[],"class_list":{"0":"post-107798","1":"product","2":"type-product","3":"status-publish","4":"has-post-thumbnail","6":"product_cat-behandling-af-trykplader","7":"pa_hersteller-technografica","8":"pa_typ-diamant-1550","10":"first","11":"instock","12":"taxable","13":"shipping-taxable","14":"product-type-simple"},"jetpack_sharing_enabled":true,"_links":{"self":[{"href":"https:\/\/www.3p-gmbh.de\/da\/wp-json\/wp\/v2\/product\/107798","targetHints":{"allow":["GET"]}}],"collection":[{"href":"https:\/\/www.3p-gmbh.de\/da\/wp-json\/wp\/v2\/product"}],"about":[{"href":"https:\/\/www.3p-gmbh.de\/da\/wp-json\/wp\/v2\/types\/product"}],"wp:featuredmedia":[{"embeddable":true,"href":"https:\/\/www.3p-gmbh.de\/da\/wp-json\/wp\/v2\/media\/107818"}],"wp:attachment":[{"href":"https:\/\/www.3p-gmbh.de\/da\/wp-json\/wp\/v2\/media?parent=107798"}],"wp:term":[{"taxonomy":"product_brand","embeddable":true,"href":"https:\/\/www.3p-gmbh.de\/da\/wp-json\/wp\/v2\/product_brand?post=107798"},{"taxonomy":"product_cat","embeddable":true,"href":"https:\/\/www.3p-gmbh.de\/da\/wp-json\/wp\/v2\/product_cat?post=107798"},{"taxonomy":"product_tag","embeddable":true,"href":"https:\/\/www.3p-gmbh.de\/da\/wp-json\/wp\/v2\/product_tag?post=107798"}],"curies":[{"name":"wp","href":"https:\/\/api.w.org\/{rel}","templated":true}]}}