{"id":107752,"date":"2021-02-15T10:07:51","date_gmt":"2021-02-15T10:07:51","guid":{"rendered":"https:\/\/www.3p-gmbh.de\/produkt\/hulmaskine-til-sadelmaskine-heidelberg-stitchmaster-st-350\/"},"modified":"2021-02-15T10:07:51","modified_gmt":"2021-02-15T10:07:51","slug":"hulmaskine-til-sadelmaskine-heidelberg-stitchmaster-st-350","status":"publish","type":"product","link":"https:\/\/www.3p-gmbh.de\/da\/produkt\/hulmaskine-til-sadelmaskine-heidelberg-stitchmaster-st-350\/","title":{"rendered":"Hulmaskine til sadelmaskine Heidelberg Stitchmaster ST 350"},"content":{"rendered":"<div><strong>Hulmaskine til sadelmaskine Heidelberg Stitchmaster ST 350<\/strong><\/div>\n<div><\/div>\n<div>med stansev\u00e6rkt\u00f8jsradius 5 mm <em>(andre p\u00e5 foresp\u00f8rgsel)<\/em><\/div>\n","protected":false},"excerpt":{"rendered":"<p>Hulmaskine til sadelmaskine Heidelberg Stitchmaster ST 350 med stansev\u00e6rkt\u00f8jsradius 5 mm (andre p\u00e5 foresp\u00f8rgsel)<\/p>\n","protected":false},"featured_media":107776,"template":"","meta":[],"product_brand":[],"product_cat":[3305],"product_tag":[],"class_list":{"0":"post-107752","1":"product","2":"type-product","3":"status-publish","4":"has-post-thumbnail","6":"product_cat-tilbehoer","7":"pa_hersteller-heidelberg","8":"pa_typ-stitchmaster-st-350","10":"first","11":"instock","12":"taxable","13":"shipping-taxable","14":"product-type-simple"},"jetpack_sharing_enabled":true,"_links":{"self":[{"href":"https:\/\/www.3p-gmbh.de\/da\/wp-json\/wp\/v2\/product\/107752","targetHints":{"allow":["GET"]}}],"collection":[{"href":"https:\/\/www.3p-gmbh.de\/da\/wp-json\/wp\/v2\/product"}],"about":[{"href":"https:\/\/www.3p-gmbh.de\/da\/wp-json\/wp\/v2\/types\/product"}],"wp:featuredmedia":[{"embeddable":true,"href":"https:\/\/www.3p-gmbh.de\/da\/wp-json\/wp\/v2\/media\/107776"}],"wp:attachment":[{"href":"https:\/\/www.3p-gmbh.de\/da\/wp-json\/wp\/v2\/media?parent=107752"}],"wp:term":[{"taxonomy":"product_brand","embeddable":true,"href":"https:\/\/www.3p-gmbh.de\/da\/wp-json\/wp\/v2\/product_brand?post=107752"},{"taxonomy":"product_cat","embeddable":true,"href":"https:\/\/www.3p-gmbh.de\/da\/wp-json\/wp\/v2\/product_cat?post=107752"},{"taxonomy":"product_tag","embeddable":true,"href":"https:\/\/www.3p-gmbh.de\/da\/wp-json\/wp\/v2\/product_tag?post=107752"}],"curies":[{"name":"wp","href":"https:\/\/api.w.org\/{rel}","templated":true}]}}