{"id":107586,"date":"2021-02-23T14:49:40","date_gmt":"2021-02-23T14:49:40","guid":{"rendered":"https:\/\/www.3p-gmbh.de\/produkt\/afrundingsenhed-til-bogomslag-schmedt-prarund\/"},"modified":"2021-02-23T14:49:40","modified_gmt":"2021-02-23T14:49:40","slug":"afrundingsenhed-til-bogomslag-schmedt-prarund","status":"publish","type":"product","link":"https:\/\/www.3p-gmbh.de\/da\/produkt\/afrundingsenhed-til-bogomslag-schmedt-prarund\/","title":{"rendered":"Afrundingsenhed til bogomslag Schmedt Pr\u00e4Rund"},"content":{"rendered":"<div><span style=\"font-family: Arial;\"><span style=\"color: #008000;\"><strong>Afrundingsenhed til bogomslag Schmedt Pr\u00e4Rund<\/strong><\/span> <\/span><\/div>\n<div><\/div>\n<div><span style=\"font-family: Arial;\">Applikationer:<\/span><\/div>\n<div><span style=\"font-family: Arial;\">Indbundne b\u00f8ger, fotoalbum, dagb\u00f8ger, notesb\u00f8ger<br \/>\n<\/span><\/div>\n<div><span style=\"font-family: Arial;\">med elektrisk opvarmet og termostatstyret rundstang<br \/>\nArbejdsbredde: op til 600 mm rygl\u00e6ngde<br \/>\nRyggens bredde: 10 &#8211; 120 mm<br \/>\nElektrisk. Tilslutning: 230 V &#8211; vekselstr\u00f8m<\/span><\/div>\n","protected":false},"excerpt":{"rendered":"<p>Afrundingsenhed til bogomslag Schmedt Pr\u00e4Rund Applikationer: Indbundne b\u00f8ger, fotoalbum, dagb\u00f8ger, notesb\u00f8ger med elektrisk opvarmet og termostatstyret rundstang Arbejdsbredde: op til 600 mm rygl\u00e6ngde Ryggens bredde: 10 &#8211; 120 mm Elektrisk. Tilslutning: 230 V &#8211; vekselstr\u00f8m<\/p>\n","protected":false},"featured_media":107588,"template":"","meta":[],"product_brand":[],"product_cat":[3299],"product_tag":[],"class_list":{"0":"post-107586","1":"product","2":"type-product","3":"status-publish","4":"has-post-thumbnail","6":"product_cat-sortiment-bogbinding","7":"pa_hersteller-schmedt","8":"pa_typ-praerund","10":"first","11":"instock","12":"taxable","13":"shipping-taxable","14":"product-type-simple"},"jetpack_sharing_enabled":true,"_links":{"self":[{"href":"https:\/\/www.3p-gmbh.de\/da\/wp-json\/wp\/v2\/product\/107586","targetHints":{"allow":["GET"]}}],"collection":[{"href":"https:\/\/www.3p-gmbh.de\/da\/wp-json\/wp\/v2\/product"}],"about":[{"href":"https:\/\/www.3p-gmbh.de\/da\/wp-json\/wp\/v2\/types\/product"}],"wp:featuredmedia":[{"embeddable":true,"href":"https:\/\/www.3p-gmbh.de\/da\/wp-json\/wp\/v2\/media\/107588"}],"wp:attachment":[{"href":"https:\/\/www.3p-gmbh.de\/da\/wp-json\/wp\/v2\/media?parent=107586"}],"wp:term":[{"taxonomy":"product_brand","embeddable":true,"href":"https:\/\/www.3p-gmbh.de\/da\/wp-json\/wp\/v2\/product_brand?post=107586"},{"taxonomy":"product_cat","embeddable":true,"href":"https:\/\/www.3p-gmbh.de\/da\/wp-json\/wp\/v2\/product_cat?post=107586"},{"taxonomy":"product_tag","embeddable":true,"href":"https:\/\/www.3p-gmbh.de\/da\/wp-json\/wp\/v2\/product_tag?post=107586"}],"curies":[{"name":"wp","href":"https:\/\/api.w.org\/{rel}","templated":true}]}}