{"id":107377,"date":"2021-03-04T00:46:15","date_gmt":"2021-03-04T00:46:15","guid":{"rendered":"https:\/\/www.3p-gmbh.de\/produkt\/hpl-450-as-filmsvejser\/"},"modified":"2021-03-04T00:46:15","modified_gmt":"2021-03-04T00:46:15","slug":"hpl-450-as-filmsvejser","status":"publish","type":"product","link":"https:\/\/www.3p-gmbh.de\/da\/produkt\/hpl-450-as-filmsvejser\/","title":{"rendered":"HPL 450 AS filmsvejser"},"content":{"rendered":"<p><strong>HPL 450 AS filmsvejser<\/strong><\/p>\n<p><em>Hurtig, nem og effektiv m\u00e5lrettet svejsning af termoplastisk folie<\/em><\/p>\n<ul>\n<li>Bj\u00e6lkesvejser<\/li>\n<li>Halvautomatisk impuls-svejsemaskine<\/li>\n<li>Svejsning og forarbejdning af alle typer termoplastisk folie<\/li>\n<li>Trinl\u00f8s automatisk svejsetidsstyring<\/li>\n<li>Konsekvent kontakttryk hele vejen igennem<\/li>\n<li>Ingen opvarmningstid p\u00e5kr\u00e6vet<\/li>\n<li>Integreret sk\u00e6reanordning<\/li>\n<li>Fodkontakt<\/li>\n<\/ul>\n<p>Svejses\u00f8msl\u00e6ngde: 450 mm<br \/>\nSk\u00e6rel\u00e6ngde 360: mm<br \/>\nMax. Filmtykkelse med PE: 2 x 200 my<br \/>\nSvejses\u00f8mmenes bredde: 3 mm<br \/>\nElektrisk tilslutning: 230 V, 50\/60 Hz<\/p>\n","protected":false},"excerpt":{"rendered":"<p>HPL 450 AS filmsvejser Hurtig, nem og effektiv m\u00e5lrettet svejsning af termoplastisk folie Bj\u00e6lkesvejser Halvautomatisk impuls-svejsemaskine Svejsning og forarbejdning af alle typer termoplastisk folie Trinl\u00f8s automatisk svejsetidsstyring Konsekvent kontakttryk hele vejen igennem Ingen opvarmningstid p\u00e5kr\u00e6vet Integreret sk\u00e6reanordning Fodkontakt Svejses\u00f8msl\u00e6ngde: 450 mm Sk\u00e6rel\u00e6ngde 360: mm Max. Filmtykkelse med PE: 2 x 200 my Svejses\u00f8mmenes bredde: 3 [&hellip;]<\/p>\n","protected":false},"featured_media":107381,"template":"","meta":[],"product_brand":[],"product_cat":[3359],"product_tag":[],"class_list":{"0":"post-107377","1":"product","2":"type-product","3":"status-publish","4":"has-post-thumbnail","6":"product_cat-foliepakning-og-straekpakkemaskiner","7":"pa_hersteller-ht-verpackungen","8":"pa_typ-hpl-450-as","10":"first","11":"instock","12":"taxable","13":"shipping-taxable","14":"product-type-simple"},"jetpack_sharing_enabled":true,"_links":{"self":[{"href":"https:\/\/www.3p-gmbh.de\/da\/wp-json\/wp\/v2\/product\/107377","targetHints":{"allow":["GET"]}}],"collection":[{"href":"https:\/\/www.3p-gmbh.de\/da\/wp-json\/wp\/v2\/product"}],"about":[{"href":"https:\/\/www.3p-gmbh.de\/da\/wp-json\/wp\/v2\/types\/product"}],"wp:featuredmedia":[{"embeddable":true,"href":"https:\/\/www.3p-gmbh.de\/da\/wp-json\/wp\/v2\/media\/107381"}],"wp:attachment":[{"href":"https:\/\/www.3p-gmbh.de\/da\/wp-json\/wp\/v2\/media?parent=107377"}],"wp:term":[{"taxonomy":"product_brand","embeddable":true,"href":"https:\/\/www.3p-gmbh.de\/da\/wp-json\/wp\/v2\/product_brand?post=107377"},{"taxonomy":"product_cat","embeddable":true,"href":"https:\/\/www.3p-gmbh.de\/da\/wp-json\/wp\/v2\/product_cat?post=107377"},{"taxonomy":"product_tag","embeddable":true,"href":"https:\/\/www.3p-gmbh.de\/da\/wp-json\/wp\/v2\/product_tag?post=107377"}],"curies":[{"name":"wp","href":"https:\/\/api.w.org\/{rel}","templated":true}]}}