{"id":107190,"date":"2021-03-08T13:16:02","date_gmt":"2021-03-08T13:16:02","guid":{"rendered":"https:\/\/www.3p-gmbh.de\/produkt\/paelevender-med-vibration-og-ventilation-rachner-pt-1000-pars\/"},"modified":"2021-03-08T13:16:02","modified_gmt":"2021-03-08T13:16:02","slug":"paelevender-med-vibration-og-ventilation-rachner-pt-1000-pars","status":"publish","type":"product","link":"https:\/\/www.3p-gmbh.de\/da\/produkt\/paelevender-med-vibration-og-ventilation-rachner-pt-1000-pars\/","title":{"rendered":"P\u00e6levender med vibration og ventilation Rachner PT 1000 PA+RS"},"content":{"rendered":"<div><span style=\"font-family: Arial;\"><strong>P\u00e6levender model Rachner PT 1000 PA+RS<br \/>\nBj. 2007 med nuv\u00e6rende UVV<\/strong><\/span><\/div>\n<div><\/div>\n<ul>\n<li><span style=\"font-family: Arial;\">Platform 900x1300mm<\/span><\/li>\n<li><span style=\"font-family: Arial;\">max. \u00c5bning 1340 mm<\/span><\/li>\n<li><span style=\"font-family: Arial;\">med ventilation med frekvensstyret ventilator<\/span><\/li>\n<li><span style=\"font-family: Arial;\">med jogginganordning med justeringslineal<\/span><\/li>\n<\/ul>\n<p><a href=\"https:\/\/www.3p-gmbh.de\/wp-content\/uploads\/2021\/03\/Bedienungshandbuch-Rachner-Stapelwender-R-1000-PA.pdf\">Betjeningsvejledning Rachner pilevender R 1000 PA<\/a><\/p>\n","protected":false},"excerpt":{"rendered":"<p>P\u00e6levender model Rachner PT 1000 PA+RS Bj. 2007 med nuv\u00e6rende UVV Platform 900x1300mm max. \u00c5bning 1340 mm med ventilation med frekvensstyret ventilator med jogginganordning med justeringslineal Betjeningsvejledning Rachner pilevender R 1000 PA<\/p>\n","protected":false},"featured_media":107201,"template":"","meta":[],"product_brand":[],"product_cat":[3309],"product_tag":[],"class_list":{"0":"post-107190","1":"product","2":"type-product","3":"status-publish","4":"has-post-thumbnail","6":"product_cat-stabelvender","7":"pa_hersteller-manfred-rachner","8":"pa_typ-pt-1000-pars","10":"first","11":"instock","12":"taxable","13":"shipping-taxable","14":"product-type-simple"},"jetpack_sharing_enabled":true,"_links":{"self":[{"href":"https:\/\/www.3p-gmbh.de\/da\/wp-json\/wp\/v2\/product\/107190","targetHints":{"allow":["GET"]}}],"collection":[{"href":"https:\/\/www.3p-gmbh.de\/da\/wp-json\/wp\/v2\/product"}],"about":[{"href":"https:\/\/www.3p-gmbh.de\/da\/wp-json\/wp\/v2\/types\/product"}],"wp:featuredmedia":[{"embeddable":true,"href":"https:\/\/www.3p-gmbh.de\/da\/wp-json\/wp\/v2\/media\/107201"}],"wp:attachment":[{"href":"https:\/\/www.3p-gmbh.de\/da\/wp-json\/wp\/v2\/media?parent=107190"}],"wp:term":[{"taxonomy":"product_brand","embeddable":true,"href":"https:\/\/www.3p-gmbh.de\/da\/wp-json\/wp\/v2\/product_brand?post=107190"},{"taxonomy":"product_cat","embeddable":true,"href":"https:\/\/www.3p-gmbh.de\/da\/wp-json\/wp\/v2\/product_cat?post=107190"},{"taxonomy":"product_tag","embeddable":true,"href":"https:\/\/www.3p-gmbh.de\/da\/wp-json\/wp\/v2\/product_tag?post=107190"}],"curies":[{"name":"wp","href":"https:\/\/api.w.org\/{rel}","templated":true}]}}