{"id":107164,"date":"2021-03-20T20:33:19","date_gmt":"2021-03-20T20:33:19","guid":{"rendered":"https:\/\/www.3p-gmbh.de\/produkt\/gammerler-kantafskaering-rs-134-530\/"},"modified":"2021-03-20T20:33:19","modified_gmt":"2021-03-20T20:33:19","slug":"gammerler-kantafskaering-rs-134-530","status":"publish","type":"product","link":"https:\/\/www.3p-gmbh.de\/da\/produkt\/gammerler-kantafskaering-rs-134-530\/","title":{"rendered":"G\u00e4mmerler kantafsk\u00e6ring RS 134-530"},"content":{"rendered":"<p><strong>G\u00e4mmerler kantafsk\u00e6ring RS 134-530  <\/strong><br \/>\nfra Bj. 2000<\/p>\n","protected":false},"excerpt":{"rendered":"<p>G\u00e4mmerler kantafsk\u00e6ring RS 134-530 fra Bj. 2000<\/p>\n","protected":false},"featured_media":107172,"template":"","meta":[],"product_brand":[],"product_cat":[3409],"product_tag":[],"class_list":{"0":"post-107164","1":"product","2":"type-product","3":"status-publish","4":"has-post-thumbnail","6":"product_cat-web-offset-da","7":"pa_hersteller-gaemmerler","8":"pa_typ-rs-134-530","10":"first","11":"instock","12":"taxable","13":"shipping-taxable","14":"product-type-simple"},"jetpack_sharing_enabled":true,"_links":{"self":[{"href":"https:\/\/www.3p-gmbh.de\/da\/wp-json\/wp\/v2\/product\/107164","targetHints":{"allow":["GET"]}}],"collection":[{"href":"https:\/\/www.3p-gmbh.de\/da\/wp-json\/wp\/v2\/product"}],"about":[{"href":"https:\/\/www.3p-gmbh.de\/da\/wp-json\/wp\/v2\/types\/product"}],"wp:featuredmedia":[{"embeddable":true,"href":"https:\/\/www.3p-gmbh.de\/da\/wp-json\/wp\/v2\/media\/107172"}],"wp:attachment":[{"href":"https:\/\/www.3p-gmbh.de\/da\/wp-json\/wp\/v2\/media?parent=107164"}],"wp:term":[{"taxonomy":"product_brand","embeddable":true,"href":"https:\/\/www.3p-gmbh.de\/da\/wp-json\/wp\/v2\/product_brand?post=107164"},{"taxonomy":"product_cat","embeddable":true,"href":"https:\/\/www.3p-gmbh.de\/da\/wp-json\/wp\/v2\/product_cat?post=107164"},{"taxonomy":"product_tag","embeddable":true,"href":"https:\/\/www.3p-gmbh.de\/da\/wp-json\/wp\/v2\/product_tag?post=107164"}],"curies":[{"name":"wp","href":"https:\/\/api.w.org\/{rel}","templated":true}]}}