{"id":107040,"date":"2021-03-24T09:26:30","date_gmt":"2021-03-24T09:26:30","guid":{"rendered":"https:\/\/www.3p-gmbh.de\/produkt\/gura-sakserullebane-1200-425-2kux\/"},"modified":"2021-03-24T09:26:30","modified_gmt":"2021-03-24T09:26:30","slug":"gura-sakserullebane-1200-425-2kux","status":"publish","type":"product","link":"https:\/\/www.3p-gmbh.de\/da\/produkt\/gura-sakserullebane-1200-425-2kux\/","title":{"rendered":"Gura sakserullebane 1200-425 2KUX"},"content":{"rendered":"<div><span style=\"color: #0000ff; font-family: Arial;\"><strong>mobil h\u00f8jdejusterbar Gura-saksetransport\u00f8r 1200-425 2KUX<\/strong><\/span><\/div>\n<div><span style=\"color: #0000ff; font-family: Arial;\"><strong>fra Bj. 2009<\/strong><\/span><\/div>\n<div><\/div>\n<div><span style=\"font-family: Arial;\">Sakserullebaner bruges inden for alle omr\u00e5der af stykgodstransport.<\/span><\/div>\n<div><span style=\"font-family: Arial;\">Denne mobile version er is\u00e6r nyttig, n\u00e5r der ikke er behov for et permanent installeret system.<br \/>\nIn-house logistikstrukturer kan derfor tilpasses optimalt og udvides efter behov.<\/span><\/div>\n<div>\n<p><span style=\"font-family: Arial;\">Skinnerne kan justeres individuelt i l\u00e6ngde og h\u00f8jde, og der kan dannes kurver p\u00e5 op til 180\u00b0 p\u00e5 samme tid.<\/span><\/p>\n<p>&#8211; Blank galvaniseret finish<br \/>\n&#8211; Overkanten af skinnen kan justeres i h\u00f8jden fra 720 &#8211; 1150 mm.<br \/>\n&#8211; Til transportgods op til 400 mm<br \/>\n&#8211; Centerafstand med forl\u00e6nget skinne 150 mm.<br \/>\n&#8211; Ruller (\u00d8 50 mm) med kuglelejer p\u00e5 8 mm aksler<br \/>\n&#8211; Endestop for enden af rullen<\/p>\n<\/div>\n<div>\n<p>Antal st\u00f8tteben 4 stk. <span style=\"color: #ff0000;\"><br \/>\n  <strong>(+en forl\u00e6ngelse)<\/strong><br \/>\n<\/span><br \/>\nL\u00e6ngde p\u00e5 spor <span style=\"color: #ff0000;\"><br \/>\n  <strong>2100 &#8211; 6500 mm<\/strong><br \/>\n<\/span><br \/>\nBelastningskapacitet\/afstand mellem st\u00f8ttef\u00f8dder 100 kg<br \/>\nRullemateriale Plast<br \/>\n2 ruller pr. aksel<br \/>\nDesign af plasthjul<\/p>\n<\/div>\n","protected":false},"excerpt":{"rendered":"<p>mobil h\u00f8jdejusterbar Gura-saksetransport\u00f8r 1200-425 2KUX fra Bj. 2009 Sakserullebaner bruges inden for alle omr\u00e5der af stykgodstransport. Denne mobile version er is\u00e6r nyttig, n\u00e5r der ikke er behov for et permanent installeret system. In-house logistikstrukturer kan derfor tilpasses optimalt og udvides efter behov. Skinnerne kan justeres individuelt i l\u00e6ngde og h\u00f8jde, og der kan dannes kurver [&hellip;]<\/p>\n","protected":false},"featured_media":107041,"template":"","meta":[],"product_brand":[],"product_cat":[3321],"product_tag":[],"class_list":{"0":"post-107040","1":"product","2":"type-product","3":"status-publish","4":"has-post-thumbnail","6":"product_cat-teknologi-til-transportbaand","7":"pa_hersteller-gura","8":"pa_typ-1200-425-2kux","10":"first","11":"instock","12":"taxable","13":"shipping-taxable","14":"product-type-simple"},"jetpack_sharing_enabled":true,"_links":{"self":[{"href":"https:\/\/www.3p-gmbh.de\/da\/wp-json\/wp\/v2\/product\/107040","targetHints":{"allow":["GET"]}}],"collection":[{"href":"https:\/\/www.3p-gmbh.de\/da\/wp-json\/wp\/v2\/product"}],"about":[{"href":"https:\/\/www.3p-gmbh.de\/da\/wp-json\/wp\/v2\/types\/product"}],"wp:featuredmedia":[{"embeddable":true,"href":"https:\/\/www.3p-gmbh.de\/da\/wp-json\/wp\/v2\/media\/107041"}],"wp:attachment":[{"href":"https:\/\/www.3p-gmbh.de\/da\/wp-json\/wp\/v2\/media?parent=107040"}],"wp:term":[{"taxonomy":"product_brand","embeddable":true,"href":"https:\/\/www.3p-gmbh.de\/da\/wp-json\/wp\/v2\/product_brand?post=107040"},{"taxonomy":"product_cat","embeddable":true,"href":"https:\/\/www.3p-gmbh.de\/da\/wp-json\/wp\/v2\/product_cat?post=107040"},{"taxonomy":"product_tag","embeddable":true,"href":"https:\/\/www.3p-gmbh.de\/da\/wp-json\/wp\/v2\/product_tag?post=107040"}],"curies":[{"name":"wp","href":"https:\/\/api.w.org\/{rel}","templated":true}]}}