{"id":107006,"date":"2021-03-24T09:32:57","date_gmt":"2021-03-24T09:32:57","guid":{"rendered":"https:\/\/www.3p-gmbh.de\/produkt\/band-all-bandall-trl-24-30\/"},"modified":"2021-03-24T09:32:57","modified_gmt":"2021-03-24T09:32:57","slug":"band-all-bandall-trl-24-30","status":"publish","type":"product","link":"https:\/\/www.3p-gmbh.de\/da\/produkt\/band-all-bandall-trl-24-30\/","title":{"rendered":"Band All \/ Bandall TRL 24-30"},"content":{"rendered":"<p><strong>Band All \/ Bandall TRL 24-30<\/strong><\/p>\n<ul>\n<li>Banderolering og bundtning i et line\u00e6rt arrangement<\/li>\n<li>Produkterne transporteres gennem banderoleringsarket ved hj\u00e6lp af en lige tilf\u00f8rsels- og afgangslinje.<\/li>\n<li>Skubbere og stoppere sikrer, at de produkter, du \u00f8nsker at banderolere, placeres korrekt i banderoleringsarket.<\/li>\n<\/ul>\n","protected":false},"excerpt":{"rendered":"<p>Band All \/ Bandall TRL 24-30 Banderolering og bundtning i et line\u00e6rt arrangement Produkterne transporteres gennem banderoleringsarket ved hj\u00e6lp af en lige tilf\u00f8rsels- og afgangslinje. Skubbere og stoppere sikrer, at de produkter, du \u00f8nsker at banderolere, placeres korrekt i banderoleringsarket.<\/p>\n","protected":false},"featured_media":107010,"template":"","meta":[],"product_brand":[],"product_cat":[3307],"product_tag":[],"class_list":{"0":"post-107006","1":"product","2":"type-product","3":"status-publish","4":"has-post-thumbnail","6":"product_cat-banderoleringsmaskiner","7":"pa_hersteller-band-all","8":"pa_typ-trl-24-30","10":"first","11":"instock","12":"taxable","13":"shipping-taxable","14":"product-type-simple"},"jetpack_sharing_enabled":true,"_links":{"self":[{"href":"https:\/\/www.3p-gmbh.de\/da\/wp-json\/wp\/v2\/product\/107006","targetHints":{"allow":["GET"]}}],"collection":[{"href":"https:\/\/www.3p-gmbh.de\/da\/wp-json\/wp\/v2\/product"}],"about":[{"href":"https:\/\/www.3p-gmbh.de\/da\/wp-json\/wp\/v2\/types\/product"}],"wp:featuredmedia":[{"embeddable":true,"href":"https:\/\/www.3p-gmbh.de\/da\/wp-json\/wp\/v2\/media\/107010"}],"wp:attachment":[{"href":"https:\/\/www.3p-gmbh.de\/da\/wp-json\/wp\/v2\/media?parent=107006"}],"wp:term":[{"taxonomy":"product_brand","embeddable":true,"href":"https:\/\/www.3p-gmbh.de\/da\/wp-json\/wp\/v2\/product_brand?post=107006"},{"taxonomy":"product_cat","embeddable":true,"href":"https:\/\/www.3p-gmbh.de\/da\/wp-json\/wp\/v2\/product_cat?post=107006"},{"taxonomy":"product_tag","embeddable":true,"href":"https:\/\/www.3p-gmbh.de\/da\/wp-json\/wp\/v2\/product_tag?post=107006"}],"curies":[{"name":"wp","href":"https:\/\/api.w.org\/{rel}","templated":true}]}}