{"id":106992,"date":"2021-05-09T13:54:36","date_gmt":"2021-05-09T13:54:36","guid":{"rendered":"https:\/\/www.3p-gmbh.de\/produkt\/spaantransportoer-gerhard-busch-kf-110\/"},"modified":"2021-05-09T13:54:36","modified_gmt":"2021-05-09T13:54:36","slug":"spaantransportoer-gerhard-busch-kf-110","status":"publish","type":"product","link":"https:\/\/www.3p-gmbh.de\/da\/produkt\/spaantransportoer-gerhard-busch-kf-110\/","title":{"rendered":"Sp\u00e5ntransport\u00f8r Gerhard Busch KF 110"},"content":{"rendered":"<div>\n<p><strong>Sp\u00e5ntransport\u00f8r Gerhard Busch KF 110<\/strong><\/p>\n<p>&nbsp;<\/p>\n<\/div>\n<div><span style=\"color: #000000;\">Afh\u00e6ngigt af den tilg\u00e6ngelige plads kan transportb\u00e5ndet indstilles til at transportere i venstre eller h\u00f8jre side eller lige v\u00e6k fra maskinen.<\/span><\/div>\n<div><span style=\"color: #000000;\">Leveringshoved mm 1100<br \/>\nH\u00e6ldel\u00e6ngde mm 600<br \/>\nTransporthastighed ved 50 Hz m\/s<\/span><\/div>\n","protected":false},"excerpt":{"rendered":"<p>Sp\u00e5ntransport\u00f8r Gerhard Busch KF 110 &nbsp; Afh\u00e6ngigt af den tilg\u00e6ngelige plads kan transportb\u00e5ndet indstilles til at transportere i venstre eller h\u00f8jre side eller lige v\u00e6k fra maskinen. Leveringshoved mm 1100 H\u00e6ldel\u00e6ngde mm 600 Transporthastighed ved 50 Hz m\/s<\/p>\n","protected":false},"featured_media":106994,"template":"","meta":[],"product_brand":[],"product_cat":[3321],"product_tag":[],"class_list":{"0":"post-106992","1":"product","2":"type-product","3":"status-publish","4":"has-post-thumbnail","6":"product_cat-teknologi-til-transportbaand","7":"pa_hersteller-busch","8":"pa_typ-kf-110","10":"first","11":"instock","12":"taxable","13":"shipping-taxable","14":"product-type-simple"},"jetpack_sharing_enabled":true,"_links":{"self":[{"href":"https:\/\/www.3p-gmbh.de\/da\/wp-json\/wp\/v2\/product\/106992","targetHints":{"allow":["GET"]}}],"collection":[{"href":"https:\/\/www.3p-gmbh.de\/da\/wp-json\/wp\/v2\/product"}],"about":[{"href":"https:\/\/www.3p-gmbh.de\/da\/wp-json\/wp\/v2\/types\/product"}],"wp:featuredmedia":[{"embeddable":true,"href":"https:\/\/www.3p-gmbh.de\/da\/wp-json\/wp\/v2\/media\/106994"}],"wp:attachment":[{"href":"https:\/\/www.3p-gmbh.de\/da\/wp-json\/wp\/v2\/media?parent=106992"}],"wp:term":[{"taxonomy":"product_brand","embeddable":true,"href":"https:\/\/www.3p-gmbh.de\/da\/wp-json\/wp\/v2\/product_brand?post=106992"},{"taxonomy":"product_cat","embeddable":true,"href":"https:\/\/www.3p-gmbh.de\/da\/wp-json\/wp\/v2\/product_cat?post=106992"},{"taxonomy":"product_tag","embeddable":true,"href":"https:\/\/www.3p-gmbh.de\/da\/wp-json\/wp\/v2\/product_tag?post=106992"}],"curies":[{"name":"wp","href":"https:\/\/api.w.org\/{rel}","templated":true}]}}