{"id":106839,"date":"2021-04-06T10:16:50","date_gmt":"2021-04-06T10:16:50","guid":{"rendered":"https:\/\/www.3p-gmbh.de\/produkt\/cmc-q-cover-start-50-70-loftsmaskine\/"},"modified":"2021-04-06T10:16:50","modified_gmt":"2021-04-06T10:16:50","slug":"cmc-q-cover-start-50-70-loftsmaskine","status":"publish","type":"product","link":"https:\/\/www.3p-gmbh.de\/da\/produkt\/cmc-q-cover-start-50-70-loftsmaskine\/","title":{"rendered":"CMC &#8211; Q-Cover START 50-70 loftsmaskine"},"content":{"rendered":"<p><strong>CMC &#8211; Q-Cover START 50-70 loftsmaskine<\/strong><\/p>\n<p>Indpakningsenhed med sugeluftbord og guide til placering af loftspladerne.<\/p>\n<p>Velegnet til kunder, der allerede har maskiner til limning og reng\u00f8ring.<br \/>\nTil produkter af h\u00f8j kvalitet med en lav investering.<\/p>\n<p>Format min. 12 x 15 cm<br \/>\nFormat maks. 50 x 70 cm<br \/>\nD\u00e6kpapirtykkelse 100 &#8211; 170 gram\/m2<br \/>\nKartontykkelse 1,5 &#8211; 3,0 mm<\/p>\n<p><a href=\"http:\/\/www.cmc-italia.com\/pdf\/Q-Cover_CMC_Italia.pdf\">http:\/\/www.cmc-italia.com\/pdf\/Q-Cover_CMC_Italia.pdf<\/a><\/p>\n","protected":false},"excerpt":{"rendered":"<p>CMC &#8211; Q-Cover START 50-70 loftsmaskine Indpakningsenhed med sugeluftbord og guide til placering af loftspladerne. Velegnet til kunder, der allerede har maskiner til limning og reng\u00f8ring. Til produkter af h\u00f8j kvalitet med en lav investering. Format min. 12 x 15 cm Format maks. 50 x 70 cm D\u00e6kpapirtykkelse 100 &#8211; 170 gram\/m2 Kartontykkelse 1,5 &#8211; [&hellip;]<\/p>\n","protected":false},"featured_media":106842,"template":"","meta":[],"product_brand":[],"product_cat":[3299],"product_tag":[],"class_list":{"0":"post-106839","1":"product","2":"type-product","3":"status-publish","4":"has-post-thumbnail","6":"product_cat-sortiment-bogbinding","7":"pa_hersteller-cmc","8":"pa_typ-q-cover-start","10":"first","11":"instock","12":"taxable","13":"shipping-taxable","14":"product-type-simple"},"jetpack_sharing_enabled":true,"_links":{"self":[{"href":"https:\/\/www.3p-gmbh.de\/da\/wp-json\/wp\/v2\/product\/106839","targetHints":{"allow":["GET"]}}],"collection":[{"href":"https:\/\/www.3p-gmbh.de\/da\/wp-json\/wp\/v2\/product"}],"about":[{"href":"https:\/\/www.3p-gmbh.de\/da\/wp-json\/wp\/v2\/types\/product"}],"wp:featuredmedia":[{"embeddable":true,"href":"https:\/\/www.3p-gmbh.de\/da\/wp-json\/wp\/v2\/media\/106842"}],"wp:attachment":[{"href":"https:\/\/www.3p-gmbh.de\/da\/wp-json\/wp\/v2\/media?parent=106839"}],"wp:term":[{"taxonomy":"product_brand","embeddable":true,"href":"https:\/\/www.3p-gmbh.de\/da\/wp-json\/wp\/v2\/product_brand?post=106839"},{"taxonomy":"product_cat","embeddable":true,"href":"https:\/\/www.3p-gmbh.de\/da\/wp-json\/wp\/v2\/product_cat?post=106839"},{"taxonomy":"product_tag","embeddable":true,"href":"https:\/\/www.3p-gmbh.de\/da\/wp-json\/wp\/v2\/product_tag?post=106839"}],"curies":[{"name":"wp","href":"https:\/\/api.w.org\/{rel}","templated":true}]}}