{"id":106594,"date":"2021-05-09T13:41:53","date_gmt":"2021-05-09T13:41:53","guid":{"rendered":"https:\/\/www.3p-gmbh.de\/produkt\/hoejtydende-skaerelinje-baumann-wohlenberg-perfecta-132-ts-ase-lm\/"},"modified":"2021-05-09T13:41:53","modified_gmt":"2021-05-09T13:41:53","slug":"hoejtydende-skaerelinje-baumann-wohlenberg-perfecta-132-ts-ase-lm","status":"publish","type":"product","link":"https:\/\/www.3p-gmbh.de\/da\/produkt\/hoejtydende-skaerelinje-baumann-wohlenberg-perfecta-132-ts-ase-lm\/","title":{"rendered":"H\u00f8jtydende sk\u00e6relinje Baumann Wohlenberg Perfecta 132 TS ASE LM"},"content":{"rendered":"<p><strong>H\u00f8jtydende sk\u00e6relinje Baumann Wohlenberg P 132 TS ASE LM<\/strong><br \/>\n<strong>fra 2009<\/strong><\/p>\n<p><em><strong>med<\/strong><\/em><\/p>\n<p><strong>Baumann BSB 5-L vibrator<\/strong><br \/>\nmed to pneumatisk betjente klapper, venstre klap med \u00e5bning til gribere<br \/>\nArkst\u00f8rrelse 900 x 1300 mm<br \/>\nLagh\u00f8jde 160 mm<\/p>\n<p><strong>med transport af griber til bagbord &#8211; Baumann BSF -R 5 transportsystem<\/strong><\/p>\n<p><strong>H\u00f8jhastighedssk\u00e6rer Wohlenberg Perfecta 132 TS ASE<\/strong> (bortskaffelse af sp\u00e5ner gennem bord\u00e5bning foran kniven)<br \/>\n<strong>Sp\u00e5ntransport\u00f8r<\/strong> l\u00f8ber ud til h\u00f8jre i udsugningsdysen<\/p>\n<p><strong>Stabler til venstre med to automatiske palleindf\u00f8ringsrum Baumann BA-3 F<\/strong><\/p>\n<p><em><strong>Demo under<\/strong><\/em><br \/>\n<a href=\"https:\/\/youtu.be\/9hpPMEKaF3s\">https:\/\/youtu.be\/9hpPMEKaF3s<\/a><\/p>\n<p><a href=\"https:\/\/www.3p-gmbh.de\/wp-content\/uploads\/2021\/05\/Aufstellplan-Wohlenberg-132-TS-ASE.pdf\">Installationsplan Wohlenberg 132 TS ASE<\/a><\/p>\n","protected":false},"excerpt":{"rendered":"<p>H\u00f8jtydende sk\u00e6relinje Baumann Wohlenberg P 132 TS ASE LM fra 2009 med Baumann BSB 5-L vibrator med to pneumatisk betjente klapper, venstre klap med \u00e5bning til gribere Arkst\u00f8rrelse 900 x 1300 mm Lagh\u00f8jde 160 mm med transport af griber til bagbord &#8211; Baumann BSF -R 5 transportsystem H\u00f8jhastighedssk\u00e6rer Wohlenberg Perfecta 132 TS ASE (bortskaffelse af [&hellip;]<\/p>\n","protected":false},"featured_media":106601,"template":"","meta":[],"product_brand":[],"product_cat":[3302],"product_tag":[],"class_list":{"0":"post-106594","1":"product","2":"type-product","3":"status-publish","4":"has-post-thumbnail","6":"product_cat-skaeremaskiner","7":"pa_hersteller-baumann-wohlenberg","8":"pa_typ-perfecta-132-ts-ase-lm","10":"first","11":"instock","12":"taxable","13":"shipping-taxable","14":"product-type-simple"},"jetpack_sharing_enabled":true,"_links":{"self":[{"href":"https:\/\/www.3p-gmbh.de\/da\/wp-json\/wp\/v2\/product\/106594","targetHints":{"allow":["GET"]}}],"collection":[{"href":"https:\/\/www.3p-gmbh.de\/da\/wp-json\/wp\/v2\/product"}],"about":[{"href":"https:\/\/www.3p-gmbh.de\/da\/wp-json\/wp\/v2\/types\/product"}],"wp:featuredmedia":[{"embeddable":true,"href":"https:\/\/www.3p-gmbh.de\/da\/wp-json\/wp\/v2\/media\/106601"}],"wp:attachment":[{"href":"https:\/\/www.3p-gmbh.de\/da\/wp-json\/wp\/v2\/media?parent=106594"}],"wp:term":[{"taxonomy":"product_brand","embeddable":true,"href":"https:\/\/www.3p-gmbh.de\/da\/wp-json\/wp\/v2\/product_brand?post=106594"},{"taxonomy":"product_cat","embeddable":true,"href":"https:\/\/www.3p-gmbh.de\/da\/wp-json\/wp\/v2\/product_cat?post=106594"},{"taxonomy":"product_tag","embeddable":true,"href":"https:\/\/www.3p-gmbh.de\/da\/wp-json\/wp\/v2\/product_tag?post=106594"}],"curies":[{"name":"wp","href":"https:\/\/api.w.org\/{rel}","templated":true}]}}