{"id":106498,"date":"2021-05-09T13:46:35","date_gmt":"2021-05-09T13:46:35","guid":{"rendered":"https:\/\/www.3p-gmbh.de\/produkt\/kompakt-spektral-densitometer-techkon-spectrodens-premium\/"},"modified":"2021-05-09T13:46:35","modified_gmt":"2021-05-09T13:46:35","slug":"kompakt-spektral-densitometer-techkon-spectrodens-premium","status":"publish","type":"product","link":"https:\/\/www.3p-gmbh.de\/da\/produkt\/kompakt-spektral-densitometer-techkon-spectrodens-premium\/","title":{"rendered":"Kompakt spektral densitometer Techkon SpectroDens Premium"},"content":{"rendered":"<p><strong>Kompakt spektral densitometer Techkon SpectroDens Premium<\/strong><br \/>\n<strong>Bygge\u00e5r 2014<\/strong><br \/>\nSN A 802022<\/p>\n<p><strong><em>Funktioner:<\/em><\/strong><br \/>\nAutomatisk densitetsm\u00e5ling, densitet CMYK, areald\u00e6kning, dot gain,<br \/>\nPrintkontrast, gr\u00e5- og farvebalance, farveaccept, printkarakteristikkurve, densitetsspektrum,<br \/>\nSpektralt\u00e6thed for spotfarver, ExPresso mini trend display, glidende\/fordobling,<br \/>\nAreald\u00e6kning i henhold til Yule-Nielsen for trykplader, CIE L*a*b*, \u0394E*a*b*, CIE L*C*h*ab,<br \/>\nCIE XYZ, \u0394E*cmc, \u0394E*CIE94, \u0394E*CIE2000, remissionsspektrum,<br \/>\nInkCheck: Farvestyring af spotfarver, farvebibliotek med op til 20 farvevifter og i alt 3.000 farvereferencer,<br \/>\nM\u00e5lev\u00e6rdihukommelse til 1.200 pr\u00f8ver og 300 referencer, Ugra\/Fogra-mediekileevaluering,<br \/>\nISO-kontrol: Farvekontrol i henhold til ISO 12647, CIE L*u*v*, CIE L*C*h*uv, CIE xyY, DIN Lab99,<br \/>\nMetamerismeindeks, hvidhed, gulhed, best\u00e5et\/ikke-best\u00e5et tolerance, middelv\u00e6rdi<\/p>\n<p><em><strong>Leveringsomfang:<\/strong><\/em><br \/>\nM\u00e5leapparat med etui, ladestation og dokumentation, USB-kabel<\/p>\n","protected":false},"excerpt":{"rendered":"<p>Kompakt spektral densitometer Techkon SpectroDens Premium Bygge\u00e5r 2014 SN A 802022 Funktioner: Automatisk densitetsm\u00e5ling, densitet CMYK, areald\u00e6kning, dot gain, Printkontrast, gr\u00e5- og farvebalance, farveaccept, printkarakteristikkurve, densitetsspektrum, Spektralt\u00e6thed for spotfarver, ExPresso mini trend display, glidende\/fordobling, Areald\u00e6kning i henhold til Yule-Nielsen for trykplader, CIE L*a*b*, \u0394E*a*b*, CIE L*C*h*ab, CIE XYZ, \u0394E*cmc, \u0394E*CIE94, \u0394E*CIE2000, remissionsspektrum, InkCheck: Farvestyring af [&hellip;]<\/p>\n","protected":false},"featured_media":106499,"template":"","meta":[],"product_brand":[],"product_cat":[3524],"product_tag":[],"class_list":{"0":"post-106498","1":"product","2":"type-product","3":"status-publish","4":"has-post-thumbnail","6":"product_cat-maaleinstrumenter-og-kvalitetssikring","7":"pa_hersteller-techkon","8":"pa_typ-spectrodens-premium","10":"first","11":"instock","12":"taxable","13":"shipping-taxable","14":"product-type-simple"},"jetpack_sharing_enabled":true,"_links":{"self":[{"href":"https:\/\/www.3p-gmbh.de\/da\/wp-json\/wp\/v2\/product\/106498","targetHints":{"allow":["GET"]}}],"collection":[{"href":"https:\/\/www.3p-gmbh.de\/da\/wp-json\/wp\/v2\/product"}],"about":[{"href":"https:\/\/www.3p-gmbh.de\/da\/wp-json\/wp\/v2\/types\/product"}],"wp:featuredmedia":[{"embeddable":true,"href":"https:\/\/www.3p-gmbh.de\/da\/wp-json\/wp\/v2\/media\/106499"}],"wp:attachment":[{"href":"https:\/\/www.3p-gmbh.de\/da\/wp-json\/wp\/v2\/media?parent=106498"}],"wp:term":[{"taxonomy":"product_brand","embeddable":true,"href":"https:\/\/www.3p-gmbh.de\/da\/wp-json\/wp\/v2\/product_brand?post=106498"},{"taxonomy":"product_cat","embeddable":true,"href":"https:\/\/www.3p-gmbh.de\/da\/wp-json\/wp\/v2\/product_cat?post=106498"},{"taxonomy":"product_tag","embeddable":true,"href":"https:\/\/www.3p-gmbh.de\/da\/wp-json\/wp\/v2\/product_tag?post=106498"}],"curies":[{"name":"wp","href":"https:\/\/api.w.org\/{rel}","templated":true}]}}