{"id":106385,"date":"2021-04-06T20:01:18","date_gmt":"2021-04-06T20:01:18","guid":{"rendered":"https:\/\/www.3p-gmbh.de\/produkt\/hoejtydende-heidelberg-staal-twinstacker-tsh-100-pakkeudleveringssystem\/"},"modified":"2021-04-06T20:01:18","modified_gmt":"2021-04-06T20:01:18","slug":"hoejtydende-heidelberg-staal-twinstacker-tsh-100-pakkeudleveringssystem","status":"publish","type":"product","link":"https:\/\/www.3p-gmbh.de\/da\/produkt\/hoejtydende-heidelberg-staal-twinstacker-tsh-100-pakkeudleveringssystem\/","title":{"rendered":"H\u00f8jtydende Heidelberg st\u00e5l Twinstacker TSH-100 pakkeudleveringssystem"},"content":{"rendered":"<p><strong>H\u00f8jtydende Heidelberg st\u00e5l Twinstacker TSH-100 pakkeudleveringssystem<\/strong><br \/>\nfra 2011<\/p>\n<p>Ideel til enmandsbetjening p\u00e5 foldemaskiner med h\u00f8je maskinhastigheder p\u00e5 op til 18.000 cyklusser<br \/>\n-MCT-kontrolenhed<br \/>\n-L\u00e6g op til tre paneler ud uden at m\u00e6rke, med brugervenlig ergonomisk udtagning<br \/>\n-max. Format 1000x340mm<br \/>\n-min. Format 100x100mm<br \/>\n-Produktets tykkelse maks. 6 mm<br \/>\n-Stablingsh\u00f8jde pr. niveau max. 10 cm<\/p>\n","protected":false},"excerpt":{"rendered":"<p>H\u00f8jtydende Heidelberg st\u00e5l Twinstacker TSH-100 pakkeudleveringssystem fra 2011 Ideel til enmandsbetjening p\u00e5 foldemaskiner med h\u00f8je maskinhastigheder p\u00e5 op til 18.000 cyklusser -MCT-kontrolenhed -L\u00e6g op til tre paneler ud uden at m\u00e6rke, med brugervenlig ergonomisk udtagning -max. Format 1000x340mm -min. Format 100x100mm -Produktets tykkelse maks. 6 mm -Stablingsh\u00f8jde pr. niveau max. 10 cm<\/p>\n","protected":false},"featured_media":106387,"template":"","meta":[],"product_brand":[],"product_cat":[3333],"product_tag":[],"class_list":{"0":"post-106385","1":"product","2":"type-product","3":"status-publish","4":"has-post-thumbnail","6":"product_cat-udgifter","7":"pa_hersteller-heidelberg-stahl","8":"pa_typ-tsh-100","10":"first","11":"instock","12":"taxable","13":"shipping-taxable","14":"product-type-simple"},"jetpack_sharing_enabled":true,"_links":{"self":[{"href":"https:\/\/www.3p-gmbh.de\/da\/wp-json\/wp\/v2\/product\/106385","targetHints":{"allow":["GET"]}}],"collection":[{"href":"https:\/\/www.3p-gmbh.de\/da\/wp-json\/wp\/v2\/product"}],"about":[{"href":"https:\/\/www.3p-gmbh.de\/da\/wp-json\/wp\/v2\/types\/product"}],"wp:featuredmedia":[{"embeddable":true,"href":"https:\/\/www.3p-gmbh.de\/da\/wp-json\/wp\/v2\/media\/106387"}],"wp:attachment":[{"href":"https:\/\/www.3p-gmbh.de\/da\/wp-json\/wp\/v2\/media?parent=106385"}],"wp:term":[{"taxonomy":"product_brand","embeddable":true,"href":"https:\/\/www.3p-gmbh.de\/da\/wp-json\/wp\/v2\/product_brand?post=106385"},{"taxonomy":"product_cat","embeddable":true,"href":"https:\/\/www.3p-gmbh.de\/da\/wp-json\/wp\/v2\/product_cat?post=106385"},{"taxonomy":"product_tag","embeddable":true,"href":"https:\/\/www.3p-gmbh.de\/da\/wp-json\/wp\/v2\/product_tag?post=106385"}],"curies":[{"name":"wp","href":"https:\/\/api.w.org\/{rel}","templated":true}]}}