{"id":106340,"date":"2021-04-06T20:09:13","date_gmt":"2021-04-06T20:09:13","guid":{"rendered":"https:\/\/www.3p-gmbh.de\/produkt\/worthington-rollair-rlr-750-bm-6-500-t-kompressor-med-hankison-koelelufttoerrer\/"},"modified":"2021-04-06T20:09:13","modified_gmt":"2021-04-06T20:09:13","slug":"worthington-rollair-rlr-750-bm-6-500-t-kompressor-med-hankison-koelelufttoerrer","status":"publish","type":"product","link":"https:\/\/www.3p-gmbh.de\/da\/produkt\/worthington-rollair-rlr-750-bm-6-500-t-kompressor-med-hankison-koelelufttoerrer\/","title":{"rendered":"Worthington Rollair RLR 750 BM 6 500 T kompressor med Hankison k\u00f8leluftt\u00f8rrer"},"content":{"rendered":"<p><strong>Worthington Rollair RLR 750 BM 6 500 T kompressor med Hankison k\u00f8leluftt\u00f8rrer<\/strong><br \/>\nmed ca. 28.000 driftstimer<\/p>\n<p>Fuldautomatisk, internt r\u00f8rlagt og kablet kompakt system,<br \/>\net-trins olieindspr\u00f8jtet kompressor, luftk\u00f8let, lydd\u00e6mpet<\/p>\n<p>Driftstryk 10 bar<br \/>\nVolumenstr\u00f8m 40 m3\/time<br \/>\nEffekt 5,5 KW<br \/>\nKedel 500 liter<\/p>\n<p><a href=\"https:\/\/www.3p-gmbh.de\/wp-content\/uploads\/2021\/04\/ROLLAIR_550_2000_EN.pdf\">ROLLAIR_550_2000_DA<\/a><\/p>\n","protected":false},"excerpt":{"rendered":"<p>Worthington Rollair RLR 750 BM 6 500 T kompressor med Hankison k\u00f8leluftt\u00f8rrer med ca. 28.000 driftstimer Fuldautomatisk, internt r\u00f8rlagt og kablet kompakt system, et-trins olieindspr\u00f8jtet kompressor, luftk\u00f8let, lydd\u00e6mpet Driftstryk 10 bar Volumenstr\u00f8m 40 m3\/time Effekt 5,5 KW Kedel 500 liter ROLLAIR_550_2000_DA<\/p>\n","protected":false},"featured_media":106341,"template":"","meta":[],"product_brand":[],"product_cat":[3334],"product_tag":[],"class_list":{"0":"post-106340","1":"product","2":"type-product","3":"status-publish","4":"has-post-thumbnail","6":"product_cat-kompressorer-og-vakuumpumper","7":"pa_hersteller-worthington-creyssensac","8":"pa_typ-rollair-rlr-750-bm-6-500-t","10":"first","11":"instock","12":"taxable","13":"shipping-taxable","14":"product-type-simple"},"jetpack_sharing_enabled":true,"_links":{"self":[{"href":"https:\/\/www.3p-gmbh.de\/da\/wp-json\/wp\/v2\/product\/106340","targetHints":{"allow":["GET"]}}],"collection":[{"href":"https:\/\/www.3p-gmbh.de\/da\/wp-json\/wp\/v2\/product"}],"about":[{"href":"https:\/\/www.3p-gmbh.de\/da\/wp-json\/wp\/v2\/types\/product"}],"wp:featuredmedia":[{"embeddable":true,"href":"https:\/\/www.3p-gmbh.de\/da\/wp-json\/wp\/v2\/media\/106341"}],"wp:attachment":[{"href":"https:\/\/www.3p-gmbh.de\/da\/wp-json\/wp\/v2\/media?parent=106340"}],"wp:term":[{"taxonomy":"product_brand","embeddable":true,"href":"https:\/\/www.3p-gmbh.de\/da\/wp-json\/wp\/v2\/product_brand?post=106340"},{"taxonomy":"product_cat","embeddable":true,"href":"https:\/\/www.3p-gmbh.de\/da\/wp-json\/wp\/v2\/product_cat?post=106340"},{"taxonomy":"product_tag","embeddable":true,"href":"https:\/\/www.3p-gmbh.de\/da\/wp-json\/wp\/v2\/product_tag?post=106340"}],"curies":[{"name":"wp","href":"https:\/\/api.w.org\/{rel}","templated":true}]}}