{"id":106306,"date":"2021-04-22T10:21:47","date_gmt":"2021-04-22T10:21:47","guid":{"rendered":"https:\/\/www.3p-gmbh.de\/produkt\/wsk-1291-filmskaerer-til-skaering-af-varm-film\/"},"modified":"2021-04-22T10:21:47","modified_gmt":"2021-04-22T10:21:47","slug":"wsk-1291-filmskaerer-til-skaering-af-varm-film","status":"publish","type":"product","link":"https:\/\/www.3p-gmbh.de\/da\/produkt\/wsk-1291-filmskaerer-til-skaering-af-varm-film\/","title":{"rendered":"WSK 1291 filmsk\u00e6rer til sk\u00e6ring af varm film"},"content":{"rendered":"<p><strong>Filmsk\u00e6rer WSK 1291<\/strong><br \/>\ntil at sk\u00e6re pr\u00e6gefolier til<\/p>\n<p>med cirkul\u00e6r fr\u00e6ser<br \/>\nmax. Indsatsbredde ca. 76 cm<br \/>\nStr\u00f8mtilslutning 380 V<br \/>\n2 holdere til kerne med indvendig diameter 25 mm<\/p>\n","protected":false},"excerpt":{"rendered":"<p>Filmsk\u00e6rer WSK 1291 til at sk\u00e6re pr\u00e6gefolier til med cirkul\u00e6r fr\u00e6ser max. Indsatsbredde ca. 76 cm Str\u00f8mtilslutning 380 V 2 holdere til kerne med indvendig diameter 25 mm<\/p>\n","protected":false},"featured_media":106316,"template":"","meta":[],"product_brand":[],"product_cat":[3359],"product_tag":[],"class_list":{"0":"post-106306","1":"product","2":"type-product","3":"status-publish","4":"has-post-thumbnail","6":"product_cat-foliepakning-og-straekpakkemaskiner","7":"pa_hersteller-wsk","8":"pa_typ-2206","10":"first","11":"instock","12":"taxable","13":"shipping-taxable","14":"product-type-simple"},"jetpack_sharing_enabled":true,"_links":{"self":[{"href":"https:\/\/www.3p-gmbh.de\/da\/wp-json\/wp\/v2\/product\/106306","targetHints":{"allow":["GET"]}}],"collection":[{"href":"https:\/\/www.3p-gmbh.de\/da\/wp-json\/wp\/v2\/product"}],"about":[{"href":"https:\/\/www.3p-gmbh.de\/da\/wp-json\/wp\/v2\/types\/product"}],"wp:featuredmedia":[{"embeddable":true,"href":"https:\/\/www.3p-gmbh.de\/da\/wp-json\/wp\/v2\/media\/106316"}],"wp:attachment":[{"href":"https:\/\/www.3p-gmbh.de\/da\/wp-json\/wp\/v2\/media?parent=106306"}],"wp:term":[{"taxonomy":"product_brand","embeddable":true,"href":"https:\/\/www.3p-gmbh.de\/da\/wp-json\/wp\/v2\/product_brand?post=106306"},{"taxonomy":"product_cat","embeddable":true,"href":"https:\/\/www.3p-gmbh.de\/da\/wp-json\/wp\/v2\/product_cat?post=106306"},{"taxonomy":"product_tag","embeddable":true,"href":"https:\/\/www.3p-gmbh.de\/da\/wp-json\/wp\/v2\/product_tag?post=106306"}],"curies":[{"name":"wp","href":"https:\/\/api.w.org\/{rel}","templated":true}]}}