{"id":106187,"date":"2021-04-30T10:20:21","date_gmt":"2021-04-30T10:20:21","guid":{"rendered":"https:\/\/www.3p-gmbh.de\/produkt\/polar-mohr-beskyttelsesanordning-til-skaering-af-liner-isaer-bag-transomats\/"},"modified":"2021-04-30T10:20:21","modified_gmt":"2021-04-30T10:20:21","slug":"polar-mohr-beskyttelsesanordning-til-skaering-af-liner-isaer-bag-transomats","status":"publish","type":"product","link":"https:\/\/www.3p-gmbh.de\/da\/produkt\/polar-mohr-beskyttelsesanordning-til-skaering-af-liner-isaer-bag-transomats\/","title":{"rendered":"Polar Mohr-beskyttelsesanordning til sk\u00e6ring af liner, is\u00e6r bag Transomats"},"content":{"rendered":"<p><strong>Polar Mohr-beskyttelsesanordning til sk\u00e6ring af liner, is\u00e6r bag Transomats  <\/strong><\/p>\n<p>tilg\u00e6ngelige v\u00e6gelementer:<\/p>\n<p>1 element: h\u00f8jde 170 cm , bredde 100 cm<br \/>\n2 elementer: H\u00f8jde 170 cm, bredde 120 cm<br \/>\n2 elementer: h\u00f8jde 170 cm, bredde 150 cm<\/p>\n<p>5 elementer: H\u00f8jde 180 cm, bredde 150 cm<br \/>\n4 elementer: H\u00f8jde 180 cm, bredde 60 cm<\/p>\n","protected":false},"excerpt":{"rendered":"<p>Polar Mohr-beskyttelsesanordning til sk\u00e6ring af liner, is\u00e6r bag Transomats tilg\u00e6ngelige v\u00e6gelementer: 1 element: h\u00f8jde 170 cm , bredde 100 cm 2 elementer: H\u00f8jde 170 cm, bredde 120 cm 2 elementer: h\u00f8jde 170 cm, bredde 150 cm 5 elementer: H\u00f8jde 180 cm, bredde 150 cm 4 elementer: H\u00f8jde 180 cm, bredde 60 cm<\/p>\n","protected":false},"featured_media":106189,"template":"","meta":[],"product_brand":[],"product_cat":[3302],"product_tag":[],"class_list":{"0":"post-106187","1":"product","2":"type-product","3":"status-publish","4":"has-post-thumbnail","6":"product_cat-skaeremaskiner","7":"pa_hersteller-polar-mohr","9":"first","10":"instock","11":"taxable","12":"shipping-taxable","13":"product-type-simple"},"jetpack_sharing_enabled":true,"_links":{"self":[{"href":"https:\/\/www.3p-gmbh.de\/da\/wp-json\/wp\/v2\/product\/106187","targetHints":{"allow":["GET"]}}],"collection":[{"href":"https:\/\/www.3p-gmbh.de\/da\/wp-json\/wp\/v2\/product"}],"about":[{"href":"https:\/\/www.3p-gmbh.de\/da\/wp-json\/wp\/v2\/types\/product"}],"wp:featuredmedia":[{"embeddable":true,"href":"https:\/\/www.3p-gmbh.de\/da\/wp-json\/wp\/v2\/media\/106189"}],"wp:attachment":[{"href":"https:\/\/www.3p-gmbh.de\/da\/wp-json\/wp\/v2\/media?parent=106187"}],"wp:term":[{"taxonomy":"product_brand","embeddable":true,"href":"https:\/\/www.3p-gmbh.de\/da\/wp-json\/wp\/v2\/product_brand?post=106187"},{"taxonomy":"product_cat","embeddable":true,"href":"https:\/\/www.3p-gmbh.de\/da\/wp-json\/wp\/v2\/product_cat?post=106187"},{"taxonomy":"product_tag","embeddable":true,"href":"https:\/\/www.3p-gmbh.de\/da\/wp-json\/wp\/v2\/product_tag?post=106187"}],"curies":[{"name":"wp","href":"https:\/\/api.w.org\/{rel}","templated":true}]}}