{"id":106077,"date":"2021-06-14T21:59:22","date_gmt":"2021-06-14T21:59:22","guid":{"rendered":"https:\/\/www.3p-gmbh.de\/produkt\/fnp-elektrisk-foldbar-lavtrykspresse-sperr-lechner-splek-slf-ii-a-200-s\/"},"modified":"2021-06-14T21:59:22","modified_gmt":"2021-06-14T21:59:22","slug":"fnp-elektrisk-foldbar-lavtrykspresse-sperr-lechner-splek-slf-ii-a-200-s","status":"publish","type":"product","link":"https:\/\/www.3p-gmbh.de\/da\/produkt\/fnp-elektrisk-foldbar-lavtrykspresse-sperr-lechner-splek-slf-ii-a-200-s\/","title":{"rendered":"FNP elektrisk foldbar lavtrykspresse Sperr &amp; Lechner Splek SLF II A 200 S"},"content":{"rendered":"<p><strong>FNP elektrisk foldbar lavtrykspresse SLF II A 200<\/strong><br \/>\n<strong>bygget i 1981<\/strong><\/p>\n<p><strong><em>Beskrivelse:<\/em><\/strong><br \/>\nLavtrykspressen til falsning bruges til at presse falsen p\u00e5 bogryggen og har to pressestationer, der belastes skiftevis.<\/p>\n<p>Presseprocessen udl\u00f8ses af det pressede materiale via en elektrisk kontakt.<br \/>\nHver pressebj\u00e6lke har en fjederbelastet forpressestang, der forhindrer arkene i at springe op af bogblokken og garanterer en god presning af folden.<\/p>\n<p>Aktivering via trykknap med enkelt cyklus eller automatisk tryk via tidscyklus, timer justerbar 0-12 min.<\/p>\n<p><strong><em>Tekniske data:<\/em><\/strong><br \/>\nSt\u00f8rrelse p\u00e5 pressebj\u00e6lke: 380 x 40 mm<br \/>\nIndsatsens tykkelse: 90 mm<br \/>\nSlagl\u00e6ngde: 80 mm<br \/>\nTryktryk kan justeres op til maks. 3200 kg<br \/>\nPladsbehov: L 1100 x B 500 x H 1000 mm<\/p>\n","protected":false},"excerpt":{"rendered":"<p>FNP elektrisk foldbar lavtrykspresse SLF II A 200 bygget i 1981 Beskrivelse: Lavtrykspressen til falsning bruges til at presse falsen p\u00e5 bogryggen og har to pressestationer, der belastes skiftevis. Presseprocessen udl\u00f8ses af det pressede materiale via en elektrisk kontakt. Hver pressebj\u00e6lke har en fjederbelastet forpressestang, der forhindrer arkene i at springe op af bogblokken og [&hellip;]<\/p>\n","protected":false},"featured_media":106078,"template":"","meta":[],"product_brand":[],"product_cat":[3311],"product_tag":[],"class_list":{"0":"post-106077","1":"product","2":"type-product","3":"status-publish","4":"has-post-thumbnail","6":"product_cat-presser","7":"pa_hersteller-sperr-lechner","8":"pa_typ-splek-slf-ii-a-200-s","10":"first","11":"instock","12":"taxable","13":"shipping-taxable","14":"product-type-simple"},"jetpack_sharing_enabled":true,"_links":{"self":[{"href":"https:\/\/www.3p-gmbh.de\/da\/wp-json\/wp\/v2\/product\/106077","targetHints":{"allow":["GET"]}}],"collection":[{"href":"https:\/\/www.3p-gmbh.de\/da\/wp-json\/wp\/v2\/product"}],"about":[{"href":"https:\/\/www.3p-gmbh.de\/da\/wp-json\/wp\/v2\/types\/product"}],"wp:featuredmedia":[{"embeddable":true,"href":"https:\/\/www.3p-gmbh.de\/da\/wp-json\/wp\/v2\/media\/106078"}],"wp:attachment":[{"href":"https:\/\/www.3p-gmbh.de\/da\/wp-json\/wp\/v2\/media?parent=106077"}],"wp:term":[{"taxonomy":"product_brand","embeddable":true,"href":"https:\/\/www.3p-gmbh.de\/da\/wp-json\/wp\/v2\/product_brand?post=106077"},{"taxonomy":"product_cat","embeddable":true,"href":"https:\/\/www.3p-gmbh.de\/da\/wp-json\/wp\/v2\/product_cat?post=106077"},{"taxonomy":"product_tag","embeddable":true,"href":"https:\/\/www.3p-gmbh.de\/da\/wp-json\/wp\/v2\/product_tag?post=106077"}],"curies":[{"name":"wp","href":"https:\/\/api.w.org\/{rel}","templated":true}]}}