{"id":106004,"date":"2021-06-16T09:11:50","date_gmt":"2021-06-16T09:11:50","guid":{"rendered":"https:\/\/www.3p-gmbh.de\/produkt\/anvendelsesvinkel-til-papir-hoejhastighedsskaerer-lavet-af-stabil-hoejmolekylaer-teknisk-plast\/"},"modified":"2021-06-16T09:11:50","modified_gmt":"2021-06-16T09:11:50","slug":"anvendelsesvinkel-til-papir-hoejhastighedsskaerer-lavet-af-stabil-hoejmolekylaer-teknisk-plast","status":"publish","type":"product","link":"https:\/\/www.3p-gmbh.de\/da\/produkt\/anvendelsesvinkel-til-papir-hoejhastighedsskaerer-lavet-af-stabil-hoejmolekylaer-teknisk-plast\/","title":{"rendered":"Anvendelsesvinkel til papir &#8211; h\u00f8jhastighedssk\u00e6rer lavet af stabil h\u00f8jmolekyl\u00e6r teknisk plast"},"content":{"rendered":"<p><strong>Anvendelsesvinkel til papir &#8211; h\u00f8jhastighedssk\u00e6rer lavet af stabil h\u00f8jmolekyl\u00e6r teknisk plast<\/strong><\/p>\n<p>Fremstillet af stabil, h\u00f8jmolekyl\u00e6r teknisk plast<br \/>\ntil krav om stabilitet og vinkelrethed<br \/>\nmed udskiftelige kantlister<\/p>\n","protected":false},"excerpt":{"rendered":"<p>Anvendelsesvinkel til papir &#8211; h\u00f8jhastighedssk\u00e6rer lavet af stabil h\u00f8jmolekyl\u00e6r teknisk plast Fremstillet af stabil, h\u00f8jmolekyl\u00e6r teknisk plast til krav om stabilitet og vinkelrethed med udskiftelige kantlister<\/p>\n","protected":false},"featured_media":106006,"template":"","meta":[],"product_brand":[],"product_cat":[3302],"product_tag":[],"class_list":{"0":"post-106004","1":"product","2":"type-product","3":"status-publish","4":"has-post-thumbnail","6":"product_cat-skaeremaskiner","8":"first","9":"instock","10":"taxable","11":"shipping-taxable","12":"product-type-simple"},"jetpack_sharing_enabled":true,"_links":{"self":[{"href":"https:\/\/www.3p-gmbh.de\/da\/wp-json\/wp\/v2\/product\/106004","targetHints":{"allow":["GET"]}}],"collection":[{"href":"https:\/\/www.3p-gmbh.de\/da\/wp-json\/wp\/v2\/product"}],"about":[{"href":"https:\/\/www.3p-gmbh.de\/da\/wp-json\/wp\/v2\/types\/product"}],"wp:featuredmedia":[{"embeddable":true,"href":"https:\/\/www.3p-gmbh.de\/da\/wp-json\/wp\/v2\/media\/106006"}],"wp:attachment":[{"href":"https:\/\/www.3p-gmbh.de\/da\/wp-json\/wp\/v2\/media?parent=106004"}],"wp:term":[{"taxonomy":"product_brand","embeddable":true,"href":"https:\/\/www.3p-gmbh.de\/da\/wp-json\/wp\/v2\/product_brand?post=106004"},{"taxonomy":"product_cat","embeddable":true,"href":"https:\/\/www.3p-gmbh.de\/da\/wp-json\/wp\/v2\/product_cat?post=106004"},{"taxonomy":"product_tag","embeddable":true,"href":"https:\/\/www.3p-gmbh.de\/da\/wp-json\/wp\/v2\/product_tag?post=106004"}],"curies":[{"name":"wp","href":"https:\/\/api.w.org\/{rel}","templated":true}]}}