{"id":105918,"date":"2021-07-09T21:13:59","date_gmt":"2021-07-09T21:13:59","guid":{"rendered":"https:\/\/www.3p-gmbh.de\/produkt\/mr-3214-automatisk-etiketteringsmaskine-til-praecis-maerkning-af-produkttoppe\/"},"modified":"2021-07-09T21:13:59","modified_gmt":"2021-07-09T21:13:59","slug":"mr-3214-automatisk-etiketteringsmaskine-til-praecis-maerkning-af-produkttoppe","status":"publish","type":"product","link":"https:\/\/www.3p-gmbh.de\/da\/produkt\/mr-3214-automatisk-etiketteringsmaskine-til-praecis-maerkning-af-produkttoppe\/","title":{"rendered":"MR 3214 automatisk etiketteringsmaskine til pr\u00e6cis m\u00e6rkning af produkttoppe"},"content":{"rendered":"<p><strong>MR 3214 automatisk etiketteringsmaskine til pr\u00e6cis m\u00e6rkning af produkttoppe<\/strong><\/p>\n<p>med selvl\u00e6rende scanner og l\u00f8beb\u00e5nd<br \/>\ntil effektiv, n\u00f8jagtig og pr\u00e6cis m\u00e6rkning for det bedste produktudseende<\/p>\n","protected":false},"excerpt":{"rendered":"<p>MR 3214 automatisk etiketteringsmaskine til pr\u00e6cis m\u00e6rkning af produkttoppe med selvl\u00e6rende scanner og l\u00f8beb\u00e5nd til effektiv, n\u00f8jagtig og pr\u00e6cis m\u00e6rkning for det bedste produktudseende<\/p>\n","protected":false},"featured_media":105922,"template":"","meta":[],"product_brand":[],"product_cat":[3512],"product_tag":[],"class_list":{"0":"post-105918","1":"product","2":"type-product","3":"status-publish","4":"has-post-thumbnail","6":"product_cat-etiketter","7":"pa_typ-mr-3214","9":"first","10":"instock","11":"taxable","12":"shipping-taxable","13":"product-type-simple"},"jetpack_sharing_enabled":true,"_links":{"self":[{"href":"https:\/\/www.3p-gmbh.de\/da\/wp-json\/wp\/v2\/product\/105918","targetHints":{"allow":["GET"]}}],"collection":[{"href":"https:\/\/www.3p-gmbh.de\/da\/wp-json\/wp\/v2\/product"}],"about":[{"href":"https:\/\/www.3p-gmbh.de\/da\/wp-json\/wp\/v2\/types\/product"}],"wp:featuredmedia":[{"embeddable":true,"href":"https:\/\/www.3p-gmbh.de\/da\/wp-json\/wp\/v2\/media\/105922"}],"wp:attachment":[{"href":"https:\/\/www.3p-gmbh.de\/da\/wp-json\/wp\/v2\/media?parent=105918"}],"wp:term":[{"taxonomy":"product_brand","embeddable":true,"href":"https:\/\/www.3p-gmbh.de\/da\/wp-json\/wp\/v2\/product_brand?post=105918"},{"taxonomy":"product_cat","embeddable":true,"href":"https:\/\/www.3p-gmbh.de\/da\/wp-json\/wp\/v2\/product_cat?post=105918"},{"taxonomy":"product_tag","embeddable":true,"href":"https:\/\/www.3p-gmbh.de\/da\/wp-json\/wp\/v2\/product_tag?post=105918"}],"curies":[{"name":"wp","href":"https:\/\/api.w.org\/{rel}","templated":true}]}}