{"id":105682,"date":"2021-08-14T08:03:22","date_gmt":"2021-08-14T08:03:22","guid":{"rendered":"https:\/\/www.3p-gmbh.de\/produkt\/beck-kv-600-pneumatisk-aeskepakker-med-200-cm-indfoeringstransportoer\/"},"modified":"2021-08-14T08:03:22","modified_gmt":"2021-08-14T08:03:22","slug":"beck-kv-600-pneumatisk-aeskepakker-med-200-cm-indfoeringstransportoer","status":"publish","type":"product","link":"https:\/\/www.3p-gmbh.de\/da\/produkt\/beck-kv-600-pneumatisk-aeskepakker-med-200-cm-indfoeringstransportoer\/","title":{"rendered":"beck KV 600 pneumatisk \u00e6skepakker med 200 cm indf\u00f8ringstransport\u00f8r"},"content":{"rendered":"<p><strong>Fuldautomatisk bundtpakkemaskine fra beck Packautomaten &#8211; beck KV 600 pneumatisk kartonpakker med 200 cm indl\u00f8bsb\u00e5nd<\/strong><br \/>\n<strong>fra Bj. 2009<\/strong><\/p>\n<p>Krympeb\u00e5ndsmaskine med b\u00e5ndfremf\u00f8ring og svejsesystemer til afsk\u00e6ring og brede s\u00f8mme<br \/>\nbeck banderoleringsmaskiner &#8211; \u00e6gte allroundere til enkelt- og flerstyksenheder&#8230;<br \/>\nDe tilbyder p\u00e5lidelig emballage til enkelt- og flerstyksenheder i alle former og st\u00f8rrelser.<br \/>\nMed 2 ruller flad folie og 2 krydsforseglingsbev\u00e6gelser produceres en sleeve-emballage, der er \u00e5ben p\u00e5 ydersiden.<br \/>\nbeck banderoleringsmaskiner kan bruges b\u00e5de stand-alone og integreret i en produktionslinje, online eller med en opsamlings- og grupperingsstation.<br \/>\nUanset om det er til manuel eller automatisk fremf\u00f8ring, f\u00e5s beck banderoleringsmaskiner i forskellige arbejdsbredder og til forskellige produktionskrav.<br \/>\nMed alsidige anvendelsesmuligheder til krukker, d\u00e5ser, \u00e6sker, d\u00e5ser, produktstakke og produktpakker med og uden bakker.<\/p>\n<p><strong>Tekniske data:<\/strong><br \/>\nEmballagetype: foliehylster<br \/>\nPakkeydelse: op til 15 cyklusser\/min.<br \/>\nFormatomr\u00e5de: Gennemgangsbredde: 600 mm<br \/>\nGennemgangsh\u00f8jde, justerbar: 100 &#8211; 400 mm<\/p>\n","protected":false},"excerpt":{"rendered":"<p>Fuldautomatisk bundtpakkemaskine fra beck Packautomaten &#8211; beck KV 600 pneumatisk kartonpakker med 200 cm indl\u00f8bsb\u00e5nd fra Bj. 2009 Krympeb\u00e5ndsmaskine med b\u00e5ndfremf\u00f8ring og svejsesystemer til afsk\u00e6ring og brede s\u00f8mme beck banderoleringsmaskiner &#8211; \u00e6gte allroundere til enkelt- og flerstyksenheder&#8230; De tilbyder p\u00e5lidelig emballage til enkelt- og flerstyksenheder i alle former og st\u00f8rrelser. Med 2 ruller flad folie [&hellip;]<\/p>\n","protected":false},"featured_media":105686,"template":"","meta":[],"product_brand":[],"product_cat":[3359],"product_tag":[],"class_list":{"0":"post-105682","1":"product","2":"type-product","3":"status-publish","4":"has-post-thumbnail","6":"product_cat-foliepakning-og-straekpakkemaskiner","7":"pa_hersteller-beck","8":"pa_typ-kv-600","10":"first","11":"instock","12":"taxable","13":"shipping-taxable","14":"product-type-simple"},"jetpack_sharing_enabled":true,"_links":{"self":[{"href":"https:\/\/www.3p-gmbh.de\/da\/wp-json\/wp\/v2\/product\/105682","targetHints":{"allow":["GET"]}}],"collection":[{"href":"https:\/\/www.3p-gmbh.de\/da\/wp-json\/wp\/v2\/product"}],"about":[{"href":"https:\/\/www.3p-gmbh.de\/da\/wp-json\/wp\/v2\/types\/product"}],"wp:featuredmedia":[{"embeddable":true,"href":"https:\/\/www.3p-gmbh.de\/da\/wp-json\/wp\/v2\/media\/105686"}],"wp:attachment":[{"href":"https:\/\/www.3p-gmbh.de\/da\/wp-json\/wp\/v2\/media?parent=105682"}],"wp:term":[{"taxonomy":"product_brand","embeddable":true,"href":"https:\/\/www.3p-gmbh.de\/da\/wp-json\/wp\/v2\/product_brand?post=105682"},{"taxonomy":"product_cat","embeddable":true,"href":"https:\/\/www.3p-gmbh.de\/da\/wp-json\/wp\/v2\/product_cat?post=105682"},{"taxonomy":"product_tag","embeddable":true,"href":"https:\/\/www.3p-gmbh.de\/da\/wp-json\/wp\/v2\/product_tag?post=105682"}],"curies":[{"name":"wp","href":"https:\/\/api.w.org\/{rel}","templated":true}]}}