{"id":105672,"date":"2021-08-14T08:06:41","date_gmt":"2021-08-14T08:06:41","guid":{"rendered":"https:\/\/www.3p-gmbh.de\/produkt\/baandpapir-til-akebono-com-busch-bordbanderolering\/"},"modified":"2021-08-14T08:06:41","modified_gmt":"2021-08-14T08:06:41","slug":"baandpapir-til-akebono-com-busch-bordbanderolering","status":"publish","type":"product","link":"https:\/\/www.3p-gmbh.de\/da\/produkt\/baandpapir-til-akebono-com-busch-bordbanderolering\/","title":{"rendered":"B\u00e5ndpapir til Akebono, COM, Busch bordbanderolering"},"content":{"rendered":"<p><strong>B\u00e5ndpapir til Akebono, COM, Busch bordbanderolering<\/strong><\/p>\n<p>pr. pakke med 16 ruller<\/p>\n<p>B\u00e5ndpapir brun 1 mm hver med 7o mikron PE indvendig bel\u00e6gning<\/p>\n<ul>\n<li>Rullebredde 30 mm<\/li>\n<li>Rullel\u00e6ngde 150 meter<\/li>\n<li>Rullekerne 50 mm indvendig<\/li>\n<\/ul>\n<p>&nbsp;<\/p>\n","protected":false},"excerpt":{"rendered":"<p>B\u00e5ndpapir til Akebono, COM, Busch bordbanderolering pr. pakke med 16 ruller B\u00e5ndpapir brun 1 mm hver med 7o mikron PE indvendig bel\u00e6gning Rullebredde 30 mm Rullel\u00e6ngde 150 meter Rullekerne 50 mm indvendig &nbsp;<\/p>\n","protected":false},"featured_media":105675,"template":"","meta":[],"product_brand":[],"product_cat":[3307],"product_tag":[],"class_list":{"0":"post-105672","1":"product","2":"type-product","3":"status-publish","4":"has-post-thumbnail","6":"product_cat-banderoleringsmaskiner","8":"first","9":"instock","10":"taxable","11":"shipping-taxable","12":"product-type-simple"},"jetpack_sharing_enabled":true,"_links":{"self":[{"href":"https:\/\/www.3p-gmbh.de\/da\/wp-json\/wp\/v2\/product\/105672","targetHints":{"allow":["GET"]}}],"collection":[{"href":"https:\/\/www.3p-gmbh.de\/da\/wp-json\/wp\/v2\/product"}],"about":[{"href":"https:\/\/www.3p-gmbh.de\/da\/wp-json\/wp\/v2\/types\/product"}],"wp:featuredmedia":[{"embeddable":true,"href":"https:\/\/www.3p-gmbh.de\/da\/wp-json\/wp\/v2\/media\/105675"}],"wp:attachment":[{"href":"https:\/\/www.3p-gmbh.de\/da\/wp-json\/wp\/v2\/media?parent=105672"}],"wp:term":[{"taxonomy":"product_brand","embeddable":true,"href":"https:\/\/www.3p-gmbh.de\/da\/wp-json\/wp\/v2\/product_brand?post=105672"},{"taxonomy":"product_cat","embeddable":true,"href":"https:\/\/www.3p-gmbh.de\/da\/wp-json\/wp\/v2\/product_cat?post=105672"},{"taxonomy":"product_tag","embeddable":true,"href":"https:\/\/www.3p-gmbh.de\/da\/wp-json\/wp\/v2\/product_tag?post=105672"}],"curies":[{"name":"wp","href":"https:\/\/api.w.org\/{rel}","templated":true}]}}