{"id":105630,"date":"2021-08-14T08:11:34","date_gmt":"2021-08-14T08:11:34","guid":{"rendered":"https:\/\/www.3p-gmbh.de\/produkt\/stansevaerktoej-til-renz-dtp-340-og-renz-dtp-340-m-i-pitch-21-med-6-mm-rundt-hul\/"},"modified":"2021-08-14T08:11:34","modified_gmt":"2021-08-14T08:11:34","slug":"stansevaerktoej-til-renz-dtp-340-og-renz-dtp-340-m-i-pitch-21-med-6-mm-rundt-hul","status":"publish","type":"product","link":"https:\/\/www.3p-gmbh.de\/da\/produkt\/stansevaerktoej-til-renz-dtp-340-og-renz-dtp-340-m-i-pitch-21-med-6-mm-rundt-hul\/","title":{"rendered":"Stansev\u00e6rkt\u00f8j til Renz DTP 340 og Renz DTP 340 M i pitch 21 med 6 mm rundt hul"},"content":{"rendered":"<div><strong>  Stansev\u00e6rkt\u00f8j til Renz DTP 340 og Renz DTP 340 M<\/strong><\/div>\n<div><\/div>\n<div>  i 2:1 opdeling<\/div>\n<div>  med 6 mm rundt hul<\/div>\n","protected":false},"excerpt":{"rendered":"<p>Stansev\u00e6rkt\u00f8j til Renz DTP 340 og Renz DTP 340 M i 2:1 opdeling med 6 mm rundt hul<\/p>\n","protected":false},"featured_media":105631,"template":"","meta":[],"product_brand":[],"product_cat":[3300],"product_tag":[],"class_list":{"0":"post-105630","1":"product","2":"type-product","3":"status-publish","4":"has-post-thumbnail","6":"product_cat-stansning","8":"first","9":"instock","10":"taxable","11":"shipping-taxable","12":"product-type-simple"},"jetpack_sharing_enabled":true,"_links":{"self":[{"href":"https:\/\/www.3p-gmbh.de\/da\/wp-json\/wp\/v2\/product\/105630","targetHints":{"allow":["GET"]}}],"collection":[{"href":"https:\/\/www.3p-gmbh.de\/da\/wp-json\/wp\/v2\/product"}],"about":[{"href":"https:\/\/www.3p-gmbh.de\/da\/wp-json\/wp\/v2\/types\/product"}],"wp:featuredmedia":[{"embeddable":true,"href":"https:\/\/www.3p-gmbh.de\/da\/wp-json\/wp\/v2\/media\/105631"}],"wp:attachment":[{"href":"https:\/\/www.3p-gmbh.de\/da\/wp-json\/wp\/v2\/media?parent=105630"}],"wp:term":[{"taxonomy":"product_brand","embeddable":true,"href":"https:\/\/www.3p-gmbh.de\/da\/wp-json\/wp\/v2\/product_brand?post=105630"},{"taxonomy":"product_cat","embeddable":true,"href":"https:\/\/www.3p-gmbh.de\/da\/wp-json\/wp\/v2\/product_cat?post=105630"},{"taxonomy":"product_tag","embeddable":true,"href":"https:\/\/www.3p-gmbh.de\/da\/wp-json\/wp\/v2\/product_tag?post=105630"}],"curies":[{"name":"wp","href":"https:\/\/api.w.org\/{rel}","templated":true}]}}