{"id":105541,"date":"2021-08-14T08:16:08","date_gmt":"2021-08-14T08:16:08","guid":{"rendered":"https:\/\/www.3p-gmbh.de\/produkt\/polar-mohr-halvautomatisk-jogger-polar-r-2\/"},"modified":"2021-08-14T08:16:08","modified_gmt":"2021-08-14T08:16:08","slug":"polar-mohr-halvautomatisk-jogger-polar-r-2","status":"publish","type":"product","link":"https:\/\/www.3p-gmbh.de\/da\/produkt\/polar-mohr-halvautomatisk-jogger-polar-r-2\/","title":{"rendered":"Polar Mohr halvautomatisk jogger Polar R-2"},"content":{"rendered":"<p><strong>Halvautomatisk jogger Polar R 2<\/strong><br \/>\n<strong>Bj. 2001<\/strong>  &#8211; V\u00e6rksted kontrolleret ved levering, efterset og alle luftslanger udskiftet<\/p>\n<p>Formatomr\u00e5de (brugbar bordoverflade) 72 x 87 cm<br \/>\nBordh\u00f8jde (trinl\u00f8s justering) fra&#8230;til 86 til 95 cm<\/p>\n","protected":false},"excerpt":{"rendered":"<p>Halvautomatisk jogger Polar R 2 Bj. 2001 &#8211; V\u00e6rksted kontrolleret ved levering, efterset og alle luftslanger udskiftet Formatomr\u00e5de (brugbar bordoverflade) 72 x 87 cm Bordh\u00f8jde (trinl\u00f8s justering) fra&#8230;til 86 til 95 cm<\/p>\n","protected":false},"featured_media":105551,"template":"","meta":[],"product_brand":[],"product_cat":[3319],"product_tag":[],"class_list":{"0":"post-105541","1":"product","2":"type-product","3":"status-publish","4":"has-post-thumbnail","6":"product_cat-vibrerende-borde","7":"pa_hersteller-polar-mohr","8":"pa_typ-r-2","10":"first","11":"instock","12":"taxable","13":"shipping-taxable","14":"product-type-simple"},"jetpack_sharing_enabled":true,"_links":{"self":[{"href":"https:\/\/www.3p-gmbh.de\/da\/wp-json\/wp\/v2\/product\/105541","targetHints":{"allow":["GET"]}}],"collection":[{"href":"https:\/\/www.3p-gmbh.de\/da\/wp-json\/wp\/v2\/product"}],"about":[{"href":"https:\/\/www.3p-gmbh.de\/da\/wp-json\/wp\/v2\/types\/product"}],"wp:featuredmedia":[{"embeddable":true,"href":"https:\/\/www.3p-gmbh.de\/da\/wp-json\/wp\/v2\/media\/105551"}],"wp:attachment":[{"href":"https:\/\/www.3p-gmbh.de\/da\/wp-json\/wp\/v2\/media?parent=105541"}],"wp:term":[{"taxonomy":"product_brand","embeddable":true,"href":"https:\/\/www.3p-gmbh.de\/da\/wp-json\/wp\/v2\/product_brand?post=105541"},{"taxonomy":"product_cat","embeddable":true,"href":"https:\/\/www.3p-gmbh.de\/da\/wp-json\/wp\/v2\/product_cat?post=105541"},{"taxonomy":"product_tag","embeddable":true,"href":"https:\/\/www.3p-gmbh.de\/da\/wp-json\/wp\/v2\/product_tag?post=105541"}],"curies":[{"name":"wp","href":"https:\/\/api.w.org\/{rel}","templated":true}]}}