{"id":105423,"date":"2021-09-23T08:01:49","date_gmt":"2021-09-23T08:01:49","guid":{"rendered":"https:\/\/www.3p-gmbh.de\/produkt\/automatisk-levering-af-5-fold-bundter-palamides-delta-705-med-mbo-interface\/"},"modified":"2021-09-23T08:01:49","modified_gmt":"2021-09-23T08:01:49","slug":"automatisk-levering-af-5-fold-bundter-palamides-delta-705-med-mbo-interface","status":"publish","type":"product","link":"https:\/\/www.3p-gmbh.de\/da\/produkt\/automatisk-levering-af-5-fold-bundter-palamides-delta-705-med-mbo-interface\/","title":{"rendered":"Automatisk levering af 5-fold bundter Palamides delta 705 med MBO-interface"},"content":{"rendered":"<p><strong>Automatisk levering af 5-fold bundter Palamides delta 705 med MBO-interface<\/strong><br \/>\n<strong>Bygge\u00e5r 2015<\/strong><\/p>\n<p>\u00c5bningstid 5599<br \/>\nCyklust\u00e6ller 231.636<\/p>\n<p>Formatomr\u00e5de maks. 760x305mm, min. 110x95mm<br \/>\nArbejdsbredde 760 mm<\/p>\n<p>Banderolering med 5-fold 30 mm banderolering<\/p>\n<p>If\u00f8lge fakturaen har maskinen f\u00f8lgende udstyrsposter:<\/p>\n<p>01 M1151-04 Automatisk levering delta 705<br \/>\n02 01.00145 Parcel lift 700<br \/>\n03 01.00263 Bl\u00e6seluftanordning 705<br \/>\n04 01.00080 Enhed i lille format 705<br \/>\n05 01.00059 Stablingsniveau 70 mm \/ 38 mm<br \/>\n06 15.10000 DE Tysk sprogpakke<\/p>\n<p><a href=\"https:\/\/www.3p-gmbh.de\/wp-content\/uploads\/2021\/09\/20210916081818151.pdf\">20210916081818151<\/a><\/p>\n","protected":false},"excerpt":{"rendered":"<p>Automatisk levering af 5-fold bundter Palamides delta 705 med MBO-interface Bygge\u00e5r 2015 \u00c5bningstid 5599 Cyklust\u00e6ller 231.636 Formatomr\u00e5de maks. 760x305mm, min. 110x95mm Arbejdsbredde 760 mm Banderolering med 5-fold 30 mm banderolering If\u00f8lge fakturaen har maskinen f\u00f8lgende udstyrsposter: 01 M1151-04 Automatisk levering delta 705 02 01.00145 Parcel lift 700 03 01.00263 Bl\u00e6seluftanordning 705 04 01.00080 Enhed i [&hellip;]<\/p>\n","protected":false},"featured_media":105428,"template":"","meta":[],"product_brand":[],"product_cat":[3333],"product_tag":[],"class_list":{"0":"post-105423","1":"product","2":"type-product","3":"status-publish","4":"has-post-thumbnail","6":"product_cat-udgifter","7":"pa_hersteller-palamides","8":"pa_typ-delta-705","10":"first","11":"instock","12":"taxable","13":"shipping-taxable","14":"product-type-simple"},"jetpack_sharing_enabled":true,"_links":{"self":[{"href":"https:\/\/www.3p-gmbh.de\/da\/wp-json\/wp\/v2\/product\/105423","targetHints":{"allow":["GET"]}}],"collection":[{"href":"https:\/\/www.3p-gmbh.de\/da\/wp-json\/wp\/v2\/product"}],"about":[{"href":"https:\/\/www.3p-gmbh.de\/da\/wp-json\/wp\/v2\/types\/product"}],"wp:featuredmedia":[{"embeddable":true,"href":"https:\/\/www.3p-gmbh.de\/da\/wp-json\/wp\/v2\/media\/105428"}],"wp:attachment":[{"href":"https:\/\/www.3p-gmbh.de\/da\/wp-json\/wp\/v2\/media?parent=105423"}],"wp:term":[{"taxonomy":"product_brand","embeddable":true,"href":"https:\/\/www.3p-gmbh.de\/da\/wp-json\/wp\/v2\/product_brand?post=105423"},{"taxonomy":"product_cat","embeddable":true,"href":"https:\/\/www.3p-gmbh.de\/da\/wp-json\/wp\/v2\/product_cat?post=105423"},{"taxonomy":"product_tag","embeddable":true,"href":"https:\/\/www.3p-gmbh.de\/da\/wp-json\/wp\/v2\/product_tag?post=105423"}],"curies":[{"name":"wp","href":"https:\/\/api.w.org\/{rel}","templated":true}]}}