{"id":105374,"date":"2021-09-23T08:45:24","date_gmt":"2021-09-23T08:45:24","guid":{"rendered":"https:\/\/www.3p-gmbh.de\/produkt\/to-butler-1200-elektriske-palleloeftere\/"},"modified":"2021-09-23T08:45:24","modified_gmt":"2021-09-23T08:45:24","slug":"to-butler-1200-elektriske-palleloeftere","status":"publish","type":"product","link":"https:\/\/www.3p-gmbh.de\/da\/produkt\/to-butler-1200-elektriske-palleloeftere\/","title":{"rendered":"To Butler 1200 elektriske pallel\u00f8ftere"},"content":{"rendered":"<p><strong>Pallel\u00f8fter Butler 1200<\/strong><\/p>\n<p>2x fra Bj. 2000<\/p>\n<p>holder pallerne i den optimale arbejdsh\u00f8jde, og l\u00f8ft og s\u00e6nkning udf\u00f8res med tommelfingerknapper,<br \/>\nHjul g\u00f8r det nemt at transportere til arbejdspladsen<br \/>\nGaffell\u00e6ngde 1100 mm egnet til standard europaller<br \/>\nEgenv\u00e6gt: 330 kg<br \/>\nBelastningskapacitet: 1200 kg<br \/>\nL\u00f8fteh\u00f8jde: 1000 mm<br \/>\nStr\u00f8mforsyning: 380 V<br \/>\nTilg\u00e6ngelig 2 stk.<\/p>\n","protected":false},"excerpt":{"rendered":"<p>Pallel\u00f8fter Butler 1200 2x fra Bj. 2000 holder pallerne i den optimale arbejdsh\u00f8jde, og l\u00f8ft og s\u00e6nkning udf\u00f8res med tommelfingerknapper, Hjul g\u00f8r det nemt at transportere til arbejdspladsen Gaffell\u00e6ngde 1100 mm egnet til standard europaller Egenv\u00e6gt: 330 kg Belastningskapacitet: 1200 kg L\u00f8fteh\u00f8jde: 1000 mm Str\u00f8mforsyning: 380 V Tilg\u00e6ngelig 2 stk.<\/p>\n","protected":false},"featured_media":105375,"template":"","meta":[],"product_brand":[],"product_cat":[3320],"product_tag":[],"class_list":{"0":"post-105374","1":"product","2":"type-product","3":"status-publish","4":"has-post-thumbnail","6":"product_cat-stableloeftere-og-stableloeftere","7":"pa_hersteller-butler","8":"pa_typ-1898","10":"first","11":"instock","12":"taxable","13":"shipping-taxable","14":"product-type-simple"},"jetpack_sharing_enabled":true,"_links":{"self":[{"href":"https:\/\/www.3p-gmbh.de\/da\/wp-json\/wp\/v2\/product\/105374","targetHints":{"allow":["GET"]}}],"collection":[{"href":"https:\/\/www.3p-gmbh.de\/da\/wp-json\/wp\/v2\/product"}],"about":[{"href":"https:\/\/www.3p-gmbh.de\/da\/wp-json\/wp\/v2\/types\/product"}],"wp:featuredmedia":[{"embeddable":true,"href":"https:\/\/www.3p-gmbh.de\/da\/wp-json\/wp\/v2\/media\/105375"}],"wp:attachment":[{"href":"https:\/\/www.3p-gmbh.de\/da\/wp-json\/wp\/v2\/media?parent=105374"}],"wp:term":[{"taxonomy":"product_brand","embeddable":true,"href":"https:\/\/www.3p-gmbh.de\/da\/wp-json\/wp\/v2\/product_brand?post=105374"},{"taxonomy":"product_cat","embeddable":true,"href":"https:\/\/www.3p-gmbh.de\/da\/wp-json\/wp\/v2\/product_cat?post=105374"},{"taxonomy":"product_tag","embeddable":true,"href":"https:\/\/www.3p-gmbh.de\/da\/wp-json\/wp\/v2\/product_tag?post=105374"}],"curies":[{"name":"wp","href":"https:\/\/api.w.org\/{rel}","templated":true}]}}