{"id":104678,"date":"2021-10-15T21:24:09","date_gmt":"2021-10-15T21:24:09","guid":{"rendered":"https:\/\/www.3p-gmbh.de\/produkt\/indsaetningsstrimler-til-vacuumatic-strip-inserter-model-cuti-og-cuti-2-indsaetningsstrimler-brun\/"},"modified":"2021-10-15T21:24:09","modified_gmt":"2021-10-15T21:24:09","slug":"indsaetningsstrimler-til-vacuumatic-strip-inserter-model-cuti-og-cuti-2-indsaetningsstrimler-brun","status":"publish","type":"product","link":"https:\/\/www.3p-gmbh.de\/da\/produkt\/indsaetningsstrimler-til-vacuumatic-strip-inserter-model-cuti-og-cuti-2-indsaetningsstrimler-brun\/","title":{"rendered":"Inds\u00e6tningsstrimler til Vacuumatic strip inserter model CUTI og Cuti 2 inds\u00e6tningsstrimler (brun)"},"content":{"rendered":"<p><strong>Inds\u00e6tningsstrimler til Vacuumatic strimmelinds\u00e6tter model CUTI og Cuti 2 <\/strong><strong>Inds\u00e6tningsstrimler (brun)<\/strong><\/p>\n<p>Papir 185 g\/m\u00b2<br \/>\nB: 13mm L: 110-115m lang Ydre diameter, maks. 215 mm<br \/>\nHylster \u00d8 76mm<\/p>\n","protected":false},"excerpt":{"rendered":"<p>Inds\u00e6tningsstrimler til Vacuumatic strimmelinds\u00e6tter model CUTI og Cuti 2 Inds\u00e6tningsstrimler (brun) Papir 185 g\/m\u00b2 B: 13mm L: 110-115m lang Ydre diameter, maks. 215 mm Hylster \u00d8 76mm<\/p>\n","protected":false},"featured_media":104681,"template":"","meta":[],"product_brand":[],"product_cat":[3527],"product_tag":[],"class_list":{"0":"post-104678","1":"product","2":"type-product","3":"status-publish","4":"has-post-thumbnail","6":"product_cat-papirtaellemaskiner","8":"first","9":"instock","10":"taxable","11":"shipping-taxable","12":"product-type-simple"},"jetpack_sharing_enabled":true,"_links":{"self":[{"href":"https:\/\/www.3p-gmbh.de\/da\/wp-json\/wp\/v2\/product\/104678","targetHints":{"allow":["GET"]}}],"collection":[{"href":"https:\/\/www.3p-gmbh.de\/da\/wp-json\/wp\/v2\/product"}],"about":[{"href":"https:\/\/www.3p-gmbh.de\/da\/wp-json\/wp\/v2\/types\/product"}],"wp:featuredmedia":[{"embeddable":true,"href":"https:\/\/www.3p-gmbh.de\/da\/wp-json\/wp\/v2\/media\/104681"}],"wp:attachment":[{"href":"https:\/\/www.3p-gmbh.de\/da\/wp-json\/wp\/v2\/media?parent=104678"}],"wp:term":[{"taxonomy":"product_brand","embeddable":true,"href":"https:\/\/www.3p-gmbh.de\/da\/wp-json\/wp\/v2\/product_brand?post=104678"},{"taxonomy":"product_cat","embeddable":true,"href":"https:\/\/www.3p-gmbh.de\/da\/wp-json\/wp\/v2\/product_cat?post=104678"},{"taxonomy":"product_tag","embeddable":true,"href":"https:\/\/www.3p-gmbh.de\/da\/wp-json\/wp\/v2\/product_tag?post=104678"}],"curies":[{"name":"wp","href":"https:\/\/api.w.org\/{rel}","templated":true}]}}